{"id":2083,"date":"2022-11-30T13:04:08","date_gmt":"2022-11-30T12:04:08","guid":{"rendered":"https:\/\/www.klumpp.com\/historique\/"},"modified":"2026-05-07T12:22:32","modified_gmt":"2026-05-07T10:22:32","slug":"historique","status":"publish","type":"page","link":"https:\/\/www.klumpp.com\/fr\/historique\/","title":{"rendered":"Historique"},"content":{"rendered":"\n<div class=\"et_pb_section_0 et_pb_section et_section_regular et_block_section\" id=\"page-hero\"><div class=\"et_pb_row_0 et_pb_row et_block_row\"><div class=\"et_pb_column_0 et_pb_column et_pb_column_2_5 et_block_column et_pb_css_mix_blend_mode_passthrough\"><div class=\"et_pb_code_0 et_pb_code et_pb_module\"><\/div><div class=\"et_pb_text_0 et_pb_text et_pb_bg_layout_light et_pb_module et_block_module\"><div class=\"et_pb_text_inner\"><p>Logistique<\/p>\n<\/div><\/div><div class=\"et_pb_text_1 et_pb_text et_pb_bg_layout_light et_pb_module et_block_module\"><div class=\"et_pb_text_inner\"><h1>Historique<br \/>\n<span>Success story Klumpp + M\u00fcller \u00e0 Kehl, la satisfaction du client depuis 1953<\/span><\/h1>\n<\/div><\/div><div class=\"et_pb_module et_pb_button_module_wrapper et_pb_button_0_wrapper\"><a class=\"et_pb_button_0 et_pb_button et_pb_bg_layout_light et_pb_module et_block_module\" href=\"#historie\">En savoir plus<\/a><\/div><\/div><div class=\"et_pb_column_1 et_pb_column et_pb_column_3_5 et-last-child et_block_column et_pb_column_empty et_pb_css_mix_blend_mode_passthrough\"><\/div><\/div><div class=\"et_pb_row_1 et_pb_row et_block_row\"><div class=\"et_pb_column_2 et_pb_column et_pb_column_4_4 et-last-child et_block_column et_pb_css_mix_blend_mode_passthrough\"><div class=\"et_pb_code_1 et_pb_code et_pb_module\"><\/div><\/div><\/div><\/div><div class=\"et_pb_section_1 et_pb_section et_section_regular et_block_section\"><div class=\"et_pb_row_2 et_pb_row et_pb_equal_columns et_block_row\"><div class=\"et_pb_column_3 et_pb_column et_pb_column_1_2 et_block_column et_pb_css_mix_blend_mode_passthrough\"><div class=\"et_pb_text_2 et_pb_text et_pb_bg_layout_light et_pb_module et_block_module\"><div class=\"et_pb_text_inner\"><p class=\"pre-heading\">Entreprise<\/p>\n<h2>Une exp\u00e9rience r\u00e9ussie.<br \/>1953 \u00e0 aujourd'hui.<\/h2>\n<\/div><\/div><\/div><div class=\"et_pb_column_4 et_pb_column et_pb_column_1_2 et-last-child et_block_column et_pb_css_mix_blend_mode_passthrough\"><div class=\"et_pb_text_3 et_pb_text et_pb_bg_layout_light et_pb_module et_block_module\"><div class=\"et_pb_text_inner\"><p>Notre mission depuis toujours est de transporter du fret de A \u00e0 B de mani\u00e8re efficace et s\u00fbre. Tout a commenc\u00e9 au milieu des ann\u00e9es cinquante \u00e0 Wolfach et St. Georgen en For\u00eat-Noire.<\/p>\n<\/div><\/div><div class=\"et_pb_module et_pb_button_module_wrapper et_pb_button_1_wrapper\"><a class=\"et_pb_button_1 et_pb_button et_pb_bg_layout_light et_pb_module et_block_module\" href=\"https:\/\/www.klumpp.com\/fr\/unternehmen\/\">en savoir plus sur Klumpp + M\u00fcller<\/a><\/div><\/div><\/div><\/div><div class=\"et_pb_section_2 et_pb_section et_section_regular et_block_section\" id=\"historie\"><div class=\"et_pb_row_3 et_pb_row et_block_row\"><div class=\"et_pb_column_5 et_pb_column et_pb_column_4_4 et-last-child et_block_column et_pb_css_mix_blend_mode_passthrough\"><div class=\"et_pb_code_2 et_pb_code et_pb_module\"><div class=\"et_pb_code_inner\"><div id=\"vue-wordpress-app-bfaee068-2f00-4155-af0a-9d6ffe366b67\" data-app-url=\"https:\/\/www.klumpp.com\" data-fcaptcha-sitekey=\"FCMHA65IB5EOLSTM\" data-component=\"history-section\" data-0=\"0=&quot;0=&quot;historysection=&quot;{&quot;style&quot;:[&quot;history-section--single-row&quot;]}&quot;&quot;&quot;\" data-lang=\"fr\"><\/div><\/div><\/div><\/div><\/div><\/div>\n","protected":false},"excerpt":{"rendered":"","protected":false},"author":1,"featured_media":895,"parent":0,"menu_order":0,"comment_status":"closed","ping_status":"closed","template":"","meta":{"_acf_changed":false,"inline_featured_image":false,"footnotes":""},"categories":[],"tags":[],"service_type":[],"class_list":["post-2083","page","type-page","status-publish","has-post-thumbnail","hentry"],"acf":[],"tag_names":[],"category_names":[],"thumbnail":"https:\/\/klumpp-19a5a.kxcdn.com\/wp-content\/uploads\/2023\/03\/kopfmedia-klumpp-mueller-historie-1966-650px-min.webp","_links":{"self":[{"href":"https:\/\/www.klumpp.com\/fr\/wp-json\/wp\/v2\/pages\/2083","targetHints":{"allow":["GET"]}}],"collection":[{"href":"https:\/\/www.klumpp.com\/fr\/wp-json\/wp\/v2\/pages"}],"about":[{"href":"https:\/\/www.klumpp.com\/fr\/wp-json\/wp\/v2\/types\/page"}],"author":[{"embeddable":true,"href":"https:\/\/www.klumpp.com\/fr\/wp-json\/wp\/v2\/users\/1"}],"replies":[{"embeddable":true,"href":"https:\/\/www.klumpp.com\/fr\/wp-json\/wp\/v2\/comments?post=2083"}],"version-history":[{"count":24,"href":"https:\/\/www.klumpp.com\/fr\/wp-json\/wp\/v2\/pages\/2083\/revisions"}],"predecessor-version":[{"id":10034,"href":"https:\/\/www.klumpp.com\/fr\/wp-json\/wp\/v2\/pages\/2083\/revisions\/10034"}],"wp:featuredmedia":[{"embeddable":true,"href":"https:\/\/www.klumpp.com\/fr\/wp-json\/wp\/v2\/media\/895"}],"wp:attachment":[{"href":"https:\/\/www.klumpp.com\/fr\/wp-json\/wp\/v2\/media?parent=2083"}],"wp:term":[{"taxonomy":"category","embeddable":true,"href":"https:\/\/www.klumpp.com\/fr\/wp-json\/wp\/v2\/categories?post=2083"},{"taxonomy":"post_tag","embeddable":true,"href":"https:\/\/www.klumpp.com\/fr\/wp-json\/wp\/v2\/tags?post=2083"},{"taxonomy":"service_type","embeddable":true,"href":"https:\/\/www.klumpp.com\/fr\/wp-json\/wp\/v2\/service_type?post=2083"}],"curies":[{"name":"wp","href":"https:\/\/api.w.org\/{rel}","templated":true}]}}