{"id":2071,"date":"2022-11-29T10:19:41","date_gmt":"2022-11-29T09:19:41","guid":{"rendered":"https:\/\/www.klumpp.com\/actualites\/"},"modified":"2024-03-06T13:01:23","modified_gmt":"2024-03-06T12:01:23","slug":"actualites","status":"publish","type":"page","link":"https:\/\/www.klumpp.com\/fr\/actualites\/","title":{"rendered":"Actualit\u00e9s"},"content":{"rendered":"<p>[et_pb_section fb_built=&#8221;1&#8243; module_id=&#8221;page-hero&#8221; _builder_version=&#8221;4.20.0&#8243; _module_preset=&#8221;default&#8221; use_background_color_gradient=&#8221;on&#8221; background_color_gradient_stops=&#8221;rgba(0,0,0,0.2) 0%|rgba(0,0,0,0.2) 100%&#8221; background_color_gradient_overlays_image=&#8221;on&#8221; background_image=&#8221;https:\/\/klumpp-19a5a.kxcdn.com\/wp-content\/uploads\/2023\/03\/kopfmedia-klumpp-mueller-header-2000px-2.webp&#8221; height=&#8221;750px&#8221; max_height=&#8221;90vh&#8221; custom_margin=&#8221;0px||0px||false|false&#8221; custom_padding=&#8221;0px||0px||false|false&#8221; global_colors_info=&#8221;{}&#8221;][et_pb_row column_structure=&#8221;2_5,3_5&#8243; _builder_version=&#8221;4.19.2&#8243; _module_preset=&#8221;default&#8221; width=&#8221;90%&#8221; max_width=&#8221;2000px&#8221; custom_margin=&#8221;|auto|100px|auto||&#8221; global_colors_info=&#8221;{}&#8221; max_width__hover_enabled=&#8221;on|desktop&#8221; max_width__hover=&#8221;2000px&#8221;][et_pb_column type=&#8221;2_5&#8243; _builder_version=&#8221;4.19.2&#8243; _module_preset=&#8221;default&#8221; global_colors_info=&#8221;{}&#8221;][et_pb_code _builder_version=&#8221;4.19.2&#8243; _module_preset=&#8221;default&#8221; global_colors_info=&#8221;{}&#8221;][\/et_pb_code][et_pb_text _builder_version=&#8221;4.19.2&#8243; _module_preset=&#8221;default&#8221; text_text_color=&#8221;#FFFFFF&#8221; header_text_color=&#8221;#FFFFFF&#8221; custom_margin=&#8221;||20px||false|false&#8221; global_colors_info=&#8221;{}&#8221;]<\/p>\n<p><span>Actualit\u00e9s<\/span><\/p>\n<p>[\/et_pb_text][et_pb_text _builder_version=&#8221;4.23.1&#8243; _module_preset=&#8221;default&#8221; header_text_color=&#8221;#FFFFFF&#8221; global_colors_info=&#8221;{}&#8221;]<\/p>\n<h1>Actualit\u00e9s<br \/>\n<span>D\u00e9couvrez les derni\u00e8res mises \u00e0 jour de l&#8217;entreprise Klumpp + M\u00fcller de Kehl<\/span><\/h1>\n<p>[\/et_pb_text][et_pb_button button_text=&#8221;En savoir plus&#8221; _builder_version=&#8221;4.19.2&#8243; _module_preset=&#8221;default&#8221; custom_button=&#8221;on&#8221; button_text_color=&#8221;#FFFFFF&#8221; button_border_radius=&#8221;30px&#8221; global_colors_info=&#8221;{}&#8221;][\/et_pb_button][\/et_pb_column][et_pb_column type=&#8221;3_5&#8243; _builder_version=&#8221;4.19.2&#8243; _module_preset=&#8221;default&#8221; global_colors_info=&#8221;{}&#8221;][\/et_pb_column][\/et_pb_row][et_pb_row disabled_on=&#8221;on|on|off&#8221; _builder_version=&#8221;4.19.2&#8243; _module_preset=&#8221;default&#8221; width=&#8221;90%&#8221; max_width=&#8221;2000px&#8221; custom_margin=&#8221;100px|auto|0px|auto|false|false&#8221; custom_padding=&#8221;0px||0px||false|false&#8221; global_colors_info=&#8221;{}&#8221;][et_pb_column type=&#8221;4_4&#8243; _builder_version=&#8221;4.19.2&#8243; _module_preset=&#8221;default&#8221; global_colors_info=&#8221;{}&#8221;][et_pb_code _builder_version=&#8221;4.21.0&#8243; _module_preset=&#8221;default&#8221; min_height=&#8221;50px&#8221; global_colors_info=&#8221;{}&#8221;][\/et_pb_code][\/et_pb_column][\/et_pb_row][\/et_pb_section][et_pb_section fb_built=&#8221;1&#8243; _builder_version=&#8221;4.19.2&#8243; _module_preset=&#8221;default&#8221; background_color=&#8221;RGBA(255,255,255,0)&#8221; global_colors_info=&#8221;{}&#8221;][et_pb_row column_structure=&#8221;2_5,3_5&#8243; _builder_version=&#8221;4.19.2&#8243; _module_preset=&#8221;default&#8221; global_colors_info=&#8221;{}&#8221;][et_pb_column type=&#8221;2_5&#8243; _builder_version=&#8221;4.19.2&#8243; _module_preset=&#8221;default&#8221; global_colors_info=&#8221;{}&#8221;][et_pb_text _builder_version=&#8221;4.19.2&#8243; _module_preset=&#8221;default&#8221; global_colors_info=&#8221;{}&#8221;]<\/p>\n<p class=\"pre-heading\">Actualit\u00e9s<\/p>\n<h2>Th\u00e8mes actuels <br \/> chez Klumpp + M\u00fcller<\/h2>\n<p>[\/et_pb_text][\/et_pb_column][et_pb_column type=&#8221;3_5&#8243; _builder_version=&#8221;4.19.2&#8243; _module_preset=&#8221;default&#8221; global_colors_info=&#8221;{}&#8221;][\/et_pb_column][\/et_pb_row][et_pb_row _builder_version=&#8221;4.19.2&#8243; _module_preset=&#8221;default&#8221; width_tablet=&#8221;&#8221; width_phone=&#8221;100%&#8221; width_last_edited=&#8221;on|phone&#8221; global_colors_info=&#8221;{}&#8221;][et_pb_column type=&#8221;4_4&#8243; _builder_version=&#8221;4.19.2&#8243; _module_preset=&#8221;default&#8221; global_colors_info=&#8221;{}&#8221;][et_pb_code _builder_version=&#8221;4.21.0&#8243; _module_preset=&#8221;default&#8221; global_colors_info=&#8221;{}&#8221;]<div class=\"card-slider\">    <div>\r\n        <div class=\"card-slide not-selected-slide\">\r\n            <div class=\"card-overlay\">\r\n                <div class=\"card-text\">\r\n                    <a href=\"https:\/\/www.klumpp.com\/fr\/cargotime-02-2025-le-magazine-client-de-cargoline\/\">\r\n                        <p class='pre-heading'>\r\n                            CargoTime                        <\/p>\r\n                        <h3>CargoTime 02\/2025, le magazine client de CargoLine<\/h3>                    <\/a>\r\n                <\/div>\r\n                <a class=\"btn-pill\" href=\"https:\/\/www.klumpp.com\/fr\/cargotime-02-2025-le-magazine-client-de-cargoline\/\">\r\n                    learn more                <\/a>\r\n            <\/div>\r\n\r\n                            <img decoding=\"async\" src=\"https:\/\/klumpp-19a5a.kxcdn.com\/wp-content\/uploads\/2025\/12\/cargotime-02-20225-768x1086.webp\"\r\n                    alt=\"\" \/>\r\n                    <\/div>\r\n    <\/div>\r\n        <div>\r\n        <div class=\"card-slide not-selected-slide\">\r\n            <div class=\"card-overlay\">\r\n                <div class=\"card-text\">\r\n                    <a href=\"https:\/\/www.klumpp.com\/fr\/le-portail-client-cepra-desormais-disponible-sous-forme-dapplication\/\">\r\n                        <p class='pre-heading'>\r\n                            CargoLine                        <\/p>\r\n                        <h3>Le portail client Cepra d\u00e9sormais disponible sous forme d&#8217;application !<\/h3>                    <\/a>\r\n                <\/div>\r\n                <a class=\"btn-pill\" href=\"https:\/\/www.klumpp.com\/fr\/le-portail-client-cepra-desormais-disponible-sous-forme-dapplication\/\">\r\n                    learn more                <\/a>\r\n            <\/div>\r\n\r\n                            <img decoding=\"async\" src=\"https:\/\/klumpp-19a5a.kxcdn.com\/wp-content\/uploads\/2025\/06\/CargoLine_Cepra_Kunden-App2-1-768x554.webp\"\r\n                    alt=\"\" \/>\r\n                    <\/div>\r\n    <\/div>\r\n        <div>\r\n        <div class=\"card-slide not-selected-slide\">\r\n            <div class=\"card-overlay\">\r\n                <div class=\"card-text\">\r\n                    <a href=\"https:\/\/www.klumpp.com\/fr\/cargotime-01-2025\/\">\r\n                        <p class='pre-heading'>\r\n                            CargoTime                        <\/p>\r\n                        <h3>CargoTime 01\/2025<\/h3>                    <\/a>\r\n                <\/div>\r\n                <a class=\"btn-pill\" href=\"https:\/\/www.klumpp.com\/fr\/cargotime-01-2025\/\">\r\n                    learn more                <\/a>\r\n            <\/div>\r\n\r\n                            <img decoding=\"async\" src=\"https:\/\/klumpp-19a5a.kxcdn.com\/wp-content\/uploads\/2025\/06\/CargoTime-1-2025-Titelbild-768x1091.webp\"\r\n                    alt=\"\" \/>\r\n                    <\/div>\r\n    <\/div>\r\n        <div>\r\n        <div class=\"card-slide not-selected-slide\">\r\n            <div class=\"card-overlay\">\r\n                <div class=\"card-text\">\r\n                    <a href=\"https:\/\/www.klumpp.com\/fr\/partenariat-entre-sievert-logistik-klumpp-amp-mueller-et-leuro-terminal-de-kehl\/\">\r\n                        <p class='pre-heading'>\r\n                            Durabilit\u00e9                        <\/p>\r\n                        <h3>Partenariat entre Sievert Logistik, Klumpp &amp;amp ; M\u00fcller et l&#8217;Euro-Terminal de Kehl<\/h3>                    <\/a>\r\n                <\/div>\r\n                <a class=\"btn-pill\" href=\"https:\/\/www.klumpp.com\/fr\/partenariat-entre-sievert-logistik-klumpp-amp-mueller-et-leuro-terminal-de-kehl\/\">\r\n                    learn more                <\/a>\r\n            <\/div>\r\n\r\n                            <img decoding=\"async\" src=\"https:\/\/klumpp-19a5a.kxcdn.com\/wp-content\/uploads\/2025\/02\/kopfmedia_etk_sievert_logistik_2000px-42861-768x512.webp\"\r\n                    alt=\"Sievert, Klumpp + M\u00fcller &amp; ETK Partnerschaft\" \/>\r\n                    <\/div>\r\n    <\/div>\r\n        <div>\r\n        <div class=\"card-slide not-selected-slide\">\r\n            <div class=\"card-overlay\">\r\n                <div class=\"card-text\">\r\n                    <a href=\"https:\/\/www.klumpp.com\/fr\/electromobilite-et-trimodalite-lavenir-de-la-logistique-avec-klumpp-mueller\/\">\r\n                        <p class='pre-heading'>\r\n                            Nachhaltigkeit                        <\/p>\r\n                        <h3>Electromobilit\u00e9 et trimodalit\u00e9 : l&#8217;avenir de la logistique avec Klumpp + M\u00fcller<\/h3>                    <\/a>\r\n                <\/div>\r\n                <a class=\"btn-pill\" href=\"https:\/\/www.klumpp.com\/fr\/electromobilite-et-trimodalite-lavenir-de-la-logistique-avec-klumpp-mueller\/\">\r\n                    learn more                <\/a>\r\n            <\/div>\r\n\r\n                            <img decoding=\"async\" src=\"https:\/\/klumpp-19a5a.kxcdn.com\/wp-content\/uploads\/2024\/03\/kopfmedia_klumpp_e-lkw_schwarzwald-17-768x405.webp\"\r\n                    alt=\"\" \/>\r\n                    <\/div>\r\n    <\/div>\r\n        <div>\r\n        <div class=\"card-slide not-selected-slide\">\r\n            <div class=\"card-overlay\">\r\n                <div class=\"card-text\">\r\n                    <a href=\"https:\/\/www.klumpp.com\/fr\/cargotime-02-2024-le-magazine-des-clients-de-cargoline\/\">\r\n                        <p class='pre-heading'>\r\n                            CargoTime                        <\/p>\r\n                        <h3>CargoTime 02\/2024<\/h3>                    <\/a>\r\n                <\/div>\r\n                <a class=\"btn-pill\" href=\"https:\/\/www.klumpp.com\/fr\/cargotime-02-2024-le-magazine-des-clients-de-cargoline\/\">\r\n                    learn more                <\/a>\r\n            <\/div>\r\n\r\n                            <img decoding=\"async\" src=\"https:\/\/klumpp-19a5a.kxcdn.com\/wp-content\/uploads\/2024\/12\/CargoTime_2-24-2-titel-bild-768x1043.webp\"\r\n                    alt=\"\" \/>\r\n                    <\/div>\r\n    <\/div>\r\n        <div>\r\n        <div class=\"card-slide not-selected-slide\">\r\n            <div class=\"card-overlay\">\r\n                <div class=\"card-text\">\r\n                    <a href=\"https:\/\/www.klumpp.com\/fr\/cargotime-01-2024\/\">\r\n                        <p class='pre-heading'>\r\n                            CargoTime                        <\/p>\r\n                        <h3>CargoTime 01 \/ 2024<\/h3>                    <\/a>\r\n                <\/div>\r\n                <a class=\"btn-pill\" href=\"https:\/\/www.klumpp.com\/fr\/cargotime-01-2024\/\">\r\n                    learn more                <\/a>\r\n            <\/div>\r\n\r\n                            <img decoding=\"async\" src=\"https:\/\/klumpp-19a5a.kxcdn.com\/wp-content\/uploads\/2024\/09\/CargoTime_1-24_D-3-bilder-0-768x1086.jpg\"\r\n                    alt=\"\" \/>\r\n                    <\/div>\r\n    <\/div>\r\n        <div>\r\n        <div class=\"card-slide not-selected-slide\">\r\n            <div class=\"card-overlay\">\r\n                <div class=\"card-text\">\r\n                    <a href=\"https:\/\/www.klumpp.com\/fr\/cargotime-02-2023\/\">\r\n                        <p class='pre-heading'>\r\n                            CargoTime                        <\/p>\r\n                        <h3>CargoTime 02 \/ 2023<\/h3>                    <\/a>\r\n                <\/div>\r\n                <a class=\"btn-pill\" href=\"https:\/\/www.klumpp.com\/fr\/cargotime-02-2023\/\">\r\n                    learn more                <\/a>\r\n            <\/div>\r\n\r\n                            <img decoding=\"async\" src=\"https:\/\/klumpp-19a5a.kxcdn.com\/wp-content\/uploads\/2024\/02\/kopfmedia_klumpp_mueller_cargotime_23_01-768x768.webp\"\r\n                    alt=\"cargotime zeitschrif - klumpp m\u00fcller kehl\" \/>\r\n                    <\/div>\r\n    <\/div>\r\n        <div>\r\n        <div class=\"card-slide not-selected-slide\">\r\n            <div class=\"card-overlay\">\r\n                <div class=\"card-text\">\r\n                    <a href=\"https:\/\/www.klumpp.com\/fr\/plein-enthousiasme-pour-les-camions-electriques-je-ne-veux-plus-conduire-autre-chose\/\">\r\n                        <p class='pre-heading'>\r\n                            Durabilit\u00e9                        <\/p>\r\n                        <h3>Frank Harms : \u00ab Je ne veux plus rien conduire d&#8217;autre \u00bb.<\/h3>                    <\/a>\r\n                <\/div>\r\n                <a class=\"btn-pill\" href=\"https:\/\/www.klumpp.com\/fr\/plein-enthousiasme-pour-les-camions-electriques-je-ne-veux-plus-conduire-autre-chose\/\">\r\n                    learn more                <\/a>\r\n            <\/div>\r\n\r\n                            <img decoding=\"async\" src=\"https:\/\/klumpp-19a5a.kxcdn.com\/wp-content\/uploads\/2023\/10\/kopfmedia_klumppmueller_ETCA_1200px-6-768x1152.webp\"\r\n                    alt=\"Neue Elkto Lkws bei der Spedition Klumpp + M\u00fcller\" \/>\r\n                    <\/div>\r\n    <\/div>\r\n        <div>\r\n        <div class=\"card-slide not-selected-slide\">\r\n            <div class=\"card-overlay\">\r\n                <div class=\"card-text\">\r\n                    <a href=\"https:\/\/www.klumpp.com\/fr\/augmentation-des-peages-jusqua-83-nous-avons-la-solution\/\">\r\n                        <p class='pre-heading'>\r\n                            Durabilit\u00e9                        <\/p>\r\n                        <h3>Augmentation des p\u00e9ages jusqu&#8217;\u00e0 83%.nous avons la solution !<\/h3>                    <\/a>\r\n                <\/div>\r\n                <a class=\"btn-pill\" href=\"https:\/\/www.klumpp.com\/fr\/augmentation-des-peages-jusqua-83-nous-avons-la-solution\/\">\r\n                    learn more                <\/a>\r\n            <\/div>\r\n\r\n                            <img decoding=\"async\" src=\"https:\/\/klumpp-19a5a.kxcdn.com\/wp-content\/uploads\/2023\/10\/kopfmedia_klumppmueller_thumbnail-maut-lkw-2000px-768x405.jpg\"\r\n                    alt=\"Neue Elkto Lkws bei der Spedition Klumpp + M\u00fcller\" \/>\r\n                    <\/div>\r\n    <\/div>\r\n    <\/div>[\/et_pb_code][\/et_pb_column][\/et_pb_row][\/et_pb_section][et_pb_section fb_built=&#8221;1&#8243; _builder_version=&#8221;4.19.2&#8243; _module_preset=&#8221;default&#8221; global_colors_info=&#8221;{}&#8221;][et_pb_row _builder_version=&#8221;4.20.0&#8243; _module_preset=&#8221;default&#8221; global_colors_info=&#8221;{}&#8221;][et_pb_column type=&#8221;4_4&#8243; _builder_version=&#8221;4.19.2&#8243; _module_preset=&#8221;default&#8221; global_colors_info=&#8221;{}&#8221;][et_pb_text _builder_version=&#8221;4.20.0&#8243; _module_preset=&#8221;default&#8221; global_colors_info=&#8221;{}&#8221;]<\/p>\n<p class=\"pre-heading\">Actualit\u00e9s<\/p>\n<h2>Toutes les contributions<\/h2>\n<p>[\/et_pb_text][et_pb_code _builder_version=&#8221;4.24.2&#8243; _module_preset=&#8221;default&#8221; hover_enabled=&#8221;0&#8243; global_colors_info=&#8221;{}&#8221; sticky_enabled=&#8221;0&#8243;]<div id=\"vue-wordpress-app-b3414c34-4ed1-4837-9073-c8e7526aa540\" data-app-url=\"https:\/\/www.klumpp.com\" data-fcaptcha-sitekey=\"FCMHA65IB5EOLSTM\" data-component=\"news-portal\" data-lang=\"fr\" data-newsportal=\"{&quot;postCategory&quot;:[&quot;news&quot;]}\"><\/div>[\/et_pb_code][\/et_pb_column][\/et_pb_row][\/et_pb_section][et_pb_section fb_built=&#8221;1&#8243; _builder_version=&#8221;4.23.1&#8243; _module_preset=&#8221;default&#8221; background_image=&#8221;https:\/\/klumpp-19a5a.kxcdn.com\/wp-content\/uploads\/2023\/12\/schwarzwald-fabian_mueller-photography.jpg&#8221; parallax=&#8221;on&#8221; locked=&#8221;off&#8221; global_colors_info=&#8221;{}&#8221;][et_pb_row column_structure=&#8221;1_2,1_2&#8243; make_equal=&#8221;on&#8221; _builder_version=&#8221;4.23.1&#8243; _module_preset=&#8221;default&#8221; min_height=&#8221;700px&#8221; custom_css_main_element=&#8221;align-items: center;&#8221; global_colors_info=&#8221;{}&#8221;][et_pb_column type=&#8221;1_2&#8243; _builder_version=&#8221;4.23.1&#8243; _module_preset=&#8221;default&#8221; global_colors_info=&#8221;{}&#8221;][et_pb_text _builder_version=&#8221;4.23.1&#8243; _module_preset=&#8221;default&#8221; text_text_color=&#8221;#FFFFFF&#8221; header_2_text_color=&#8221;#FFFFFF&#8221; global_colors_info=&#8221;{}&#8221;]<\/p>\n<p class=\"pre-heading\" style=\"color: white;\"><span>Votre transporteur local : Proche. Durable et respectueux de l&#8217;environnement. Fiable et de qualit\u00e9.<\/span><\/p>\n<h2 style=\"color: white;\"><span>Klumpp + M\u00fcller \u00e0 Kehl : votre expert en transport pour des solutions de transport durables<\/span><\/h2>\n<p>[\/et_pb_text][et_pb_text _builder_version=&#8221;4.23.1&#8243; _module_preset=&#8221;default&#8221; text_text_color=&#8221;#FFFFFF&#8221; global_colors_info=&#8221;{}&#8221;]<\/p>\n<p><span>En tant qu&#8217;entreprise de transport leader sur le site de Kehl, Klumpp + M\u00fcller propose des solutions de transport innovantes. Notre plaque tournante trimodale dans le port de Kehl relie la route, le rail et les voies navigables pour un transport de marchandises efficace et souligne notre comp\u00e9tence dans le secteur de l&#8217;exp\u00e9dition. Nous servons les entreprises locales de l&#8217;Ortenau et des districts voisins en mettant l&#8217;accent sur la durabilit\u00e9 et l&#8217;efficacit\u00e9.<\/span><\/p>\n<p>[\/et_pb_text][\/et_pb_column][et_pb_column type=&#8221;1_2&#8243; _builder_version=&#8221;4.23.1&#8243; _module_preset=&#8221;default&#8221; global_colors_info=&#8221;{}&#8221;][et_pb_code _builder_version=&#8221;4.23.1&#8243; _module_preset=&#8221;default&#8221; custom_margin=&#8221;||||false|false&#8221; custom_padding=&#8221;||||false|false&#8221; custom_css_main_element=&#8221;.km-badge {||  border: 1px solid white;||  background-color: transparent;||  color: white;||}||||.km-badge span {||  color: white;||}||||||.km-badge .icon-check {||  color: white;||}||&#8221; custom_css_free_form=&#8221;.km-badge {||  margin-top: 5px; ||  margin-right: 5px; ||}||&#8221; global_colors_info=&#8221;{}&#8221;]<\/p>\n<div class=\"badge-container\"><!-- [et_pb_line_break_holder] -->    <\/p>\n<div class=\"km-badge\"><!-- [et_pb_line_break_holder] -->        <span class=\"icon-check\"><\/span><!-- [et_pb_line_break_holder] -->        <span>Kehl<\/span><!-- [et_pb_line_break_holder] -->    <\/div>\n<p><!-- [et_pb_line_break_holder] -->    <\/p>\n<div class=\"km-badge\"><!-- [et_pb_line_break_holder] -->        <span class=\"icon-check\"><\/span><!-- [et_pb_line_break_holder] -->        <span>Offenburg<\/span><!-- [et_pb_line_break_holder] -->    <\/div>\n<p><!-- [et_pb_line_break_holder] -->    <\/p>\n<div class=\"km-badge\"><!-- [et_pb_line_break_holder] -->        <span class=\"icon-check\"><\/span><!-- [et_pb_line_break_holder] -->        <span>Achern<\/span><!-- [et_pb_line_break_holder] -->    <\/div>\n<p><!-- [et_pb_line_break_holder] -->    <\/p>\n<div class=\"km-badge\"><!-- [et_pb_line_break_holder] -->        <span class=\"icon-check\"><\/span><!-- [et_pb_line_break_holder] -->        <span>Oberkirch<\/span><!-- [et_pb_line_break_holder] -->    <\/div>\n<p><!-- [et_pb_line_break_holder] -->    <\/p>\n<div class=\"km-badge\"><!-- [et_pb_line_break_holder] -->        <span class=\"icon-check\"><\/span><!-- [et_pb_line_break_holder] -->        <span>Durbach<\/span><!-- [et_pb_line_break_holder] -->    <\/div>\n<p><!-- [et_pb_line_break_holder] -->    <\/p>\n<div class=\"km-badge\"><!-- [et_pb_line_break_holder] -->        <span class=\"icon-check\"><\/span><!-- [et_pb_line_break_holder] -->        <span>Lahr<\/span><!-- [et_pb_line_break_holder] -->    <\/div>\n<p><!-- [et_pb_line_break_holder] -->    <\/p>\n<div class=\"km-badge\"><!-- [et_pb_line_break_holder] -->        <span class=\"icon-check\"><\/span><!-- [et_pb_line_break_holder] -->        <span>Rheinau<\/span><!-- [et_pb_line_break_holder] -->    <\/div>\n<p><!-- [et_pb_line_break_holder] -->   <\/p>\n<div class=\"km-badge\"><!-- [et_pb_line_break_holder] -->        <span class=\"icon-check\"><\/span><!-- [et_pb_line_break_holder] -->        <span>Rheinau<\/span><!-- [et_pb_line_break_holder] -->    <\/div>\n<p><!-- [et_pb_line_break_holder] -->   <\/p>\n<div class=\"km-badge\"><!-- [et_pb_line_break_holder] -->        <span class=\"icon-check\"><\/span><!-- [et_pb_line_break_holder] -->        <span>Baden Baden<\/span><!-- [et_pb_line_break_holder] -->    <\/div>\n<p><!-- [et_pb_line_break_holder] -->   <\/p>\n<div class=\"km-badge\"><!-- [et_pb_line_break_holder] -->        <span class=\"icon-check\"><\/span><!-- [et_pb_line_break_holder] -->        <span>Oppenau<\/span><!-- [et_pb_line_break_holder] -->    <\/div>\n<p><!-- [et_pb_line_break_holder] -->   <\/p>\n<div class=\"km-badge\"><!-- [et_pb_line_break_holder] -->        <span class=\"icon-check\"><\/span><!-- [et_pb_line_break_holder] -->        <span>Freudenstadt<\/span><!-- [et_pb_line_break_holder] -->    <\/div>\n<p><!-- [et_pb_line_break_holder] -->   <\/p>\n<div class=\"km-badge\"><!-- [et_pb_line_break_holder] -->        <span class=\"icon-check\"><\/span><!-- [et_pb_line_break_holder] -->        <span>B\u00fchl<\/span><!-- [et_pb_line_break_holder] -->    <\/div>\n<p><!-- [et_pb_line_break_holder] -->   <\/p>\n<div class=\"km-badge\"><!-- [et_pb_line_break_holder] -->        <span class=\"icon-check\"><\/span><!-- [et_pb_line_break_holder] -->        <span>Gaggenau<\/span><!-- [et_pb_line_break_holder] -->    <\/div>\n<p><!-- [et_pb_line_break_holder] -->   <\/p>\n<div class=\"km-badge\"><!-- [et_pb_line_break_holder] -->        <span class=\"icon-check\"><\/span><!-- [et_pb_line_break_holder] -->        <span>Gernsbach<\/span><!-- [et_pb_line_break_holder] -->    <\/div>\n<p><!-- [et_pb_line_break_holder] -->   <\/p>\n<div class=\"km-badge\"><!-- [et_pb_line_break_holder] -->        <span class=\"icon-check\"><\/span><!-- [et_pb_line_break_holder] -->        <span>Karlsruhe<\/span><!-- [et_pb_line_break_holder] -->    <\/div>\n<p><!-- [et_pb_line_break_holder] -->   <\/p>\n<div class=\"km-badge\"><!-- [et_pb_line_break_holder] -->        <span class=\"icon-check\"><\/span><!-- [et_pb_line_break_holder] -->        <span>et bien d&#8217;autres encore&#8230;<\/span><!-- [et_pb_line_break_holder] -->    <\/div>\n<p><!-- [et_pb_line_break_holder] --><\/div>\n<p><!-- [et_pb_line_break_holder] -->[\/et_pb_code][\/et_pb_column][\/et_pb_row][\/et_pb_section]<\/p>\n","protected":false},"excerpt":{"rendered":"<p>Actualit\u00e9sAugmentation des p\u00e9ages jusqu&#8217;\u00e0 83Nous avons la solution !P\u00e9age Informations sur l&#8217;augmentation des p\u00e9ages \u00e0 partir du 01.12.2023\u00c0 partir du 1er d\u00e9cembre 2023, les classes d&#8217;\u00e9missions de CO2 seront introduites dans le p\u00e9age comme nouvelle caract\u00e9ristique tarifaire bas\u00e9e sur la loi de modification du p\u00e9age adopt\u00e9e par le gouvernement f\u00e9d\u00e9ral. Par cons\u00e9quent, le p\u00e9age pour [&hellip;]<\/p>\n","protected":false},"author":1,"featured_media":0,"parent":0,"menu_order":0,"comment_status":"closed","ping_status":"closed","template":"","meta":{"_acf_changed":false,"_et_pb_use_builder":"on","_et_pb_old_content":"","_et_gb_content_width":"","inline_featured_image":false,"footnotes":""},"categories":[],"tags":[],"service_type":[],"class_list":["post-2071","page","type-page","status-publish","hentry"],"acf":[],"tag_names":[],"category_names":[],"thumbnail":false,"_links":{"self":[{"href":"https:\/\/www.klumpp.com\/fr\/wp-json\/wp\/v2\/pages\/2071","targetHints":{"allow":["GET"]}}],"collection":[{"href":"https:\/\/www.klumpp.com\/fr\/wp-json\/wp\/v2\/pages"}],"about":[{"href":"https:\/\/www.klumpp.com\/fr\/wp-json\/wp\/v2\/types\/page"}],"author":[{"embeddable":true,"href":"https:\/\/www.klumpp.com\/fr\/wp-json\/wp\/v2\/users\/1"}],"replies":[{"embeddable":true,"href":"https:\/\/www.klumpp.com\/fr\/wp-json\/wp\/v2\/comments?post=2071"}],"version-history":[{"count":14,"href":"https:\/\/www.klumpp.com\/fr\/wp-json\/wp\/v2\/pages\/2071\/revisions"}],"predecessor-version":[{"id":7534,"href":"https:\/\/www.klumpp.com\/fr\/wp-json\/wp\/v2\/pages\/2071\/revisions\/7534"}],"wp:attachment":[{"href":"https:\/\/www.klumpp.com\/fr\/wp-json\/wp\/v2\/media?parent=2071"}],"wp:term":[{"taxonomy":"category","embeddable":true,"href":"https:\/\/www.klumpp.com\/fr\/wp-json\/wp\/v2\/categories?post=2071"},{"taxonomy":"post_tag","embeddable":true,"href":"https:\/\/www.klumpp.com\/fr\/wp-json\/wp\/v2\/tags?post=2071"},{"taxonomy":"service_type","embeddable":true,"href":"https:\/\/www.klumpp.com\/fr\/wp-json\/wp\/v2\/service_type?post=2071"}],"curies":[{"name":"wp","href":"https:\/\/api.w.org\/{rel}","templated":true}]}}