{"id":2068,"date":"2022-11-29T10:19:41","date_gmt":"2022-11-29T09:19:41","guid":{"rendered":"https:\/\/www.klumpp.com\/carriere\/"},"modified":"2024-12-27T15:03:23","modified_gmt":"2024-12-27T14:03:23","slug":"carriere","status":"publish","type":"page","link":"https:\/\/www.klumpp.com\/fr\/carriere\/","title":{"rendered":"Carri\u00e8re"},"content":{"rendered":"<p>[et_pb_section fb_built=&#8221;1&#8243; fullwidth=&#8221;on&#8221; _builder_version=&#8221;4.22.1&#8243; _module_preset=&#8221;default&#8221; global_colors_info=&#8221;{}&#8221;][et_pb_fullwidth_code _builder_version=&#8221;4.24.2&#8243; _module_preset=&#8221;default&#8221; global_colors_info=&#8221;{}&#8221;]<div id=\"vue-wordpress-app-c3a0eb5d-ae2c-45e8-822f-c8b51f657a5b\" data-app-url=\"https:\/\/www.klumpp.com\" data-fcaptcha-sitekey=\"FCMHA65IB5EOLSTM\" data-lang=\"fr\" data-component=\"video-hero\" data-videohero=\"{&quot;heroVideo&quot;:&quot;https:\/\/klumpp-19a5a.kxcdn.com\/wp-content\/uploads\/2023\/05\/imagefilm-webexport-3mbit.mp4&quot;,&quot;heroPoster&quot;:&quot;\/\/klumpp-19a5a.kxcdn.com\/wp-content\/uploads\/2023\/03\/kopfmedia-klumpp-bewerbungsplatform-2000px-min.webp&quot;,&quot;heroTitle&quot;:&quot;Carri\u00e8re chez Klumpp + M\u00fcller&quot;}\"><\/div>[\/et_pb_fullwidth_code][\/et_pb_section][et_pb_section fb_built=&#8221;1&#8243; _builder_version=&#8221;4.22.1&#8243; _module_preset=&#8221;default&#8221; custom_padding=&#8221;100px||100px||false|false&#8221; global_colors_info=&#8221;{}&#8221;][et_pb_row column_structure=&#8221;2_5,3_5&#8243; make_equal=&#8221;on&#8221; _builder_version=&#8221;4.19.2&#8243; _module_preset=&#8221;default&#8221; global_colors_info=&#8221;{}&#8221;][et_pb_column type=&#8221;2_5&#8243; _builder_version=&#8221;4.19.2&#8243; _module_preset=&#8221;default&#8221; custom_css_main_element=&#8221;margin:auto;&#8221; global_colors_info=&#8221;{}&#8221;][et_pb_text _builder_version=&#8221;4.22.1&#8243; _module_preset=&#8221;default&#8221; global_colors_info=&#8221;{}&#8221;]<\/p>\n<p class=\"pre-heading\">Kehl sur le Rhin<\/p>\n<h2>Chez nous, la logistique de demain est v\u00e9cue #ZeroEmission<\/h2>\n<p>[\/et_pb_text][et_pb_button button_url=&#8221;https:\/\/www.klumpp.com\/fr\/contact\/&#8221; button_text=&#8221;En savoir plus&#8221; _builder_version=&#8221;4.22.1&#8243; _module_preset=&#8221;default&#8221; custom_button=&#8221;on&#8221; button_text_size=&#8221;15px&#8221; button_text_color=&#8221;#000000&#8243; button_border_width=&#8221;2px&#8221; button_border_radius=&#8221;30px&#8221; button_font=&#8221;|300|||||||&#8221; global_colors_info=&#8221;{}&#8221;][\/et_pb_button][\/et_pb_column][et_pb_column type=&#8221;3_5&#8243; _builder_version=&#8221;4.19.2&#8243; _module_preset=&#8221;default&#8221; custom_css_main_element=&#8221;margin:auto;&#8221; global_colors_info=&#8221;{}&#8221;][et_pb_text _builder_version=&#8221;4.22.1&#8243; _module_preset=&#8221;default&#8221; global_colors_info=&#8221;{}&#8221;]<\/p>\n<p>En tant qu&#8217;entreprise de logistique au r\u00e9seau europ\u00e9en et \u00e0 l&#8217;ancrage r\u00e9gional, nous offrons des emplois vari\u00e9s et des perspectives d&#8217;avenir. Derri\u00e8re nos services se trouvent des personnes qui ont toujours nos clients \u00e0 l&#8217;esprit et qui s&#8217;engagent avec \u00e9nergie et cr\u00e9ativit\u00e9 pour des solutions logistiques individuelles et \u00e9conomiques. Nous nous r\u00e9jouissons de t&#8217;accueillir avec tes id\u00e9es !<\/p>\n<p>[\/et_pb_text][\/et_pb_column][\/et_pb_row][et_pb_row column_structure=&#8221;1_3,1_3,1_3&#8243; _builder_version=&#8221;4.22.1&#8243; _module_preset=&#8221;default&#8221; locked=&#8221;off&#8221; global_colors_info=&#8221;{}&#8221;][et_pb_column type=&#8221;1_3&#8243; _builder_version=&#8221;4.22.1&#8243; _module_preset=&#8221;default&#8221; global_colors_info=&#8221;{}&#8221;][et_pb_image src=&#8221;https:\/\/klumpp-19a5a.kxcdn.com\/wp-content\/uploads\/2023\/08\/Frame-930.jpg&#8221; alt=&#8221;Mitarbeiterin der Spedition Klumpp + M\u00fcller&#8221; title_text=&#8221;Frame 930&#8243; _builder_version=&#8221;4.23.1&#8243; _module_preset=&#8221;default&#8221; global_colors_info=&#8221;{}&#8221;][\/et_pb_image][\/et_pb_column][et_pb_column type=&#8221;1_3&#8243; _builder_version=&#8221;4.22.1&#8243; _module_preset=&#8221;default&#8221; global_colors_info=&#8221;{}&#8221;][et_pb_image src=&#8221;https:\/\/klumpp-19a5a.kxcdn.com\/wp-content\/uploads\/2023\/08\/Story-1080&#215;1920-1.jpg&#8221; alt=&#8221;Klumpp + M\u00fcller steht f\u00fcr Nachhaltige Transporte in der Logisik&#8221; title_text=&#8221;Story 1080&#215;1920&#8243; _builder_version=&#8221;4.23.1&#8243; _module_preset=&#8221;default&#8221; global_colors_info=&#8221;{}&#8221;][\/et_pb_image][\/et_pb_column][et_pb_column type=&#8221;1_3&#8243; _builder_version=&#8221;4.23.4&#8243; _module_preset=&#8221;default&#8221; global_colors_info=&#8221;{}&#8221;][et_pb_code _builder_version=&#8221;4.23.4&#8243; _module_preset=&#8221;default&#8221; background_image=&#8221;https:\/\/klumpp-19a5a.kxcdn.com\/wp-content\/uploads\/2024\/02\/kopfmedia_KlumppMueller_20.2.24-33.webp&#8221; min_height=&#8221;281.66px&#8221; global_colors_info=&#8221;{}&#8221;][\/et_pb_code][\/et_pb_column][\/et_pb_row][\/et_pb_section][et_pb_section fb_built=&#8221;1&#8243; _builder_version=&#8221;4.22.1&#8243; _module_preset=&#8221;default&#8221; global_colors_info=&#8221;{}&#8221;][et_pb_row _builder_version=&#8221;4.22.1&#8243; _module_preset=&#8221;default&#8221; global_colors_info=&#8221;{}&#8221;][et_pb_column type=&#8221;4_4&#8243; _builder_version=&#8221;4.22.1&#8243; _module_preset=&#8221;default&#8221; global_colors_info=&#8221;{}&#8221;][et_pb_text _builder_version=&#8221;4.22.1&#8243; _module_preset=&#8221;default&#8221; global_colors_info=&#8221;{}&#8221;]<\/p>\n<p class=\"pre-heading\">Carri\u00e8re<\/p>\n<h2>Aper\u00e7u de tous les emplois<\/h2>\n<p>[\/et_pb_text][et_pb_code _builder_version=&#8221;4.22.1&#8243; _module_preset=&#8221;default&#8221; global_colors_info=&#8221;{}&#8221;]<div id=\"vue-wordpress-app-a07970d6-06fd-4b22-a745-0869ddf21781\" data-app-url=\"https:\/\/www.klumpp.com\" data-fcaptcha-sitekey=\"FCMHA65IB5EOLSTM\" data-lang=\"fr\" data-component=\"job-openings\"><\/div>[\/et_pb_code][\/et_pb_column][\/et_pb_row][\/et_pb_section][et_pb_section fb_built=&#8221;1&#8243; _builder_version=&#8221;4.22.1&#8243; _module_preset=&#8221;default&#8221; global_colors_info=&#8221;{}&#8221;][et_pb_row column_structure=&#8221;1_2,1_2&#8243; make_equal=&#8221;on&#8221; _builder_version=&#8221;4.22.1&#8243; _module_preset=&#8221;default&#8221; locked=&#8221;off&#8221; global_colors_info=&#8221;{}&#8221;][et_pb_column type=&#8221;1_2&#8243; _builder_version=&#8221;4.22.1&#8243; _module_preset=&#8221;default&#8221; custom_padding=&#8221;20px||20px||true|false&#8221; custom_css_main_element=&#8221;margin: auto;&#8221; global_colors_info=&#8221;{}&#8221;][et_pb_text _builder_version=&#8221;4.22.1&#8243; _module_preset=&#8221;default&#8221; global_colors_info=&#8221;{}&#8221;]<\/p>\n<p class=\"pre-heading\">Environnement de travail<\/p>\n<h2><span style=\"white-space: pre-wrap;\">Travailler chez Klumpp + M\u00fcller<\/span><\/h2>\n<p><span style=\"white-space: pre-wrap;\">Nous nous r\u00e9jouissons de t&#8217;accueillir avec tes id\u00e9es. Pour que tu te sentes parfaitement \u00e0 l&#8217;aise chez nous, nous proposons non seulement des emplois attrayants, mais aussi de nombreux autres avantages pour toi et ta famille. Tu trouveras ici tout ce que tu dois savoir sur ta candidature et sur le travail chez Klumpp + M\u00fcller.<\/span><\/p>\n<p>[\/et_pb_text][et_pb_button button_url=&#8221;https:\/\/de.linkedin.com\/company\/klumpp-m%C3%BCller-gmbh-&#038;-co-kg&#8221; button_text=&#8221;Suivez-nous sur LinkedIn&#8221; _builder_version=&#8221;4.22.1&#8243; _module_preset=&#8221;default&#8221; custom_button=&#8221;on&#8221; button_text_size=&#8221;20px&#8221; button_text_color=&#8221;#000000&#8243; button_border_width=&#8221;2px&#8221; button_border_radius=&#8221;10px&#8221; button_font=&#8221;|300|||||||&#8221; button_icon=&#8221;&#xe0cb;||divi||400&#8243; button_icon_placement=&#8221;left&#8221; button_on_hover=&#8221;off&#8221; global_colors_info=&#8221;{}&#8221;][\/et_pb_button][\/et_pb_column][et_pb_column type=&#8221;1_2&#8243; _builder_version=&#8221;4.22.1&#8243; _module_preset=&#8221;default&#8221; custom_css_main_element=&#8221;margin: auto;&#8221; global_colors_info=&#8221;{}&#8221;][et_pb_code _builder_version=&#8221;4.22.1&#8243; _module_preset=&#8221;default&#8221; background_video_mp4=&#8221;https:\/\/klumpp-19a5a.kxcdn.com\/wp-content\/uploads\/2023\/10\/kopfmedia_klumppmueller_karriere-v3_web-3mb-cbr.mp4&#8243; max_height=&#8221;60vh&#8221; custom_margin=&#8221;|auto||auto|false|true&#8221; custom_css_main_element=&#8221;aspect-ratio: 9 \/ 16;&#8221; global_colors_info=&#8221;{}&#8221;][\/et_pb_code][\/et_pb_column][\/et_pb_row][\/et_pb_section][et_pb_section fb_built=&#8221;1&#8243; _builder_version=&#8221;4.22.1&#8243; _module_preset=&#8221;default&#8221; global_colors_info=&#8221;{}&#8221;][et_pb_row column_structure=&#8221;1_2,1_2&#8243; _builder_version=&#8221;4.22.1&#8243; _module_preset=&#8221;default&#8221; global_colors_info=&#8221;{}&#8221;][et_pb_column type=&#8221;1_2&#8243; _builder_version=&#8221;4.22.1&#8243; _module_preset=&#8221;default&#8221; global_colors_info=&#8221;{}&#8221;][et_pb_text _builder_version=&#8221;4.22.1&#8243; _module_preset=&#8221;default&#8221; global_colors_info=&#8221;{}&#8221;]<\/p>\n<p class=\"pre-heading\">Meet &amp; Greet<\/p>\n<h2><span style=\"white-space: pre-wrap;\">Apprenez \u00e0 nous conna\u00eetre<\/span><\/h2>\n<p><span style=\"white-space: pre-wrap;\">Tu trouveras ici notre calendrier des \u00e9v\u00e9nements. Nous nous r\u00e9jouissons d\u00e9j\u00e0 de faire ta connaissance en personne.<\/span><\/p>\n<p>&nbsp;<\/p>\n<p>[\/et_pb_text][\/et_pb_column][et_pb_column type=&#8221;1_2&#8243; _builder_version=&#8221;4.22.1&#8243; _module_preset=&#8221;default&#8221; global_colors_info=&#8221;{}&#8221;][et_pb_code _builder_version=&#8221;4.27.3&#8243; _module_preset=&#8221;default&#8221; hover_enabled=&#8221;0&#8243; global_colors_info=&#8221;{}&#8221; sticky_enabled=&#8221;0&#8243;]<\/p>\n<div class=\"badge-container\"><!-- [et_pb_line_break_holder] -->  <\/p>\n<div class=\"km-badge event-badge\"><!-- [et_pb_line_break_holder] -->    <\/p>\n<div><!-- [et_pb_line_break_holder] -->      <span class=\"icon-briefcase\"><\/span><!-- [et_pb_line_break_holder] -->      Salon de l&#8217;emploi<!-- [et_pb_line_break_holder] -->    <\/div>\n<p><!-- [et_pb_line_break_holder] -->    <\/p>\n<div><!-- [et_pb_line_break_holder] -->      <span class=\"icon-calendar\"><\/span><!-- [et_pb_line_break_holder] -->      9 et 10 mai<!-- [et_pb_line_break_holder] -->    <\/div>\n<p><!-- [et_pb_line_break_holder] -->    <\/p>\n<div><!-- [et_pb_line_break_holder] -->      <span class=\"icon-marker\"><\/span><!-- [et_pb_line_break_holder] -->      Offenburg<!-- [et_pb_line_break_holder] -->    <\/div>\n<p><!-- [et_pb_line_break_holder] -->  <\/div>\n<p><!-- [et_pb_line_break_holder] --><\/div>\n<p><!-- [et_pb_line_break_holder] -->[\/et_pb_code][\/et_pb_column][\/et_pb_row][\/et_pb_section][et_pb_section fb_built=&#8221;1&#8243; _builder_version=&#8221;4.19.2&#8243; _module_preset=&#8221;default&#8221; global_colors_info=&#8221;{}&#8221;][et_pb_row column_structure=&#8221;1_2,1_2&#8243; _builder_version=&#8221;4.19.2&#8243; _module_preset=&#8221;default&#8221; global_colors_info=&#8221;{}&#8221;][et_pb_column type=&#8221;1_2&#8243; _builder_version=&#8221;4.19.2&#8243; _module_preset=&#8221;default&#8221; global_colors_info=&#8221;{}&#8221;][et_pb_text _builder_version=&#8221;4.22.1&#8243; _module_preset=&#8221;default&#8221; global_colors_info=&#8221;{}&#8221;]<\/p>\n<p class=\"pre-heading\">Avantages et b\u00e9n\u00e9fices<\/p>\n<h2>Nos employ\u00e9s b\u00e9n\u00e9ficient de<\/h2>\n<p>[\/et_pb_text][\/et_pb_column][et_pb_column type=&#8221;1_2&#8243; _builder_version=&#8221;4.19.2&#8243; _module_preset=&#8221;default&#8221; global_colors_info=&#8221;{}&#8221;][\/et_pb_column][\/et_pb_row][et_pb_row _builder_version=&#8221;4.19.2&#8243; _module_preset=&#8221;default&#8221; global_colors_info=&#8221;{}&#8221;][et_pb_column type=&#8221;4_4&#8243; _builder_version=&#8221;4.19.2&#8243; _module_preset=&#8221;default&#8221; global_colors_info=&#8221;{}&#8221;][et_pb_code _builder_version=&#8221;4.24.2&#8243; _module_preset=&#8221;default&#8221; global_colors_info=&#8221;{}&#8221;]<\/p>\n<div class=\"badge-container\"><!-- [et_pb_line_break_holder] -->  <\/p>\n<div class=\"km-badge\"><!-- [et_pb_line_break_holder] -->    \t<span class=\"icon-smile\"><\/span><!-- [et_pb_line_break_holder] -->    \t<span>\u00c9quilibre harmonieux entre vie professionnelle et vie priv\u00e9e<\/span><!-- [et_pb_line_break_holder] -->  <\/div>\n<p><!-- [et_pb_line_break_holder] -->  <\/p>\n<div class=\"km-badge\"><!-- [et_pb_line_break_holder] -->    \t<span class=\"icon-checkbox\"><\/span><!-- [et_pb_line_break_holder] -->    \t<span>Ambiance de travail familiale<\/span><!-- [et_pb_line_break_holder] -->  <\/div>\n<p><!-- [et_pb_line_break_holder] -->  <\/p>\n<div class=\"km-badge\"><!-- [et_pb_line_break_holder] -->    \t<span class=\"icon-building\"><\/span><!-- [et_pb_line_break_holder] -->    \t<span>Culture d&#8217;entreprise valorisante<\/span><!-- [et_pb_line_break_holder] -->  <\/div>\n<p><!-- [et_pb_line_break_holder] -->  <\/p>\n<div class=\"km-badge\"><!-- [et_pb_line_break_holder] -->    \t<span class=\"icon-document\"><\/span><!-- [et_pb_line_break_holder] -->    \t<span>Contrats de travail \u00e0 dur\u00e9e ind\u00e9termin\u00e9e<\/span><!-- [et_pb_line_break_holder] -->  <\/div>\n<p><!-- [et_pb_line_break_holder] -->  <\/p>\n<div class=\"km-badge\"><!-- [et_pb_line_break_holder] -->    \t<span class=\"icon-euro\"><\/span><!-- [et_pb_line_break_holder] -->    \t<span>Paiement annuel sp\u00e9cial <\/span><!-- [et_pb_line_break_holder] -->  <\/div>\n<p><!-- [et_pb_line_break_holder] -->  <\/p>\n<div class=\"km-badge\"><!-- [et_pb_line_break_holder] -->    \t<span class=\"icon-pharmacy\"><\/span><!-- [et_pb_line_break_holder] -->    \t<span>Assurance maladie compl\u00e9mentaire gratuite apr\u00e8s la p\u00e9riode d&#8217;essai<\/span><!-- [et_pb_line_break_holder] -->  <\/div>\n<p><!-- [et_pb_line_break_holder] -->  <\/p>\n<div class=\"km-badge\"><!-- [et_pb_line_break_holder] -->    \t<span class=\"icon-earnings\"><\/span><!-- [et_pb_line_break_holder] -->    \t<span>Nombreuses offres sur notre plateforme de b\u00e9n\u00e9fices corporatifs<\/span><!-- [et_pb_line_break_holder] -->  <\/div>\n<p><!-- [et_pb_line_break_holder] -->    <\/p>\n<div class=\"km-badge\"><!-- [et_pb_line_break_holder] -->    \t<span class=\"icon-graduation-cap\"><\/span><!-- [et_pb_line_break_holder] -->    \t<span>Formation et d\u00e9veloppement cibl\u00e9s<\/span><!-- [et_pb_line_break_holder] -->  <\/div>\n<p><!-- [et_pb_line_break_holder] -->    <\/p>\n<div class=\"km-badge\"><!-- [et_pb_line_break_holder] -->    \t<span class=\"icon-euro\"><\/span><!-- [et_pb_line_break_holder] -->    \t<span>Prime de rendement apr\u00e8s la p\u00e9riode d&#8217;essai<\/span><!-- [et_pb_line_break_holder] -->  <\/div>\n<p><!-- [et_pb_line_break_holder] --><\/div>\n<p>[\/et_pb_code][\/et_pb_column][\/et_pb_row][\/et_pb_section][et_pb_section fb_built=&#8221;1&#8243; _builder_version=&#8221;4.19.2&#8243; _module_preset=&#8221;default&#8221; global_colors_info=&#8221;{}&#8221;][et_pb_row column_structure=&#8221;1_3,1_3,1_3&#8243; use_custom_gutter=&#8221;on&#8221; make_equal=&#8221;on&#8221; _builder_version=&#8221;4.19.2&#8243; _module_preset=&#8221;default&#8221; global_colors_info=&#8221;{}&#8221;][et_pb_column type=&#8221;1_3&#8243; _builder_version=&#8221;4.19.2&#8243; _module_preset=&#8221;default&#8221; global_colors_info=&#8221;{}&#8221;][et_pb_text _builder_version=&#8221;4.19.2&#8243; _module_preset=&#8221;default&#8221; text_text_color=&#8221;#FFFFFF&#8221; use_background_color_gradient=&#8221;on&#8221; background_color_gradient_stops=&#8221;rgba(0,0,0,0.2) 0%|rgba(0,0,0,0.2) 100%&#8221; background_color_gradient_overlays_image=&#8221;on&#8221; background_image=&#8221;https:\/\/klumpp-19a5a.kxcdn.com\/wp-content\/uploads\/2022\/11\/testimotal.webp&#8221; background_position=&#8221;top_center&#8221; min_height=&#8221;480px&#8221; custom_padding=&#8221;20px|20px|20px|20px|false|false&#8221; custom_css_main_element=&#8221;display:flex;||flex-direction: column;||justify-content: end;&#8221; global_colors_info=&#8221;{}&#8221;]<\/p>\n<p>Du job d&#8217;\u00e9t\u00e9 \u00e0 l&#8217;\u00e9tudiant salari\u00e9 en passant par la formation commerciale, j&#8217;ai toujours pu compter sur le soutien et l&#8217;encouragement de mes sup\u00e9rieurs.<\/p>\n<p><b>Robin Skotarczyk<\/b> \u00c9tudiant BWL Logistique &amp; Commerce<\/p>\n<p>[\/et_pb_text][\/et_pb_column][et_pb_column type=&#8221;1_3&#8243; _builder_version=&#8221;4.19.2&#8243; _module_preset=&#8221;default&#8221; global_colors_info=&#8221;{}&#8221;][et_pb_text _builder_version=&#8221;4.22.1&#8243; _module_preset=&#8221;default&#8221; text_text_color=&#8221;#FFFFFF&#8221; use_background_color_gradient=&#8221;on&#8221; background_color_gradient_stops=&#8221;rgba(0,0,0,0.2) 0%|rgba(0,0,0,0.2) 100%&#8221; background_color_gradient_overlays_image=&#8221;on&#8221; background_image=&#8221;https:\/\/klumpp-19a5a.kxcdn.com\/wp-content\/uploads\/2023\/03\/kopfmedia-klumpp-mueller-vanessa-baumann-650px-min.webp&#8221; background_position=&#8221;top_center&#8221; min_height=&#8221;480px&#8221; custom_padding=&#8221;20px|20px|20px|20px|false|false&#8221; custom_css_main_element=&#8221;display:flex;||flex-direction: column;||justify-content: end;&#8221; global_colors_info=&#8221;{}&#8221;]<\/p>\n<p>Les nombreux avantages offerts aux employ\u00e9s, comme la carte d&#8217;achat et l&#8217;assurance maladie compl\u00e9mentaire, sont une formidable motivation suppl\u00e9mentaire.<\/p>\n<p><b>Vanessa Baumann<\/b> planificatrice des transports urbains<\/p>\n<p>[\/et_pb_text][\/et_pb_column][et_pb_column type=&#8221;1_3&#8243; _builder_version=&#8221;4.19.2&#8243; _module_preset=&#8221;default&#8221; global_colors_info=&#8221;{}&#8221;][et_pb_text _builder_version=&#8221;4.22.1&#8243; _module_preset=&#8221;default&#8221; text_text_color=&#8221;#FFFFFF&#8221; use_background_color_gradient=&#8221;on&#8221; background_color_gradient_stops=&#8221;rgba(0,0,0,0.2) 0%|rgba(0,0,0,0.2) 100%&#8221; background_color_gradient_overlays_image=&#8221;on&#8221; background_image=&#8221;https:\/\/klumpp-19a5a.kxcdn.com\/wp-content\/uploads\/2023\/03\/kopfmedia-klumpp-mueller-michael-meral-650px-min.webp&#8221; background_position=&#8221;top_center&#8221; min_height=&#8221;480px&#8221; custom_padding=&#8221;20px|20px|20px|20px|false|false&#8221; custom_css_main_element=&#8221;display:flex;||flex-direction: column;||justify-content: end;&#8221; global_colors_info=&#8221;{}&#8221;]<\/p>\n<p>Dans mon travail vari\u00e9 et diversifi\u00e9, on ne s&#8217;ennuie jamais !<\/p>\n<p><b>Michael Meral<\/b><br \/>Chef d&#8217;entrep\u00f4t<\/p>\n<p>[\/et_pb_text][\/et_pb_column][\/et_pb_row][\/et_pb_section][et_pb_section fb_built=&#8221;1&#8243; _builder_version=&#8221;4.19.2&#8243; _module_preset=&#8221;default&#8221; global_colors_info=&#8221;{}&#8221;][et_pb_row column_structure=&#8221;1_2,1_2&#8243; make_equal=&#8221;on&#8221; _builder_version=&#8221;4.19.2&#8243; _module_preset=&#8221;default&#8221; use_background_color_gradient=&#8221;on&#8221; background_color_gradient_stops=&#8221;#fafafa 0%|#fafafa 100%&#8221; background_image=&#8221;https:\/\/klumpp-19a5a.kxcdn.com\/wp-content\/uploads\/2022\/11\/v5-small-outline-1.svg&#8221; background_size=&#8221;initial&#8221; background_position=&#8221;center_left&#8221; min_height=&#8221;350px&#8221; custom_margin=&#8221;50px|auto|50px|auto||&#8221; custom_padding=&#8221;40px|40px|40px|40px|false|false&#8221; global_colors_info=&#8221;{}&#8221;][et_pb_column type=&#8221;1_2&#8243; _builder_version=&#8221;4.19.2&#8243; _module_preset=&#8221;default&#8221; custom_css_main_element=&#8221;display: flex;||flex-direction: column;||justify-content: space-between;&#8221; global_colors_info=&#8221;{}&#8221;][et_pb_text _builder_version=&#8221;4.22.1&#8243; _module_preset=&#8221;default&#8221; global_colors_info=&#8221;{}&#8221;]<\/p>\n<p class=\"pre-heading\">Carri\u00e8re<\/p>\n<h2>D\u00e9marrer en toute simplicit\u00e9 chez Klumpp + M\u00fcller<\/h2>\n<p>[\/et_pb_text][et_pb_text _builder_version=&#8221;4.19.2&#8243; _module_preset=&#8221;default&#8221; text_font_size=&#8221;45px&#8221; text_font_size_tablet=&#8221;20px&#8221; text_font_size_phone=&#8221;15px&#8221; text_font_size_last_edited=&#8221;on|phone&#8221; global_colors_info=&#8221;{}&#8221;]<span class=\"icon-klumppmueller-logo\"><span class=\"path1\"><\/span><span class=\"path2\"><\/span><span class=\"path3\"><\/span><span class=\"path4\"><\/span><span class=\"path5\"><\/span><span class=\"path6\"><\/span><span class=\"path7\"><\/span><span class=\"path8\"><\/span><span class=\"path9\"><\/span><span class=\"path10\"><\/span><span class=\"path11\"><\/span><span class=\"path12\"><\/span><span class=\"path13\"><\/span><span class=\"path14\"><\/span><span class=\"path15\"><\/span><span class=\"path16\"><\/span><\/span>[\/et_pb_text][\/et_pb_column][et_pb_column type=&#8221;1_2&#8243; _builder_version=&#8221;4.19.2&#8243; _module_preset=&#8221;default&#8221; custom_css_main_element=&#8221;display: flex;||flex-direction: column;||justify-content: space-between;&#8221; global_colors_info=&#8221;{}&#8221;][et_pb_text _builder_version=&#8221;4.22.1&#8243; _module_preset=&#8221;default&#8221; global_colors_info=&#8221;{}&#8221;]<\/p>\n<p><span style=\"white-space: pre-wrap;\">L&#8217;\u00e9quilibre entre vie professionnelle et vie priv\u00e9e est important pour toi ? Tu as besoin d&#8217;un employeur qui r\u00e9ponde \u00e0 tes souhaits individuels ? Nous le comprenons. Et nous agissons en cons\u00e9quence. Pour savoir quels sont les avantages et les possibilit\u00e9s que nous t&#8217;offrons, consulte le site &#8230;..<\/span><\/p>\n<p>[\/et_pb_text][et_pb_button button_url=&#8221;https:\/\/www.klumpp.com\/fr\/plateforme-de-candidature\/?type=ausbildung&#8221; url_new_window=&#8221;on&#8221; button_text=&#8221;vers la candidature&#8221; _builder_version=&#8221;4.22.1&#8243; _module_preset=&#8221;default&#8221; custom_button=&#8221;on&#8221; button_text_size=&#8221;15px&#8221; button_text_color=&#8221;#000000&#8243; button_border_width=&#8221;2px&#8221; button_border_radius=&#8221;30px&#8221; button_font=&#8221;|300|||||||&#8221; global_colors_info=&#8221;{}&#8221;][\/et_pb_button][\/et_pb_column][\/et_pb_row][\/et_pb_section][et_pb_section fb_built=&#8221;1&#8243; _builder_version=&#8221;4.19.2&#8243; _module_preset=&#8221;default&#8221; global_colors_info=&#8221;{}&#8221;][et_pb_row column_structure=&#8221;1_2,1_2&#8243; make_equal=&#8221;on&#8221; _builder_version=&#8221;4.22.1&#8243; _module_preset=&#8221;default&#8221; global_colors_info=&#8221;{}&#8221;][et_pb_column type=&#8221;1_2&#8243; _builder_version=&#8221;4.22.1&#8243; _module_preset=&#8221;default&#8221; custom_css_main_element=&#8221;margin: auto;&#8221; global_colors_info=&#8221;{}&#8221;][et_pb_text _builder_version=&#8221;4.22.1&#8243; _module_preset=&#8221;default&#8221; global_colors_info=&#8221;{}&#8221;]<\/p>\n<p class=\"pre-heading\">Service<\/p>\n<h2>Vos interlocuteurs<\/h2>\n<p><span style=\"white-space: pre-wrap;\">Si vous avez des questions, n&#8217;h\u00e9sitez pas \u00e0 me contacter.<\/span><\/p>\n<p>[\/et_pb_text][et_pb_text _builder_version=&#8221;4.23&#8243; _module_preset=&#8221;default&#8221; text_text_color=&#8221;#000000&#8243; global_colors_info=&#8221;{}&#8221;]<\/p>\n<p><b>Michaela Hilke<\/b>\u00a0<\/p>\n<p>Responsable des ressources humaines<\/p>\n<p><a class=\"underlined-link ext-link\" href=\"tel:+49 7851 87000 30\">+49 7851 87000 30<\/a><\/p>\n<p><a class=\"underlined-link ext-link\" href=\"mailto:personal@klumpp.com\">personal@klumpp.com<\/a><\/p>\n<p>[\/et_pb_text][\/et_pb_column][et_pb_column type=&#8221;1_2&#8243; _builder_version=&#8221;4.22.1&#8243; _module_preset=&#8221;default&#8221; custom_css_main_element=&#8221;margin: auto;&#8221; global_colors_info=&#8221;{}&#8221;][et_pb_image src=&#8221;https:\/\/klumpp-19a5a.kxcdn.com\/wp-content\/uploads\/2024\/02\/kopfmedia_klumppmueller_businessbilder_2000px-5305-2.webp&#8221; alt=&#8221;Une employ\u00e9e de Klumpp + M\u00fcller&#8221; title_text=&#8221;kopfmedia_klumpp+mueller_businessbilder_2000px-5305-2&#8243; _builder_version=&#8221;4.23.4&#8243; _module_preset=&#8221;default&#8221; global_colors_info=&#8221;{}&#8221;][\/et_pb_image][\/et_pb_column][\/et_pb_row][\/et_pb_section]<\/p>\n","protected":false},"excerpt":{"rendered":"<p><div id=\"vue-wordpress-app-935d2fb4-486c-4445-a038-2940e30dcdd6\" data-app-url=\"https:\/\/www.klumpp.com\" data-fcaptcha-sitekey=\"FCMHA65IB5EOLSTM\" data-lang=\"fr\" data-component=\"video-hero\" data-videohero=\"{&quot;heroVideo&quot;:&quot;https:\/\/klumpp-19a5a.kxcdn.com\/wp-content\/uploads\/2023\/05\/imagefilm-webexport-3mbit.mp4&quot;,&quot;heroPoster&quot;:&quot;\/\/klumpp-19a5a.kxcdn.com\/wp-content\/uploads\/2023\/03\/kopfmedia-klumpp-bewerbungsplatform-2000px-min.webp&quot;,&quot;heroTitle&quot;:&quot;Carri\u00e8re chez Klumpp + M\u00fcller&quot;}\"><\/div>Kehl sur le Rhin Chez nous, la logistique de demain est v\u00e9cue #ZeroEmissionEn tant qu&#8217;entreprise de logistique au r\u00e9seau europ\u00e9en et \u00e0 l&#8217;ancrage r\u00e9gional, nous offrons des emplois vari\u00e9s et des perspectives d&#8217;avenir. Derri\u00e8re nos services se trouvent des personnes qui ont toujours nos clients \u00e0 l&#8217;esprit et [&hellip;]<\/p>\n","protected":false},"author":1,"featured_media":0,"parent":0,"menu_order":0,"comment_status":"closed","ping_status":"closed","template":"","meta":{"_acf_changed":false,"_et_pb_use_builder":"on","_et_pb_old_content":"","_et_gb_content_width":"","inline_featured_image":false,"footnotes":""},"categories":[],"tags":[],"service_type":[],"class_list":["post-2068","page","type-page","status-publish","hentry"],"acf":[],"tag_names":[],"category_names":[],"thumbnail":false,"_links":{"self":[{"href":"https:\/\/www.klumpp.com\/fr\/wp-json\/wp\/v2\/pages\/2068","targetHints":{"allow":["GET"]}}],"collection":[{"href":"https:\/\/www.klumpp.com\/fr\/wp-json\/wp\/v2\/pages"}],"about":[{"href":"https:\/\/www.klumpp.com\/fr\/wp-json\/wp\/v2\/types\/page"}],"author":[{"embeddable":true,"href":"https:\/\/www.klumpp.com\/fr\/wp-json\/wp\/v2\/users\/1"}],"replies":[{"embeddable":true,"href":"https:\/\/www.klumpp.com\/fr\/wp-json\/wp\/v2\/comments?post=2068"}],"version-history":[{"count":21,"href":"https:\/\/www.klumpp.com\/fr\/wp-json\/wp\/v2\/pages\/2068\/revisions"}],"predecessor-version":[{"id":8808,"href":"https:\/\/www.klumpp.com\/fr\/wp-json\/wp\/v2\/pages\/2068\/revisions\/8808"}],"wp:attachment":[{"href":"https:\/\/www.klumpp.com\/fr\/wp-json\/wp\/v2\/media?parent=2068"}],"wp:term":[{"taxonomy":"category","embeddable":true,"href":"https:\/\/www.klumpp.com\/fr\/wp-json\/wp\/v2\/categories?post=2068"},{"taxonomy":"post_tag","embeddable":true,"href":"https:\/\/www.klumpp.com\/fr\/wp-json\/wp\/v2\/tags?post=2068"},{"taxonomy":"service_type","embeddable":true,"href":"https:\/\/www.klumpp.com\/fr\/wp-json\/wp\/v2\/service_type?post=2068"}],"curies":[{"name":"wp","href":"https:\/\/api.w.org\/{rel}","templated":true}]}}