{"id":2062,"date":"2022-12-12T11:05:10","date_gmt":"2022-12-12T10:05:10","guid":{"rendered":"https:\/\/www.klumpp.com\/telechargements\/"},"modified":"2025-11-11T09:03:36","modified_gmt":"2025-11-11T08:03:36","slug":"telechargements","status":"publish","type":"page","link":"https:\/\/www.klumpp.com\/fr\/telechargements\/","title":{"rendered":"T\u00e9l\u00e9chargements"},"content":{"rendered":"<p>[et_pb_section fb_built=&#8221;1&#8243; module_id=&#8221;page-hero&#8221; _builder_version=&#8221;4.20.0&#8243; _module_preset=&#8221;default&#8221; use_background_color_gradient=&#8221;on&#8221; background_color_gradient_stops=&#8221;rgba(0,0,0,0.2) 0%|rgba(0,0,0,0.2) 100%&#8221; background_color_gradient_overlays_image=&#8221;on&#8221; background_image=&#8221;https:\/\/klumpp-19a5a.kxcdn.com\/wp-content\/uploads\/2023\/02\/kopfmedia-klumpp-Zoll-Lager-2000px-1.webp&#8221; height=&#8221;750px&#8221; max_height=&#8221;90vh&#8221; custom_margin=&#8221;0px||0px||false|false&#8221; custom_padding=&#8221;0px||0px||false|false&#8221; global_colors_info=&#8221;{}&#8221;][et_pb_row column_structure=&#8221;2_5,3_5&#8243; _builder_version=&#8221;4.19.2&#8243; _module_preset=&#8221;default&#8221; width=&#8221;90%&#8221; max_width=&#8221;2000px&#8221; custom_margin=&#8221;|auto|100px|auto||&#8221; global_colors_info=&#8221;{}&#8221; max_width__hover_enabled=&#8221;on|desktop&#8221; max_width__hover=&#8221;2000px&#8221;][et_pb_column type=&#8221;2_5&#8243; _builder_version=&#8221;4.19.2&#8243; _module_preset=&#8221;default&#8221; global_colors_info=&#8221;{}&#8221;][et_pb_code _builder_version=&#8221;4.19.2&#8243; _module_preset=&#8221;default&#8221; global_colors_info=&#8221;{}&#8221;][\/et_pb_code][et_pb_text _builder_version=&#8221;4.19.2&#8243; _module_preset=&#8221;default&#8221; text_text_color=&#8221;#FFFFFF&#8221; header_text_color=&#8221;#FFFFFF&#8221; custom_margin=&#8221;||20px||false|false&#8221; global_colors_info=&#8221;{}&#8221;]<span>Logistique<\/span>[\/et_pb_text][et_pb_text _builder_version=&#8221;4.23.1&#8243; _module_preset=&#8221;default&#8221; header_text_color=&#8221;#FFFFFF&#8221; global_colors_info=&#8221;{}&#8221;]<\/p>\n<h1>Transports par voie fluviale<br \/>\n<span>Une qualit\u00e9 fiable chez Klumpp + M\u00fcller<\/span><\/h1>\n<p>[\/et_pb_text][et_pb_button button_text=&#8221;En savoir plus&#8221; _builder_version=&#8221;4.19.2&#8243; _module_preset=&#8221;default&#8221; custom_button=&#8221;on&#8221; button_text_color=&#8221;#FFFFFF&#8221; button_border_radius=&#8221;30px&#8221; global_colors_info=&#8221;{}&#8221;][\/et_pb_button][\/et_pb_column][et_pb_column type=&#8221;3_5&#8243; _builder_version=&#8221;4.19.2&#8243; _module_preset=&#8221;default&#8221; global_colors_info=&#8221;{}&#8221;][\/et_pb_column][\/et_pb_row][et_pb_row disabled_on=&#8221;on|on|off&#8221; _builder_version=&#8221;4.19.2&#8243; _module_preset=&#8221;default&#8221; width=&#8221;90%&#8221; max_width=&#8221;2000px&#8221; custom_margin=&#8221;100px|auto|0px|auto|false|false&#8221; custom_padding=&#8221;0px||0px||false|false&#8221; global_colors_info=&#8221;{}&#8221;][et_pb_column type=&#8221;4_4&#8243; _builder_version=&#8221;4.19.2&#8243; _module_preset=&#8221;default&#8221; global_colors_info=&#8221;{}&#8221;][et_pb_code _builder_version=&#8221;4.19.2&#8243; _module_preset=&#8221;default&#8221; min_height=&#8221;50px&#8221; global_colors_info=&#8221;{}&#8221;][\/et_pb_code][\/et_pb_column][\/et_pb_row][\/et_pb_section][et_pb_section fb_built=&#8221;1&#8243; _builder_version=&#8221;4.19.2&#8243; _module_preset=&#8221;default&#8221; global_colors_info=&#8221;{}&#8221;][et_pb_row _builder_version=&#8221;4.19.2&#8243; _module_preset=&#8221;default&#8221; global_colors_info=&#8221;{}&#8221;][et_pb_column type=&#8221;4_4&#8243; _builder_version=&#8221;4.19.2&#8243; _module_preset=&#8221;default&#8221; global_colors_info=&#8221;{}&#8221;][et_pb_text _builder_version=&#8221;4.19.2&#8243; _module_preset=&#8221;default&#8221; global_colors_info=&#8221;{}&#8221;]<\/p>\n<p class=\"pre-heading\">T\u00e9l\u00e9chargements<\/p>\n<h2>Certificats<\/h2>\n<p>[\/et_pb_text][\/et_pb_column][\/et_pb_row][et_pb_row column_structure=&#8221;1_2,1_2&#8243; _builder_version=&#8221;4.22.1&#8243; _module_preset=&#8221;default&#8221; saved_tabs=&#8221;all&#8221; global_colors_info=&#8221;{}&#8221;][et_pb_column type=&#8221;1_2&#8243; _builder_version=&#8221;4.19.2&#8243; _module_preset=&#8221;default&#8221; global_colors_info=&#8221;{}&#8221;][et_pb_text _builder_version=&#8221;4.27.4&#8243; _module_preset=&#8221;default&#8221; global_colors_info=&#8221;{}&#8221; locked=&#8221;off&#8221;]<a href=\"https:\/\/klumpp-19a5a.kxcdn.com\/wp-content\/uploads\/2025\/11\/2025-0230101_DEU_Klumpp-Mueller-GmbH-Co.KG_.pdf\" target=\"_blank\" class=\"underlined-link full-width\" rel=\"noopener\">DIN EN ISO 9001:2015<\/a>[\/et_pb_text][et_pb_text _builder_version=&#8221;4.27.4&#8243; _module_preset=&#8221;default&#8221; global_colors_info=&#8221;{}&#8221; locked=&#8221;off&#8221;]<\/p>\n<p><a href=\"https:\/\/klumpp-19a5a.kxcdn.com\/wp-content\/uploads\/2025\/11\/DIN-EN-ISO-140012015_klumpp-mueller.pdf\" target=\"_blank\" class=\"underlined-link full-width\" rel=\"noopener\">DIN EN ISO 14001:2015<\/a><\/p>\n<p>[\/et_pb_text][et_pb_text _builder_version=&#8221;4.20.0&#8243; _module_preset=&#8221;default&#8221; global_colors_info=&#8221;{}&#8221;]<\/p>\n<p><a class=\"underlined-link full-width\" href=\"https:\/\/klumpp-19a5a.kxcdn.com\/wp-content\/uploads\/2023\/03\/CargoLine-Informationssicherheits-Zertifikat-ISZ.pdf\" target=\"_blank\" rel=\"noopener\">CargoLine Certificat de s\u00e9curit\u00e9 des informations<\/a><\/p>\n<p>[\/et_pb_text][et_pb_text _builder_version=&#8221;4.20.0&#8243; _module_preset=&#8221;default&#8221; global_colors_info=&#8221;{}&#8221;]<\/p>\n<p><a class=\"underlined-link full-width\" href=\"https:\/\/klumpp-19a5a.kxcdn.com\/wp-content\/uploads\/2023\/03\/EU-Lizenz-31-12-2032.pdf\" target=\"_blank\" rel=\"noopener\">EU-Licence 31-12-2032<\/a><\/p>\n<p>[\/et_pb_text][et_pb_text _builder_version=&#8221;4.20.0&#8243; _module_preset=&#8221;default&#8221; global_colors_info=&#8221;{}&#8221;]<\/p>\n<p><a class=\"underlined-link full-width\" href=\"https:\/\/klumpp-19a5a.kxcdn.com\/wp-content\/uploads\/2023\/03\/image2017-09-15-001537.pdf\" target=\"_blank\" rel=\"noopener\">Organisme de contr\u00f4le pour la r\u00e9alisation de contr\u00f4les phytosanitaires<\/a><\/p>\n<p>[\/et_pb_text][et_pb_text _builder_version=&#8221;4.19.2&#8243; _module_preset=&#8221;default&#8221; global_colors_info=&#8221;{}&#8221;]<\/p>\n<p><a class=\"underlined-link full-width\" href=\"https:\/\/klumpp-19a5a.kxcdn.com\/wp-content\/uploads\/2023\/03\/Zertifikat-12642-XL-Auflieger.pdf\" target=\"_blank\" rel=\"noopener\">Certificat 12642 remorque code XL<\/a><\/p>\n<p>[\/et_pb_text][et_pb_text _builder_version=&#8221;4.27.0&#8243; _module_preset=&#8221;default&#8221; global_colors_info=&#8221;{}&#8221;]<\/p>\n<p><a class=\"underlined-link full-width\" href=\"https:\/\/klumpp-19a5a.kxcdn.com\/\/wp-content\/uploads\/2024\/08\/2024_08_07_20754_Klumpp-Mueller-GmbH-Co.-KG_Bescheinigung.pdf\" target=\"_blank\" rel=\"noopener\">Biologique\/\u00e9cologique R\u00e8glement 2018\/848<\/a><\/p>\n<p>[\/et_pb_text][et_pb_text _builder_version=&#8221;4.23&#8243; _module_preset=&#8221;default&#8221; global_colors_info=&#8221;{}&#8221;]<\/p>\n<p><a href=\"\/\/klumpp-19a5a.kxcdn.com\/wp-content\/uploads\/2023\/09\/DIN-EN-ISO-9001-2015.pdf\" target=\"_blank\" class=\"underlined-link full-width\" rel=\"noopener\">DIN EN 9001 2015 Kehl St\u00fcckgutsystemverkehre<\/a><\/p>\n<p>[\/et_pb_text][et_pb_text _builder_version=&#8221;4.23&#8243; _module_preset=&#8221;default&#8221; global_colors_info=&#8221;{}&#8221;]<\/p>\n<p><a href=\"\/\/klumpp-19a5a.kxcdn.com\/wp-content\/uploads\/2023\/10\/Zertifikat-Nr.-DE-AEOF-101569.pdf\" target=\"_blank\" class=\"underlined-link full-width\" rel=\"noopener\">Op\u00e9rateur \u00e9conomique agr\u00e9\u00e9<\/a><\/p>\n<p>[\/et_pb_text][\/et_pb_column][et_pb_column type=&#8221;1_2&#8243; _builder_version=&#8221;4.19.2&#8243; _module_preset=&#8221;default&#8221; global_colors_info=&#8221;{}&#8221;][et_pb_text _builder_version=&#8221;4.20.0&#8243; _module_preset=&#8221;default&#8221; global_colors_info=&#8221;{}&#8221;]<\/p>\n<p><a class=\"underlined-link full-width\" href=\"https:\/\/klumpp-19a5a.kxcdn.com\/wp-content\/uploads\/2023\/03\/Erlaubnisanzeige-Transport-nicht-gefaehrlicher-Abfaelle.pdf\" target=\"_blank\" rel=\"noopener\">Demande d\u2019autorisation de transport de d\u00e9chets non dangereux<\/a><\/p>\n<p>[\/et_pb_text][et_pb_text _builder_version=&#8221;4.27.4&#8243; _module_preset=&#8221;default&#8221; global_colors_info=&#8221;{}&#8221;]<a class=\"underlined-link full-width\" href=\"\/\/klumpp-19a5a.kxcdn.com\/wp-content\/uploads\/2025\/08\/IFS-Zertifikat_Klumpp-Mueller-GmbH-Co.-KG_2025.pdf\" target=\"_blank\" rel=\"noopener\">IFS Certificat_Klumpp + M\u00fcller GmbH &amp; Co. KG<\/a>[\/et_pb_text][et_pb_text _builder_version=&#8221;4.27.0&#8243; _module_preset=&#8221;default&#8221; global_colors_info=&#8221;{}&#8221;]<\/p>\n<p><a class=\"underlined-link full-width\" href=\"\/\/klumpp-19a5a.kxcdn.com\/wp-content\/uploads\/2024\/11\/0592.24-7-KlumppMueller-GmbH-Co.KG-77694-Kehl.pdf\" target=\"_blank\" rel=\"noopener\">Safe-Certificat SU Klumpp + M\u00fcller<\/a><\/p>\n<p>[\/et_pb_text][et_pb_text _builder_version=&#8221;4.24.2&#8243; _module_preset=&#8221;default&#8221; global_colors_info=&#8221;{}&#8221;]<\/p>\n<p><a href=\"\/\/klumpp-19a5a.kxcdn.com\/wp-content\/uploads\/2024\/03\/SQAS-Summary-Report-Klumpp-Mueller-GmbH-Co.-KG_Kehl_2023.pdf\" target=\"_blank\" class=\"underlined-link full-width\" rel=\"noopener\" title=\"\/\/klumpp-19a5a.kxcdn.com\/wp-content\/uploads\/2023\/03\/SQAS-Summary-Report-Klumpp-Mueller-GmbH-Co.-KG_Kehl_2020.pdf\">SQAS Summary Report Kehl 2023<\/a><\/p>\n<p>[\/et_pb_text][et_pb_text _builder_version=&#8221;4.27.3&#8243; _module_preset=&#8221;default&#8221; global_colors_info=&#8221;{}&#8221;]<\/p>\n<p><a href=\"\/\/klumpp-19a5a.kxcdn.com\/wp-content\/uploads\/2025\/01\/Certificate-Klumpp-Muller-9001-DEU.pdf\" target=\"_blank\" class=\"underlined-link full-width\" rel=\"noopener\">9001 2015 Kehl St\u00fcckgutsystemverkehre<\/a><\/p>\n<p>[\/et_pb_text][et_pb_text _builder_version=&#8221;4.23&#8243; _module_preset=&#8221;default&#8221; global_colors_info=&#8221;{}&#8221;]<\/p>\n<p><a href=\"\/\/klumpp-19a5a.kxcdn.com\/wp-content\/uploads\/2023\/09\/DIN-EN-ISO-14001-2015.pdf\" target=\"_blank\" class=\"underlined-link full-width\" rel=\"noopener\">DIN EN 14001 2015 Kehl St\u00fcckgutsystemverkehre<\/a><\/p>\n<p>[\/et_pb_text][et_pb_text _builder_version=&#8221;4.23&#8243; _module_preset=&#8221;default&#8221; global_colors_info=&#8221;{}&#8221;]<\/p>\n<p><a href=\"\/\/klumpp-19a5a.kxcdn.com\/wp-content\/uploads\/2023\/10\/Konformitaetsbescheinigung-HACCP-Kehl-Stueckgutsystemverkehre.pdf\" target=\"_blank\" class=\"underlined-link full-width\" rel=\"noopener\">Certificat de conformit\u00e9 HACCP Kehl St\u00fcckgutsystemverkehre<\/a><\/p>\n<p>[\/et_pb_text][\/et_pb_column][\/et_pb_row][\/et_pb_section][et_pb_section fb_built=&#8221;1&#8243; module_id=&#8221;unternehmen&#8221; _builder_version=&#8221;4.19.2&#8243; _module_preset=&#8221;default&#8221; locked=&#8221;off&#8221; global_colors_info=&#8221;{}&#8221;][et_pb_row column_structure=&#8221;1_2,1_2&#8243; make_equal=&#8221;on&#8221; _builder_version=&#8221;4.19.2&#8243; _module_preset=&#8221;default&#8221; use_background_color_gradient=&#8221;on&#8221; background_color_gradient_stops=&#8221;#fafafa 0%|#fafafa 100%&#8221; background_image=&#8221;https:\/\/klumpp-19a5a.kxcdn.com\/wp-content\/uploads\/2022\/11\/v5-small-outline-1.svg&#8221; background_size=&#8221;initial&#8221; background_position=&#8221;center_left&#8221; min_height=&#8221;350px&#8221; custom_margin=&#8221;50px|auto|50px|auto||&#8221; custom_padding=&#8221;40px|40px|40px|40px|false|false&#8221; locked=&#8221;off&#8221; global_colors_info=&#8221;{}&#8221;][et_pb_column type=&#8221;1_2&#8243; _builder_version=&#8221;4.19.2&#8243; _module_preset=&#8221;default&#8221; custom_css_main_element=&#8221;display: flex;||flex-direction: column;||justify-content: space-between;&#8221; global_colors_info=&#8221;{}&#8221;][et_pb_text _builder_version=&#8221;4.23.1&#8243; _module_preset=&#8221;default&#8221; global_colors_info=&#8221;{}&#8221;]<\/p>\n<p class=\"pre-heading\">Nous livrons<\/p>\n<h2>Logistique verte \u2013<br \/>m\u00eame sur le dernier kilom\u00e8tre<\/h2>\n<p>[\/et_pb_text][et_pb_text _builder_version=&#8221;4.19.2&#8243; _module_preset=&#8221;default&#8221; text_font_size=&#8221;20px&#8221; text_font_size_tablet=&#8221;20px&#8221; text_font_size_phone=&#8221;15px&#8221; text_font_size_last_edited=&#8221;on|phone&#8221; global_colors_info=&#8221;{}&#8221;]<\/p>\n<div class=\"icon-cargoline-logo-text\"><span class=\"path1\"><\/span><span class=\"path2\"><\/span><span class=\"path3\"><\/span><\/div>\n<p>[\/et_pb_text][\/et_pb_column][et_pb_column type=&#8221;1_2&#8243; _builder_version=&#8221;4.19.2&#8243; _module_preset=&#8221;default&#8221; custom_css_main_element=&#8221;display: flex;||flex-direction: column;||justify-content: space-between;&#8221; global_colors_info=&#8221;{}&#8221;][et_pb_text _builder_version=&#8221;4.23.1&#8243; _module_preset=&#8221;default&#8221; global_colors_info=&#8221;{}&#8221;]<\/p>\n<p>En tant qu&#8217;entreprise de taille moyenne, sans groupe, bas\u00e9e \u00e0 Kehl dans le Rhin sup\u00e9rieur, nous ne d\u00e9pla\u00e7ons pas seulement les biens de nos clients, nous nous d\u00e9pla\u00e7ons aussi nous-m\u00eames. Le processus de transformation vers la durabilit\u00e9 d\u00e9termine notre avenir. En continuant \u00e0 d\u00e9velopper notre offre trimodale dans l&#8217;un des ports fluviaux les plus importants d&#8217;Allemagne, en \u00e9lectrifiant une partie de notre parc de v\u00e9hicules et en nous num\u00e9risant encore plus, nous favorisons \u00e9galement les int\u00e9r\u00eats de nos partenaires commerciaux. Klumpp + M\u00fcller en tant que transporteur dans votre cha\u00eene d&#8217;approvisionnement signifie : une logistique intelligente et durable jusqu&#8217;\u00e0 la destination finale !<\/p>\n<p>[\/et_pb_text][et_pb_button button_url=&#8221;\/kontakt\/&#8221; url_new_window=&#8221;on&#8221; button_text=&#8221;Faire une demande maintenant&#8221; _builder_version=&#8221;4.23.1&#8243; _module_preset=&#8221;default&#8221; custom_button=&#8221;on&#8221; button_text_size=&#8221;15px&#8221; button_text_color=&#8221;#000000&#8243; button_border_width=&#8221;2px&#8221; button_border_radius=&#8221;30px&#8221; button_font=&#8221;|300|||||||&#8221; global_colors_info=&#8221;{}&#8221;][\/et_pb_button][\/et_pb_column][\/et_pb_row][\/et_pb_section]<\/p>\n","protected":false},"excerpt":{"rendered":"<p>LogistiqueTransports par voie fluviale Une qualit\u00e9 fiable chez Klumpp + M\u00fcllerT\u00e9l\u00e9chargements CertificatsDIN EN ISO 9001:2015DIN EN ISO 14001:2015CargoLine Certificat de s\u00e9curit\u00e9 des informationsEU-Licence 31-12-2032Organisme de contr\u00f4le pour la r\u00e9alisation de contr\u00f4les phytosanitairesCertificat 12642 remorque code XLBiologique\/\u00e9cologique R\u00e8glement 2018\/848DIN EN 9001 2015 Kehl St\u00fcckgutsystemverkehreOp\u00e9rateur \u00e9conomique agr\u00e9\u00e9Demande d\u2019autorisation de transport de d\u00e9chets non dangereuxIFS Certificat_Klumpp + M\u00fcller [&hellip;]<\/p>\n","protected":false},"author":1,"featured_media":1114,"parent":0,"menu_order":0,"comment_status":"closed","ping_status":"closed","template":"","meta":{"_acf_changed":false,"_et_pb_use_builder":"on","_et_pb_old_content":"","_et_gb_content_width":"","inline_featured_image":false,"footnotes":""},"categories":[],"tags":[],"service_type":[],"class_list":["post-2062","page","type-page","status-publish","has-post-thumbnail","hentry"],"acf":[],"tag_names":[],"category_names":[],"thumbnail":"https:\/\/klumpp-19a5a.kxcdn.com\/wp-content\/uploads\/2023\/03\/kopfmedia-klumpp-Zoll-Lager-2000px-1.webp","_links":{"self":[{"href":"https:\/\/www.klumpp.com\/fr\/wp-json\/wp\/v2\/pages\/2062","targetHints":{"allow":["GET"]}}],"collection":[{"href":"https:\/\/www.klumpp.com\/fr\/wp-json\/wp\/v2\/pages"}],"about":[{"href":"https:\/\/www.klumpp.com\/fr\/wp-json\/wp\/v2\/types\/page"}],"author":[{"embeddable":true,"href":"https:\/\/www.klumpp.com\/fr\/wp-json\/wp\/v2\/users\/1"}],"replies":[{"embeddable":true,"href":"https:\/\/www.klumpp.com\/fr\/wp-json\/wp\/v2\/comments?post=2062"}],"version-history":[{"count":22,"href":"https:\/\/www.klumpp.com\/fr\/wp-json\/wp\/v2\/pages\/2062\/revisions"}],"predecessor-version":[{"id":9651,"href":"https:\/\/www.klumpp.com\/fr\/wp-json\/wp\/v2\/pages\/2062\/revisions\/9651"}],"wp:featuredmedia":[{"embeddable":true,"href":"https:\/\/www.klumpp.com\/fr\/wp-json\/wp\/v2\/media\/1114"}],"wp:attachment":[{"href":"https:\/\/www.klumpp.com\/fr\/wp-json\/wp\/v2\/media?parent=2062"}],"wp:term":[{"taxonomy":"category","embeddable":true,"href":"https:\/\/www.klumpp.com\/fr\/wp-json\/wp\/v2\/categories?post=2062"},{"taxonomy":"post_tag","embeddable":true,"href":"https:\/\/www.klumpp.com\/fr\/wp-json\/wp\/v2\/tags?post=2062"},{"taxonomy":"service_type","embeddable":true,"href":"https:\/\/www.klumpp.com\/fr\/wp-json\/wp\/v2\/service_type?post=2062"}],"curies":[{"name":"wp","href":"https:\/\/api.w.org\/{rel}","templated":true}]}}