{"id":2058,"date":"2022-11-29T10:46:46","date_gmt":"2022-11-29T09:46:46","guid":{"rendered":"https:\/\/www.klumpp.com\/plateforme-de-candidature\/"},"modified":"2025-09-17T10:55:39","modified_gmt":"2025-09-17T08:55:39","slug":"plateforme-de-candidature","status":"publish","type":"page","link":"https:\/\/www.klumpp.com\/fr\/plateforme-de-candidature\/","title":{"rendered":"Plateforme de candidature"},"content":{"rendered":"<p>[et_pb_section fb_built=&#8221;1&#8243; module_id=&#8221;page-hero&#8221; _builder_version=&#8221;4.20.0&#8243; _module_preset=&#8221;default&#8221; use_background_color_gradient=&#8221;on&#8221; background_color_gradient_stops=&#8221;rgba(0,0,0,0.2) 0%|rgba(0,0,0,0.2) 100%&#8221; background_color_gradient_overlays_image=&#8221;on&#8221; background_image=&#8221;https:\/\/klumpp-19a5a.kxcdn.com\/wp-content\/uploads\/2023\/03\/kopfmedia-klumpp-bewerbungsplatform-2000px-min.webp&#8221; background_position=&#8221;top_center&#8221; background_vertical_offset=&#8221;54%&#8221; height=&#8221;750px&#8221; max_height=&#8221;90vh&#8221; custom_margin=&#8221;0px||0px||false|false&#8221; custom_padding=&#8221;0px||0px||false|false&#8221; global_colors_info=&#8221;{}&#8221;][et_pb_row column_structure=&#8221;2_5,3_5&#8243; _builder_version=&#8221;4.19.2&#8243; _module_preset=&#8221;default&#8221; width=&#8221;90%&#8221; max_width=&#8221;2000px&#8221; custom_margin=&#8221;|auto|100px|auto||&#8221; global_colors_info=&#8221;{}&#8221; max_width__hover_enabled=&#8221;on|desktop&#8221; max_width__hover=&#8221;2000px&#8221;][et_pb_column type=&#8221;2_5&#8243; _builder_version=&#8221;4.19.2&#8243; _module_preset=&#8221;default&#8221; global_colors_info=&#8221;{}&#8221;][et_pb_code _builder_version=&#8221;4.19.2&#8243; _module_preset=&#8221;default&#8221; global_colors_info=&#8221;{}&#8221;][\/et_pb_code][et_pb_text _builder_version=&#8221;4.19.2&#8243; _module_preset=&#8221;default&#8221; text_text_color=&#8221;#FFFFFF&#8221; header_text_color=&#8221;#FFFFFF&#8221; custom_margin=&#8221;||20px||false|false&#8221; global_colors_info=&#8221;{}&#8221;]<\/p>\n<p><span>Carri\u00e8re<\/span><\/p>\n<p>[\/et_pb_text][et_pb_text _builder_version=&#8221;4.19.2&#8243; _module_preset=&#8221;default&#8221; header_text_color=&#8221;#FFFFFF&#8221; global_colors_info=&#8221;{}&#8221;]<\/p>\n<h1>Plateforme de candidature<\/h1>\n<p>[\/et_pb_text][et_pb_button button_url=&#8221;#application-section&#8221; button_text=&#8221;Postuler maintenant&#8221; _builder_version=&#8221;4.22.1&#8243; _module_preset=&#8221;default&#8221; custom_button=&#8221;on&#8221; button_text_color=&#8221;#FFFFFF&#8221; button_border_radius=&#8221;30px&#8221; global_colors_info=&#8221;{}&#8221;][\/et_pb_button][\/et_pb_column][et_pb_column type=&#8221;3_5&#8243; _builder_version=&#8221;4.19.2&#8243; _module_preset=&#8221;default&#8221; global_colors_info=&#8221;{}&#8221;][\/et_pb_column][\/et_pb_row][\/et_pb_section][et_pb_section fb_built=&#8221;1&#8243; module_id=&#8221;application-section&#8221; _builder_version=&#8221;4.22.1&#8243; _module_preset=&#8221;default&#8221; global_colors_info=&#8221;{}&#8221;][et_pb_row column_structure=&#8221;1_2,1_2&#8243; make_equal=&#8221;on&#8221; _builder_version=&#8221;4.19.2&#8243; _module_preset=&#8221;default&#8221; use_background_color_gradient=&#8221;on&#8221; background_color_gradient_stops=&#8221;#fafafa 0%|#fafafa 100%&#8221; background_image=&#8221;https:\/\/klumpp-19a5a.kxcdn.com\/wp-content\/uploads\/2022\/11\/v5-small-outline-1.svg&#8221; background_size=&#8221;initial&#8221; background_position=&#8221;center_left&#8221; min_height=&#8221;350px&#8221; custom_margin=&#8221;50px|auto|50px|auto||&#8221; custom_padding=&#8221;40px|40px|40px|40px|false|false&#8221; locked=&#8221;off&#8221; global_colors_info=&#8221;{}&#8221;][et_pb_column type=&#8221;1_2&#8243; _builder_version=&#8221;4.19.2&#8243; _module_preset=&#8221;default&#8221; custom_css_main_element=&#8221;display: flex;||flex-direction: column;||justify-content: space-between;&#8221; global_colors_info=&#8221;{}&#8221;][et_pb_text _builder_version=&#8221;4.23.1&#8243; _module_preset=&#8221;default&#8221; global_colors_info=&#8221;{}&#8221;]<\/p>\n<p class=\"pre-heading\">Entreprise<\/p>\n<h2>Une exp\u00e9rience r\u00e9susie.<br \/>\nde 1953 \u00e0 aujourd\u00b4hui.<\/h2>\n<p>[\/et_pb_text][et_pb_text _builder_version=&#8221;4.19.2&#8243; _module_preset=&#8221;default&#8221; text_font_size=&#8221;45px&#8221; text_font_size_tablet=&#8221;20px&#8221; text_font_size_phone=&#8221;15px&#8221; text_font_size_last_edited=&#8221;on|phone&#8221; global_colors_info=&#8221;{}&#8221;]<span class=\"icon-klumppmueller-logo\"><span class=\"path1\"><\/span><span class=\"path2\"><\/span><span class=\"path3\"><\/span><span class=\"path4\"><\/span><span class=\"path5\"><\/span><span class=\"path6\"><\/span><span class=\"path7\"><\/span><span class=\"path8\"><\/span><span class=\"path9\"><\/span><span class=\"path10\"><\/span><span class=\"path11\"><\/span><span class=\"path12\"><\/span><span class=\"path13\"><\/span><span class=\"path14\"><\/span><span class=\"path15\"><\/span><span class=\"path16\"><\/span><\/span>[\/et_pb_text][\/et_pb_column][et_pb_column type=&#8221;1_2&#8243; _builder_version=&#8221;4.19.2&#8243; _module_preset=&#8221;default&#8221; custom_css_main_element=&#8221;display: flex;||flex-direction: column;||justify-content: space-between;&#8221; global_colors_info=&#8221;{}&#8221;][et_pb_text _builder_version=&#8221;4.27.4&#8243; _module_preset=&#8221;default&#8221; hover_enabled=&#8221;0&#8243; global_colors_info=&#8221;{}&#8221; sticky_enabled=&#8221;0&#8243;]<\/p>\n<p data-start=\"58\" data-end=\"325\">Enrichissez notre \u00e9quipe \u2013 postulez en quelques minutes seulement !<br data-start=\"129\" data-end=\"132\" \/>Klumpp + M\u00fcller vous offre une atmosph\u00e8re de travail accueillante, des Corporate Benefits, une assurance maladie compl\u00e9mentaire, des avantages en nature exon\u00e9r\u00e9s d&#8217;imp\u00f4ts et bien plus encore. En tant qu&#8217;entreprise de logistique performante ayant son si\u00e8ge \u00e0 Kehl, nous sommes actifs dans les r\u00e9gions de Kehl, Offenburg, Achern, Oberkirch, Baden-Baden, Lahr, Freudenstadt et leurs environs. Devenez membre de notre \u00e9quipe de PME \u00e0 succ\u00e8s !<\/p>\n<p>[\/et_pb_text][et_pb_button button_url=&#8221;#bewerberportal&#8221; button_text=&#8221;postulez maintenant&#8221; _builder_version=&#8221;4.23.1&#8243; _module_preset=&#8221;default&#8221; custom_button=&#8221;on&#8221; button_text_size=&#8221;15px&#8221; button_text_color=&#8221;#000000&#8243; button_border_width=&#8221;2px&#8221; button_border_radius=&#8221;30px&#8221; button_font=&#8221;|300|||||||&#8221; global_colors_info=&#8221;{}&#8221;][\/et_pb_button][\/et_pb_column][\/et_pb_row][et_pb_row module_id=&#8221;bewerberportal&#8221; _builder_version=&#8221;4.27.3&#8243; _module_preset=&#8221;default&#8221; global_colors_info=&#8221;{}&#8221;][et_pb_column type=&#8221;4_4&#8243; _builder_version=&#8221;4.19.2&#8243; _module_preset=&#8221;default&#8221; global_colors_info=&#8221;{}&#8221;][et_pb_code disabled_on=&#8221;off|off|off&#8221; _builder_version=&#8221;4.27.3&#8243; _module_preset=&#8221;default&#8221; global_colors_info=&#8221;{}&#8221;]<div id=\"vue-wordpress-app-442fe373-37b7-4b0e-9327-5cd66b0f1c52\" data-app-url=\"https:\/\/www.klumpp.com\" data-fcaptcha-sitekey=\"FCMHA65IB5EOLSTM\" data-component=\"application-portal\" data-lang=\"fr\"><\/div>[\/et_pb_code][\/et_pb_column][\/et_pb_row][\/et_pb_section][et_pb_section fb_built=&#8221;1&#8243; _builder_version=&#8221;4.19.2&#8243; _module_preset=&#8221;default&#8221; background_color=&#8221;RGBA(255,255,255,0)&#8221; global_colors_info=&#8221;{}&#8221;][et_pb_row column_structure=&#8221;2_5,3_5&#8243; _builder_version=&#8221;4.19.2&#8243; _module_preset=&#8221;default&#8221; global_colors_info=&#8221;{}&#8221;][et_pb_column type=&#8221;2_5&#8243; _builder_version=&#8221;4.19.2&#8243; _module_preset=&#8221;default&#8221; global_colors_info=&#8221;{}&#8221;][et_pb_text _builder_version=&#8221;4.19.2&#8243; _module_preset=&#8221;default&#8221; global_colors_info=&#8221;{}&#8221;]<\/p>\n<p class=\"pre-heading\">Actualit\u00e9s<\/p>\n<h2>Th\u00e8mes actuels <br \/> chez Klumpp + M\u00fcller<\/h2>\n<p>[\/et_pb_text][\/et_pb_column][et_pb_column type=&#8221;3_5&#8243; _builder_version=&#8221;4.19.2&#8243; _module_preset=&#8221;default&#8221; global_colors_info=&#8221;{}&#8221;][\/et_pb_column][\/et_pb_row][et_pb_row _builder_version=&#8221;4.19.2&#8243; _module_preset=&#8221;default&#8221; width_tablet=&#8221;&#8221; width_phone=&#8221;100%&#8221; width_last_edited=&#8221;on|phone&#8221; global_colors_info=&#8221;{}&#8221;][et_pb_column type=&#8221;4_4&#8243; _builder_version=&#8221;4.19.2&#8243; _module_preset=&#8221;default&#8221; global_colors_info=&#8221;{}&#8221;][et_pb_code _builder_version=&#8221;4.19.2&#8243; _module_preset=&#8221;default&#8221; global_colors_info=&#8221;{}&#8221;]<div class=\"card-slider\">    <div>\r\n        <div class=\"card-slide not-selected-slide\">\r\n            <div class=\"card-overlay\">\r\n                <div class=\"card-text\">\r\n                    <a href=\"https:\/\/www.klumpp.com\/fr\/cargotime-02-2025-le-magazine-client-de-cargoline\/\">\r\n                        <p class='pre-heading'>\r\n                            CargoTime                        <\/p>\r\n                        <h3>CargoTime 02\/2025, le magazine client de CargoLine<\/h3>                    <\/a>\r\n                <\/div>\r\n                <a class=\"btn-pill\" href=\"https:\/\/www.klumpp.com\/fr\/cargotime-02-2025-le-magazine-client-de-cargoline\/\">\r\n                    learn more                <\/a>\r\n            <\/div>\r\n\r\n                            <img decoding=\"async\" src=\"https:\/\/klumpp-19a5a.kxcdn.com\/wp-content\/uploads\/2025\/12\/cargotime-02-20225-768x1086.webp\"\r\n                    alt=\"\" \/>\r\n                    <\/div>\r\n    <\/div>\r\n        <div>\r\n        <div class=\"card-slide not-selected-slide\">\r\n            <div class=\"card-overlay\">\r\n                <div class=\"card-text\">\r\n                    <a href=\"https:\/\/www.klumpp.com\/fr\/le-portail-client-cepra-desormais-disponible-sous-forme-dapplication\/\">\r\n                        <p class='pre-heading'>\r\n                            CargoLine                        <\/p>\r\n                        <h3>Le portail client Cepra d\u00e9sormais disponible sous forme d&#8217;application !<\/h3>                    <\/a>\r\n                <\/div>\r\n                <a class=\"btn-pill\" href=\"https:\/\/www.klumpp.com\/fr\/le-portail-client-cepra-desormais-disponible-sous-forme-dapplication\/\">\r\n                    learn more                <\/a>\r\n            <\/div>\r\n\r\n                            <img decoding=\"async\" src=\"https:\/\/klumpp-19a5a.kxcdn.com\/wp-content\/uploads\/2025\/06\/CargoLine_Cepra_Kunden-App2-1-768x554.webp\"\r\n                    alt=\"\" \/>\r\n                    <\/div>\r\n    <\/div>\r\n        <div>\r\n        <div class=\"card-slide not-selected-slide\">\r\n            <div class=\"card-overlay\">\r\n                <div class=\"card-text\">\r\n                    <a href=\"https:\/\/www.klumpp.com\/fr\/cargotime-01-2025\/\">\r\n                        <p class='pre-heading'>\r\n                            CargoTime                        <\/p>\r\n                        <h3>CargoTime 01\/2025<\/h3>                    <\/a>\r\n                <\/div>\r\n                <a class=\"btn-pill\" href=\"https:\/\/www.klumpp.com\/fr\/cargotime-01-2025\/\">\r\n                    learn more                <\/a>\r\n            <\/div>\r\n\r\n                            <img decoding=\"async\" src=\"https:\/\/klumpp-19a5a.kxcdn.com\/wp-content\/uploads\/2025\/06\/CargoTime-1-2025-Titelbild-768x1091.webp\"\r\n                    alt=\"\" \/>\r\n                    <\/div>\r\n    <\/div>\r\n        <div>\r\n        <div class=\"card-slide not-selected-slide\">\r\n            <div class=\"card-overlay\">\r\n                <div class=\"card-text\">\r\n                    <a href=\"https:\/\/www.klumpp.com\/fr\/partenariat-entre-sievert-logistik-klumpp-amp-mueller-et-leuro-terminal-de-kehl\/\">\r\n                        <p class='pre-heading'>\r\n                            Durabilit\u00e9                        <\/p>\r\n                        <h3>Partenariat entre Sievert Logistik, Klumpp &amp;amp ; M\u00fcller et l&#8217;Euro-Terminal de Kehl<\/h3>                    <\/a>\r\n                <\/div>\r\n                <a class=\"btn-pill\" href=\"https:\/\/www.klumpp.com\/fr\/partenariat-entre-sievert-logistik-klumpp-amp-mueller-et-leuro-terminal-de-kehl\/\">\r\n                    learn more                <\/a>\r\n            <\/div>\r\n\r\n                            <img decoding=\"async\" src=\"https:\/\/klumpp-19a5a.kxcdn.com\/wp-content\/uploads\/2025\/02\/kopfmedia_etk_sievert_logistik_2000px-42861-768x512.webp\"\r\n                    alt=\"Sievert, Klumpp + M\u00fcller &amp; ETK Partnerschaft\" \/>\r\n                    <\/div>\r\n    <\/div>\r\n        <div>\r\n        <div class=\"card-slide not-selected-slide\">\r\n            <div class=\"card-overlay\">\r\n                <div class=\"card-text\">\r\n                    <a href=\"https:\/\/www.klumpp.com\/fr\/electromobilite-et-trimodalite-lavenir-de-la-logistique-avec-klumpp-mueller\/\">\r\n                        <p class='pre-heading'>\r\n                            Nachhaltigkeit                        <\/p>\r\n                        <h3>Electromobilit\u00e9 et trimodalit\u00e9 : l&#8217;avenir de la logistique avec Klumpp + M\u00fcller<\/h3>                    <\/a>\r\n                <\/div>\r\n                <a class=\"btn-pill\" href=\"https:\/\/www.klumpp.com\/fr\/electromobilite-et-trimodalite-lavenir-de-la-logistique-avec-klumpp-mueller\/\">\r\n                    learn more                <\/a>\r\n            <\/div>\r\n\r\n                            <img decoding=\"async\" src=\"https:\/\/klumpp-19a5a.kxcdn.com\/wp-content\/uploads\/2024\/03\/kopfmedia_klumpp_e-lkw_schwarzwald-17-768x405.webp\"\r\n                    alt=\"\" \/>\r\n                    <\/div>\r\n    <\/div>\r\n        <div>\r\n        <div class=\"card-slide not-selected-slide\">\r\n            <div class=\"card-overlay\">\r\n                <div class=\"card-text\">\r\n                    <a href=\"https:\/\/www.klumpp.com\/fr\/cargotime-02-2024-le-magazine-des-clients-de-cargoline\/\">\r\n                        <p class='pre-heading'>\r\n                            CargoTime                        <\/p>\r\n                        <h3>CargoTime 02\/2024<\/h3>                    <\/a>\r\n                <\/div>\r\n                <a class=\"btn-pill\" href=\"https:\/\/www.klumpp.com\/fr\/cargotime-02-2024-le-magazine-des-clients-de-cargoline\/\">\r\n                    learn more                <\/a>\r\n            <\/div>\r\n\r\n                            <img decoding=\"async\" src=\"https:\/\/klumpp-19a5a.kxcdn.com\/wp-content\/uploads\/2024\/12\/CargoTime_2-24-2-titel-bild-768x1043.webp\"\r\n                    alt=\"\" \/>\r\n                    <\/div>\r\n    <\/div>\r\n        <div>\r\n        <div class=\"card-slide not-selected-slide\">\r\n            <div class=\"card-overlay\">\r\n                <div class=\"card-text\">\r\n                    <a href=\"https:\/\/www.klumpp.com\/fr\/cargotime-01-2024\/\">\r\n                        <p class='pre-heading'>\r\n                            CargoTime                        <\/p>\r\n                        <h3>CargoTime 01 \/ 2024<\/h3>                    <\/a>\r\n                <\/div>\r\n                <a class=\"btn-pill\" href=\"https:\/\/www.klumpp.com\/fr\/cargotime-01-2024\/\">\r\n                    learn more                <\/a>\r\n            <\/div>\r\n\r\n                            <img decoding=\"async\" src=\"https:\/\/klumpp-19a5a.kxcdn.com\/wp-content\/uploads\/2024\/09\/CargoTime_1-24_D-3-bilder-0-768x1086.jpg\"\r\n                    alt=\"\" \/>\r\n                    <\/div>\r\n    <\/div>\r\n        <div>\r\n        <div class=\"card-slide not-selected-slide\">\r\n            <div class=\"card-overlay\">\r\n                <div class=\"card-text\">\r\n                    <a href=\"https:\/\/www.klumpp.com\/fr\/cargotime-02-2023\/\">\r\n                        <p class='pre-heading'>\r\n                            CargoTime                        <\/p>\r\n                        <h3>CargoTime 02 \/ 2023<\/h3>                    <\/a>\r\n                <\/div>\r\n                <a class=\"btn-pill\" href=\"https:\/\/www.klumpp.com\/fr\/cargotime-02-2023\/\">\r\n                    learn more                <\/a>\r\n            <\/div>\r\n\r\n                            <img decoding=\"async\" src=\"https:\/\/klumpp-19a5a.kxcdn.com\/wp-content\/uploads\/2024\/02\/kopfmedia_klumpp_mueller_cargotime_23_01-768x768.webp\"\r\n                    alt=\"cargotime zeitschrif - klumpp m\u00fcller kehl\" \/>\r\n                    <\/div>\r\n    <\/div>\r\n        <div>\r\n        <div class=\"card-slide not-selected-slide\">\r\n            <div class=\"card-overlay\">\r\n                <div class=\"card-text\">\r\n                    <a href=\"https:\/\/www.klumpp.com\/fr\/plein-enthousiasme-pour-les-camions-electriques-je-ne-veux-plus-conduire-autre-chose\/\">\r\n                        <p class='pre-heading'>\r\n                            Durabilit\u00e9                        <\/p>\r\n                        <h3>Frank Harms : \u00ab Je ne veux plus rien conduire d&#8217;autre \u00bb.<\/h3>                    <\/a>\r\n                <\/div>\r\n                <a class=\"btn-pill\" href=\"https:\/\/www.klumpp.com\/fr\/plein-enthousiasme-pour-les-camions-electriques-je-ne-veux-plus-conduire-autre-chose\/\">\r\n                    learn more                <\/a>\r\n            <\/div>\r\n\r\n                            <img decoding=\"async\" src=\"https:\/\/klumpp-19a5a.kxcdn.com\/wp-content\/uploads\/2023\/10\/kopfmedia_klumppmueller_ETCA_1200px-6-768x1152.webp\"\r\n                    alt=\"Neue Elkto Lkws bei der Spedition Klumpp + M\u00fcller\" \/>\r\n                    <\/div>\r\n    <\/div>\r\n        <div>\r\n        <div class=\"card-slide not-selected-slide\">\r\n            <div class=\"card-overlay\">\r\n                <div class=\"card-text\">\r\n                    <a href=\"https:\/\/www.klumpp.com\/fr\/augmentation-des-peages-jusqua-83-nous-avons-la-solution\/\">\r\n                        <p class='pre-heading'>\r\n                            Durabilit\u00e9                        <\/p>\r\n                        <h3>Augmentation des p\u00e9ages jusqu&#8217;\u00e0 83%.nous avons la solution !<\/h3>                    <\/a>\r\n                <\/div>\r\n                <a class=\"btn-pill\" href=\"https:\/\/www.klumpp.com\/fr\/augmentation-des-peages-jusqua-83-nous-avons-la-solution\/\">\r\n                    learn more                <\/a>\r\n            <\/div>\r\n\r\n                            <img decoding=\"async\" src=\"https:\/\/klumpp-19a5a.kxcdn.com\/wp-content\/uploads\/2023\/10\/kopfmedia_klumppmueller_thumbnail-maut-lkw-2000px-768x405.jpg\"\r\n                    alt=\"Neue Elkto Lkws bei der Spedition Klumpp + M\u00fcller\" \/>\r\n                    <\/div>\r\n    <\/div>\r\n    <\/div>[\/et_pb_code][\/et_pb_column][\/et_pb_row][\/et_pb_section]<\/p>\n","protected":false},"excerpt":{"rendered":"<p>Actualit\u00e9sAugmentation des p\u00e9ages jusqu&#8217;\u00e0 83Nous avons la solution !P\u00e9age Informations sur l&#8217;augmentation des p\u00e9ages \u00e0 partir du 01.12.2023\u00c0 partir du 1er d\u00e9cembre 2023, les classes d&#8217;\u00e9missions de CO2 seront introduites dans le p\u00e9age comme nouvelle caract\u00e9ristique tarifaire bas\u00e9e sur la loi de modification du p\u00e9age adopt\u00e9e par le gouvernement f\u00e9d\u00e9ral. Par cons\u00e9quent, le p\u00e9age pour [&hellip;]<\/p>\n","protected":false},"author":1,"featured_media":2969,"parent":0,"menu_order":0,"comment_status":"closed","ping_status":"closed","template":"","meta":{"_acf_changed":false,"_et_pb_use_builder":"on","_et_pb_old_content":"","_et_gb_content_width":"","inline_featured_image":false,"footnotes":""},"categories":[],"tags":[],"service_type":[],"class_list":["post-2058","page","type-page","status-publish","has-post-thumbnail","hentry"],"acf":[],"tag_names":[],"category_names":[],"thumbnail":"https:\/\/klumpp-19a5a.kxcdn.com\/wp-content\/uploads\/2023\/07\/Frame-922.webp","_links":{"self":[{"href":"https:\/\/www.klumpp.com\/fr\/wp-json\/wp\/v2\/pages\/2058","targetHints":{"allow":["GET"]}}],"collection":[{"href":"https:\/\/www.klumpp.com\/fr\/wp-json\/wp\/v2\/pages"}],"about":[{"href":"https:\/\/www.klumpp.com\/fr\/wp-json\/wp\/v2\/types\/page"}],"author":[{"embeddable":true,"href":"https:\/\/www.klumpp.com\/fr\/wp-json\/wp\/v2\/users\/1"}],"replies":[{"embeddable":true,"href":"https:\/\/www.klumpp.com\/fr\/wp-json\/wp\/v2\/comments?post=2058"}],"version-history":[{"count":22,"href":"https:\/\/www.klumpp.com\/fr\/wp-json\/wp\/v2\/pages\/2058\/revisions"}],"predecessor-version":[{"id":9587,"href":"https:\/\/www.klumpp.com\/fr\/wp-json\/wp\/v2\/pages\/2058\/revisions\/9587"}],"wp:featuredmedia":[{"embeddable":true,"href":"https:\/\/www.klumpp.com\/fr\/wp-json\/wp\/v2\/media\/2969"}],"wp:attachment":[{"href":"https:\/\/www.klumpp.com\/fr\/wp-json\/wp\/v2\/media?parent=2058"}],"wp:term":[{"taxonomy":"category","embeddable":true,"href":"https:\/\/www.klumpp.com\/fr\/wp-json\/wp\/v2\/categories?post=2058"},{"taxonomy":"post_tag","embeddable":true,"href":"https:\/\/www.klumpp.com\/fr\/wp-json\/wp\/v2\/tags?post=2058"},{"taxonomy":"service_type","embeddable":true,"href":"https:\/\/www.klumpp.com\/fr\/wp-json\/wp\/v2\/service_type?post=2058"}],"curies":[{"name":"wp","href":"https:\/\/api.w.org\/{rel}","templated":true}]}}