{"id":1830,"date":"2022-11-30T13:02:50","date_gmt":"2022-11-30T12:02:50","guid":{"rendered":"https:\/\/klumppmueller.kopfmedia.de\/fret-aerien\/"},"modified":"2023-12-11T11:11:22","modified_gmt":"2023-12-11T10:11:22","slug":"fret-aerien","status":"publish","type":"page","link":"https:\/\/www.klumpp.com\/fr\/fret-aerien\/","title":{"rendered":"Fret a\u00e9rien"},"content":{"rendered":"<p>[et_pb_section fb_built=&#8221;1&#8243; module_id=&#8221;page-hero&#8221; _builder_version=&#8221;4.19.2&#8243; _module_preset=&#8221;default&#8221; use_background_color_gradient=&#8221;on&#8221; background_color_gradient_stops=&#8221;rgba(0,0,0,0.2) 0%|rgba(0,0,0,0.2) 100%&#8221; background_color_gradient_overlays_image=&#8221;on&#8221; background_image=&#8221;https:\/\/klumpp-19a5a.kxcdn.com\/wp-content\/uploads\/2023\/02\/kopfmedia-klumpp-mueller-luftfracht-transport-2000px.webp&#8221; height=&#8221;750px&#8221; max_height=&#8221;90vh&#8221; custom_margin=&#8221;0px||0px||false|false&#8221; custom_padding=&#8221;0px||0px||false|false&#8221; global_colors_info=&#8221;{}&#8221;][et_pb_row column_structure=&#8221;2_5,3_5&#8243; _builder_version=&#8221;4.19.2&#8243; _module_preset=&#8221;default&#8221; width=&#8221;90%&#8221; max_width=&#8221;2000px&#8221; custom_margin=&#8221;|auto|100px|auto||&#8221; global_colors_info=&#8221;{}&#8221; max_width__hover_enabled=&#8221;on|desktop&#8221; max_width__hover=&#8221;2000px&#8221;][et_pb_column type=&#8221;2_5&#8243; _builder_version=&#8221;4.19.2&#8243; _module_preset=&#8221;default&#8221; global_colors_info=&#8221;{}&#8221;][et_pb_code _builder_version=&#8221;4.19.2&#8243; _module_preset=&#8221;default&#8221; global_colors_info=&#8221;{}&#8221;][\/et_pb_code][et_pb_text _builder_version=&#8221;4.20.0&#8243; _module_preset=&#8221;default&#8221; text_text_color=&#8221;#FFFFFF&#8221; header_text_color=&#8221;#FFFFFF&#8221; custom_margin=&#8221;||20px||false|false&#8221; global_colors_info=&#8221;{}&#8221;]<\/p>\n<p><span>Logistique<\/span><\/p>\n<p>[\/et_pb_text][et_pb_text _builder_version=&#8221;4.23.1&#8243; _module_preset=&#8221;default&#8221; header_text_color=&#8221;#FFFFFF&#8221; hover_enabled=&#8221;0&#8243; global_colors_info=&#8221;{}&#8221; sticky_enabled=&#8221;0&#8243;]<\/p>\n<h1>Fret a\u00e9rien.<br \/>\nMondial.<br \/>\n<span>Solution logistique tout compris \u00e0 Kehl<\/span><\/h1>\n<p>[\/et_pb_text][et_pb_button button_url=&#8221;#fret-a\u00e9rien&#8221; button_text=&#8221;en savoir plus&#8221; _builder_version=&#8221;4.19.2&#8243; _module_preset=&#8221;default&#8221; custom_button=&#8221;on&#8221; button_text_color=&#8221;#FFFFFF&#8221; button_border_radius=&#8221;30px&#8221; global_colors_info=&#8221;{}&#8221;][\/et_pb_button][\/et_pb_column][et_pb_column type=&#8221;3_5&#8243; _builder_version=&#8221;4.19.2&#8243; _module_preset=&#8221;default&#8221; global_colors_info=&#8221;{}&#8221;][\/et_pb_column][\/et_pb_row][et_pb_row disabled_on=&#8221;on|on|off&#8221; _builder_version=&#8221;4.19.2&#8243; _module_preset=&#8221;default&#8221; width=&#8221;90%&#8221; max_width=&#8221;2000px&#8221; custom_margin=&#8221;100px|auto|0px|auto|false|false&#8221; custom_padding=&#8221;0px||0px||false|false&#8221; global_colors_info=&#8221;{}&#8221;][et_pb_column type=&#8221;4_4&#8243; _builder_version=&#8221;4.19.2&#8243; _module_preset=&#8221;default&#8221; global_colors_info=&#8221;{}&#8221;][et_pb_code _builder_version=&#8221;4.19.2&#8243; _module_preset=&#8221;default&#8221; min_height=&#8221;50px&#8221; global_colors_info=&#8221;{}&#8221;][\/et_pb_code][\/et_pb_column][\/et_pb_row][\/et_pb_section][et_pb_section fb_built=&#8221;1&#8243; module_id=&#8221;fret-a\u00e9rien&#8221; _builder_version=&#8221;4.19.2&#8243; _module_preset=&#8221;default&#8221; global_colors_info=&#8221;{}&#8221;][et_pb_row column_structure=&#8221;1_2,1_2&#8243; make_equal=&#8221;on&#8221; _builder_version=&#8221;4.19.2&#8243; _module_preset=&#8221;default&#8221; use_background_color_gradient=&#8221;on&#8221; background_color_gradient_stops=&#8221;#fafafa 0%|#fafafa 100%&#8221; background_image=&#8221;https:\/\/klumpp-19a5a.kxcdn.com\/wp-content\/uploads\/2022\/11\/v5-small-outline-1.svg&#8221; background_size=&#8221;initial&#8221; background_position=&#8221;center_left&#8221; min_height=&#8221;350px&#8221; custom_margin=&#8221;50px|auto|50px|auto||&#8221; custom_padding=&#8221;40px|40px|40px|40px|false|false&#8221; global_colors_info=&#8221;{}&#8221;][et_pb_column type=&#8221;1_2&#8243; _builder_version=&#8221;4.19.2&#8243; _module_preset=&#8221;default&#8221; custom_css_main_element=&#8221;display: flex;||flex-direction: column;||justify-content: space-between;&#8221; global_colors_info=&#8221;{}&#8221;][et_pb_text _builder_version=&#8221;4.19.2&#8243; _module_preset=&#8221;default&#8221; global_colors_info=&#8221;{}&#8221;]<\/p>\n<p class=\"pre-heading\">Service<\/p>\n<h2>De la prise en charge \u00e0 la livraison.<\/h2>\n<p>[\/et_pb_text][et_pb_text _builder_version=&#8221;4.19.2&#8243; _module_preset=&#8221;default&#8221; text_font_size=&#8221;45px&#8221; text_font_size_tablet=&#8221;20px&#8221; text_font_size_phone=&#8221;15px&#8221; text_font_size_last_edited=&#8221;on|phone&#8221; global_colors_info=&#8221;{}&#8221;]<span class=\"icon-klumppmueller-logo\"><span class=\"path1\"><\/span><span class=\"path2\"><\/span><span class=\"path3\"><\/span><span class=\"path4\"><\/span><span class=\"path5\"><\/span><span class=\"path6\"><\/span><span class=\"path7\"><\/span><span class=\"path8\"><\/span><span class=\"path9\"><\/span><span class=\"path10\"><\/span><span class=\"path11\"><\/span><span class=\"path12\"><\/span><span class=\"path13\"><\/span><span class=\"path14\"><\/span><span class=\"path15\"><\/span><span class=\"path16\"><\/span><\/span>[\/et_pb_text][\/et_pb_column][et_pb_column type=&#8221;1_2&#8243; _builder_version=&#8221;4.19.2&#8243; _module_preset=&#8221;default&#8221; custom_css_main_element=&#8221;display: flex;||flex-direction: column;||justify-content: space-between;&#8221; global_colors_info=&#8221;{}&#8221;][et_pb_text _builder_version=&#8221;4.20.0&#8243; _module_preset=&#8221;default&#8221; global_colors_info=&#8221;{}&#8221;]<\/p>\n<p>Nous organisons pour vous le d\u00e9roulement complet des transports de fret a\u00e9rien. Tout est compris, de l&#8217;enl\u00e8vement \u00e0 la livraison. Profitez de notre prise en charge compl\u00e8te, o\u00f9 vous n&#8217;avez \u00e0 vous occuper de rien.<\/p>\n<p>[\/et_pb_text][et_pb_button button_url=&#8221;https:\/\/www.klumpp.com\/kontakt\/&#8221; button_text=&#8221;Recevoir un devis&#8221; _builder_version=&#8221;4.19.2&#8243; _module_preset=&#8221;default&#8221; custom_button=&#8221;on&#8221; button_text_size=&#8221;15px&#8221; button_text_color=&#8221;#000000&#8243; button_border_width=&#8221;2px&#8221; button_border_radius=&#8221;30px&#8221; button_font=&#8221;|300|||||||&#8221; global_colors_info=&#8221;{}&#8221;][\/et_pb_button][\/et_pb_column][\/et_pb_row][\/et_pb_section][et_pb_section fb_built=&#8221;1&#8243; _builder_version=&#8221;4.19.2&#8243; _module_preset=&#8221;default&#8221; global_colors_info=&#8221;{}&#8221;][et_pb_row column_structure=&#8221;1_2,1_2&#8243; _builder_version=&#8221;4.19.2&#8243; _module_preset=&#8221;default&#8221; global_colors_info=&#8221;{}&#8221;][et_pb_column type=&#8221;1_2&#8243; _builder_version=&#8221;4.19.2&#8243; _module_preset=&#8221;default&#8221; global_colors_info=&#8221;{}&#8221;][et_pb_text _builder_version=&#8221;4.19.2&#8243; _module_preset=&#8221;default&#8221; global_colors_info=&#8221;{}&#8221;]<\/p>\n<p class=\"pre-heading\">Logistique du transport<\/p>\n<h2>Nos prestations pour le fret a\u00e9rien<\/h2>\n<p>[\/et_pb_text][\/et_pb_column][et_pb_column type=&#8221;1_2&#8243; _builder_version=&#8221;4.19.2&#8243; _module_preset=&#8221;default&#8221; global_colors_info=&#8221;{}&#8221;][et_pb_text _builder_version=&#8221;4.23.1&#8243; _module_preset=&#8221;default&#8221; global_colors_info=&#8221;{}&#8221;]Profitez de nos bons contacts et de notre longue exp\u00e9rience, qui sont d&#8217;une valeur inestimable pour les transports mondial. Nous travaillons main dans la main avec des partenaires et des agents de premier ordre. De l&#8217;enl\u00e8vement \u00e0 la livraison chez le destinataire, y compris l&#8217;\u00e9tablissement des documents correspondants et l&#8217;accomplissement de toutes les formalit\u00e9s.[\/et_pb_text][\/et_pb_column][\/et_pb_row][et_pb_row _builder_version=&#8221;4.19.2&#8243; _module_preset=&#8221;default&#8221; global_colors_info=&#8221;{}&#8221;][et_pb_column type=&#8221;4_4&#8243; _builder_version=&#8221;4.19.2&#8243; _module_preset=&#8221;default&#8221; global_colors_info=&#8221;{}&#8221;][et_pb_code _builder_version=&#8221;4.20.0&#8243; _module_preset=&#8221;default&#8221; global_colors_info=&#8221;{}&#8221;]<\/p>\n<div class=\"badge-container\"><!-- [et_pb_line_break_holder] -->  <\/p>\n<div class=\"km-badge\"><!-- [et_pb_line_break_holder] -->    \t<span class=\"icon-check\"><\/span><!-- [et_pb_line_break_holder] -->    \t<span>Gestion fiable du transport<\/span><!-- [et_pb_line_break_holder] -->  <\/div>\n<p><!-- [et_pb_line_break_holder] -->  <\/p>\n<div class=\"km-badge\"><!-- [et_pb_line_break_holder] -->    \t<span class=\"icon-document\"><\/span><!-- [et_pb_line_break_holder] -->    \t<span>Formalit\u00e9s en douane<\/span><!-- [et_pb_line_break_holder] -->  <\/div>\n<p><!-- [et_pb_line_break_holder] -->  <\/p>\n<div class=\"km-badge\"><!-- [et_pb_line_break_holder] -->    \t<span class=\"icon-list-check\"><\/span><!-- [et_pb_line_break_holder] -->    \t<span>D\u00e9douanement \u00e9lectronique<\/span><!-- [et_pb_line_break_holder] -->  <\/div>\n<p><!-- [et_pb_line_break_holder] -->  <\/p>\n<div class=\"km-badge\"><!-- [et_pb_line_break_holder] -->    \t<span class=\"icon-shield\"><\/span><!-- [et_pb_line_break_holder] -->    \t<span>Assurance transport<\/span><!-- [et_pb_line_break_holder] -->  <\/div>\n<p><!-- [et_pb_line_break_holder] --><\/div>\n<p>[\/et_pb_code][\/et_pb_column][\/et_pb_row][\/et_pb_section][et_pb_section fb_built=&#8221;1&#8243; _builder_version=&#8221;4.19.2&#8243; _module_preset=&#8221;default&#8221; background_color=&#8221;gcid-b472266d-d527-4440-94b6-3198b7ab36ef&#8221; global_colors_info=&#8221;{%22gcid-b472266d-d527-4440-94b6-3198b7ab36ef%22:%91%22background_color%22%93}&#8221;][et_pb_row column_structure=&#8221;2_5,3_5&#8243; _builder_version=&#8221;4.19.2&#8243; _module_preset=&#8221;default&#8221; global_colors_info=&#8221;{}&#8221;][et_pb_column type=&#8221;2_5&#8243; _builder_version=&#8221;4.19.2&#8243; _module_preset=&#8221;default&#8221; global_colors_info=&#8221;{}&#8221;][et_pb_text _builder_version=&#8221;4.19.2&#8243; _module_preset=&#8221;default&#8221; global_colors_info=&#8221;{}&#8221;]<\/p>\n<p class=\"pre-heading\">Logistique<\/p>\n<h2>En savoir plus sur nos modes de transport<\/h2>\n<p>[\/et_pb_text][\/et_pb_column][et_pb_column type=&#8221;3_5&#8243; _builder_version=&#8221;4.19.2&#8243; _module_preset=&#8221;default&#8221; global_colors_info=&#8221;{}&#8221;][\/et_pb_column][\/et_pb_row][et_pb_row _builder_version=&#8221;4.19.2&#8243; _module_preset=&#8221;default&#8221; width_tablet=&#8221;&#8221; width_phone=&#8221;100%&#8221; width_last_edited=&#8221;on|phone&#8221; global_colors_info=&#8221;{}&#8221;][et_pb_column type=&#8221;4_4&#8243; _builder_version=&#8221;4.19.2&#8243; _module_preset=&#8221;default&#8221; global_colors_info=&#8221;{}&#8221;][et_pb_code _builder_version=&#8221;4.19.2&#8243; _module_preset=&#8221;default&#8221; global_colors_info=&#8221;{}&#8221;]<div class=\"card-slider\">    <div>\r\n        <div class=\"card-slide not-selected-slide\">\r\n            <div class=\"card-overlay\">\r\n                <div class=\"card-text\">\r\n                    <a href=\"https:\/\/www.klumpp.com\/fr\/transports-ferroviaires\/\">\r\n                        <p class='pre-heading'>\r\n                            Logistique                        <\/p>\r\n                        <h3>Transports ferroviaires<\/h3>                    <\/a>\r\n                <\/div>\r\n                <a class=\"btn-pill\" href=\"https:\/\/www.klumpp.com\/fr\/transports-ferroviaires\/\">\r\n                    learn more                <\/a>\r\n            <\/div>\r\n\r\n                            <img decoding=\"async\" src=\"https:\/\/klumpp-19a5a.kxcdn.com\/wp-content\/uploads\/2023\/10\/kopfmedia_klumppmueller_thumbnail-bahn-transporte-2000px-768x858.jpg\"\r\n                    alt=\"Terminal bei der Spedition Klumpp + M\u00fcller\" \/>\r\n                    <\/div>\r\n    <\/div>\r\n        <div>\r\n        <div class=\"card-slide not-selected-slide\">\r\n            <div class=\"card-overlay\">\r\n                <div class=\"card-text\">\r\n                    <a href=\"https:\/\/www.klumpp.com\/fr\/fret-maritime\/\">\r\n                        <p class='pre-heading'>\r\n                            Logistique                        <\/p>\r\n                        <h3>Fret maritime<\/h3>                    <\/a>\r\n                <\/div>\r\n                <a class=\"btn-pill\" href=\"https:\/\/www.klumpp.com\/fr\/fret-maritime\/\">\r\n                    learn more                <\/a>\r\n            <\/div>\r\n\r\n                            <img decoding=\"async\" src=\"https:\/\/klumpp-19a5a.kxcdn.com\/wp-content\/uploads\/2023\/10\/kopfmedia_klumppmueller_thumbnail-seefracht-2000px-768x736.jpg\"\r\n                    alt=\"Binnenschiff auf dem Weg zu Klumpp + M\u00fcller in den Kehlerhafen\" \/>\r\n                    <\/div>\r\n    <\/div>\r\n    <\/div>[\/et_pb_code][\/et_pb_column][\/et_pb_row][\/et_pb_section]<\/p>\n","protected":false},"excerpt":{"rendered":"<p>LogistiqueFret maritime.Mondial.Service De la prise en charge \u00e0 la livraison.Nous organisons pour vous le d\u00e9roulement complet des transports de fret maritime.Tout est compris, de l&#8217;enl\u00e8vement \u00e0 la livraison. Profitez de notre prise en charge compl\u00e8te, vous n&#8217;aurez \u00e0 vous occuper de rien.Logistique Nos prestations pour le fret maritimeProfitez de nos bons contacts et de notre [&hellip;]<\/p>\n","protected":false},"author":1,"featured_media":1067,"parent":0,"menu_order":0,"comment_status":"closed","ping_status":"closed","template":"","meta":{"_acf_changed":false,"_et_pb_use_builder":"on","_et_pb_old_content":"","_et_gb_content_width":"","inline_featured_image":false,"footnotes":""},"categories":[],"tags":[37,26],"service_type":[],"class_list":["post-1830","page","type-page","status-publish","has-post-thumbnail","hentry","tag-logistique","tag-transportlogistik"],"acf":[],"tag_names":["Logistique","Transportlogistik"],"category_names":[],"thumbnail":"https:\/\/klumpp-19a5a.kxcdn.com\/wp-content\/uploads\/2023\/03\/kopfmedia-klumpp-mueller-luftfracht-transport-2000px.webp","_links":{"self":[{"href":"https:\/\/www.klumpp.com\/fr\/wp-json\/wp\/v2\/pages\/1830","targetHints":{"allow":["GET"]}}],"collection":[{"href":"https:\/\/www.klumpp.com\/fr\/wp-json\/wp\/v2\/pages"}],"about":[{"href":"https:\/\/www.klumpp.com\/fr\/wp-json\/wp\/v2\/types\/page"}],"author":[{"embeddable":true,"href":"https:\/\/www.klumpp.com\/fr\/wp-json\/wp\/v2\/users\/1"}],"replies":[{"embeddable":true,"href":"https:\/\/www.klumpp.com\/fr\/wp-json\/wp\/v2\/comments?post=1830"}],"version-history":[{"count":16,"href":"https:\/\/www.klumpp.com\/fr\/wp-json\/wp\/v2\/pages\/1830\/revisions"}],"predecessor-version":[{"id":6638,"href":"https:\/\/www.klumpp.com\/fr\/wp-json\/wp\/v2\/pages\/1830\/revisions\/6638"}],"wp:featuredmedia":[{"embeddable":true,"href":"https:\/\/www.klumpp.com\/fr\/wp-json\/wp\/v2\/media\/1067"}],"wp:attachment":[{"href":"https:\/\/www.klumpp.com\/fr\/wp-json\/wp\/v2\/media?parent=1830"}],"wp:term":[{"taxonomy":"category","embeddable":true,"href":"https:\/\/www.klumpp.com\/fr\/wp-json\/wp\/v2\/categories?post=1830"},{"taxonomy":"post_tag","embeddable":true,"href":"https:\/\/www.klumpp.com\/fr\/wp-json\/wp\/v2\/tags?post=1830"},{"taxonomy":"service_type","embeddable":true,"href":"https:\/\/www.klumpp.com\/fr\/wp-json\/wp\/v2\/service_type?post=1830"}],"curies":[{"name":"wp","href":"https:\/\/api.w.org\/{rel}","templated":true}]}}