{"id":1717,"date":"2023-01-01T13:56:21","date_gmt":"2023-01-01T12:56:21","guid":{"rendered":"https:\/\/klumppmueller.kopfmedia.de\/transports-ferroviaires\/"},"modified":"2023-12-11T09:57:49","modified_gmt":"2023-12-11T08:57:49","slug":"transports-ferroviaires","status":"publish","type":"page","link":"https:\/\/www.klumpp.com\/fr\/transports-ferroviaires\/","title":{"rendered":"Transports ferroviaires"},"content":{"rendered":"<p>[et_pb_section fb_built=&#8221;1&#8243; module_id=&#8221;page-hero&#8221; _builder_version=&#8221;4.22.1&#8243; _module_preset=&#8221;default&#8221; use_background_color_gradient=&#8221;on&#8221; background_color_gradient_stops=&#8221;rgba(0,0,0,0.2) 0%|rgba(0,0,0,0.2) 100%&#8221; background_color_gradient_overlays_image=&#8221;on&#8221; background_image=&#8221;https:\/\/klumpp-19a5a.kxcdn.com\/wp-content\/uploads\/2023\/10\/kopfmedia_klumppmueller_thumbnail-bahn-2-transporte-2000px.jpg&#8221; background_position=&#8221;top_center&#8221; background_vertical_offset=&#8221;40%&#8221; height=&#8221;750px&#8221; max_height=&#8221;90vh&#8221; custom_margin=&#8221;0px||0px||false|false&#8221; custom_padding=&#8221;0px||0px||false|false&#8221; global_colors_info=&#8221;{}&#8221;][et_pb_row column_structure=&#8221;2_5,3_5&#8243; _builder_version=&#8221;4.19.2&#8243; _module_preset=&#8221;default&#8221; width=&#8221;90%&#8221; max_width=&#8221;2000px&#8221; custom_margin=&#8221;|auto|100px|auto||&#8221; global_colors_info=&#8221;{}&#8221; max_width__hover_enabled=&#8221;on|desktop&#8221; max_width__hover=&#8221;2000px&#8221;][et_pb_column type=&#8221;2_5&#8243; _builder_version=&#8221;4.19.2&#8243; _module_preset=&#8221;default&#8221; global_colors_info=&#8221;{}&#8221;][et_pb_code _builder_version=&#8221;4.19.2&#8243; _module_preset=&#8221;default&#8221; global_colors_info=&#8221;{}&#8221;][\/et_pb_code][et_pb_text _builder_version=&#8221;4.20.0&#8243; _module_preset=&#8221;default&#8221; text_text_color=&#8221;#FFFFFF&#8221; header_text_color=&#8221;#FFFFFF&#8221; custom_margin=&#8221;||20px||false|false&#8221; global_colors_info=&#8221;{}&#8221;]<\/p>\n<p><span>Logistique<\/span><\/p>\n<p>[\/et_pb_text][et_pb_text _builder_version=&#8221;4.23.1&#8243; _module_preset=&#8221;default&#8221; header_text_color=&#8221;#FFFFFF&#8221; hover_enabled=&#8221;0&#8243; global_colors_info=&#8221;{}&#8221; sticky_enabled=&#8221;0&#8243;]<\/p>\n<h1>Transports ferroviaires<br \/>\n<span>directement du port rh\u00e9nan de Kehl<\/span><\/h1>\n<p>[\/et_pb_text][et_pb_button button_url=&#8221;#transport-ferroviaire&#8221; button_text=&#8221;en savoir plus&#8221; _builder_version=&#8221;4.19.2&#8243; _module_preset=&#8221;default&#8221; custom_button=&#8221;on&#8221; button_text_color=&#8221;#FFFFFF&#8221; button_border_radius=&#8221;30px&#8221; global_colors_info=&#8221;{}&#8221;][\/et_pb_button][\/et_pb_column][et_pb_column type=&#8221;3_5&#8243; _builder_version=&#8221;4.19.2&#8243; _module_preset=&#8221;default&#8221; global_colors_info=&#8221;{}&#8221;][\/et_pb_column][\/et_pb_row][et_pb_row disabled_on=&#8221;on|on|off&#8221; _builder_version=&#8221;4.19.2&#8243; _module_preset=&#8221;default&#8221; width=&#8221;90%&#8221; max_width=&#8221;2000px&#8221; custom_margin=&#8221;100px|auto|0px|auto|false|false&#8221; custom_padding=&#8221;0px||0px||false|false&#8221; global_colors_info=&#8221;{}&#8221;][et_pb_column type=&#8221;4_4&#8243; _builder_version=&#8221;4.19.2&#8243; _module_preset=&#8221;default&#8221; global_colors_info=&#8221;{}&#8221;][et_pb_code _builder_version=&#8221;4.19.2&#8243; _module_preset=&#8221;default&#8221; min_height=&#8221;50px&#8221; global_colors_info=&#8221;{}&#8221;][\/et_pb_code][\/et_pb_column][\/et_pb_row][\/et_pb_section][et_pb_section fb_built=&#8221;1&#8243; module_id=&#8221;transport-ferroviaire&#8221; _builder_version=&#8221;4.19.2&#8243; _module_preset=&#8221;default&#8221; global_colors_info=&#8221;{}&#8221;][et_pb_row column_structure=&#8221;1_2,1_2&#8243; make_equal=&#8221;on&#8221; _builder_version=&#8221;4.19.2&#8243; _module_preset=&#8221;default&#8221; use_background_color_gradient=&#8221;on&#8221; background_color_gradient_stops=&#8221;#fafafa 0%|#fafafa 100%&#8221; background_image=&#8221;https:\/\/klumpp-19a5a.kxcdn.com\/wp-content\/uploads\/2022\/11\/v5-small-outline-1.svg&#8221; background_size=&#8221;initial&#8221; background_position=&#8221;center_left&#8221; min_height=&#8221;350px&#8221; custom_margin=&#8221;50px|auto|50px|auto||&#8221; custom_padding=&#8221;40px|40px|40px|40px|false|false&#8221; global_colors_info=&#8221;{}&#8221;][et_pb_column type=&#8221;1_2&#8243; _builder_version=&#8221;4.19.2&#8243; _module_preset=&#8221;default&#8221; custom_css_main_element=&#8221;display: flex;||flex-direction: column;||justify-content: space-between;&#8221; global_colors_info=&#8221;{}&#8221;][et_pb_text _builder_version=&#8221;4.20.0&#8243; _module_preset=&#8221;default&#8221; global_colors_info=&#8221;{}&#8221;]<\/p>\n<p class=\"pre-heading\">Service<\/p>\n<h2>3 embranchements ferroviaires de plus de 1000 m\u00e8tres dans le port rh\u00e9nan de Kehl<\/h2>\n<p>[\/et_pb_text][et_pb_text _builder_version=&#8221;4.19.2&#8243; _module_preset=&#8221;default&#8221; text_font_size=&#8221;45px&#8221; text_font_size_tablet=&#8221;20px&#8221; text_font_size_phone=&#8221;15px&#8221; text_font_size_last_edited=&#8221;on|phone&#8221; global_colors_info=&#8221;{}&#8221;]<span class=\"icon-klumppmueller-logo\"><span class=\"path1\"><\/span><span class=\"path2\"><\/span><span class=\"path3\"><\/span><span class=\"path4\"><\/span><span class=\"path5\"><\/span><span class=\"path6\"><\/span><span class=\"path7\"><\/span><span class=\"path8\"><\/span><span class=\"path9\"><\/span><span class=\"path10\"><\/span><span class=\"path11\"><\/span><span class=\"path12\"><\/span><span class=\"path13\"><\/span><span class=\"path14\"><\/span><span class=\"path15\"><\/span><span class=\"path16\"><\/span><\/span>[\/et_pb_text][\/et_pb_column][et_pb_column type=&#8221;1_2&#8243; _builder_version=&#8221;4.19.2&#8243; _module_preset=&#8221;default&#8221; custom_css_main_element=&#8221;display: flex;||flex-direction: column;||justify-content: space-between;&#8221; global_colors_info=&#8221;{}&#8221;][et_pb_text _builder_version=&#8221;4.20.0&#8243; _module_preset=&#8221;default&#8221; global_colors_info=&#8221;{}&#8221;]<\/p>\n<p><span data-metadata=\"&lt;!--(figmeta)eyJmaWxlS2V5IjoiU0s0cDNkNU00eml6dHg3RTdEcEhKNSIsInBhc3RlSUQiOjUxODA3NjU4OSwiZGF0YVR5cGUiOiJzY2VuZSJ9Cg==(\/figmeta)--&gt;\"><\/span>Gr\u00e2ce \u00e0 nos installations de voies ferr\u00e9es dans le port rh\u00e9nan de Kehl, d&#8217;une longueur de plus de 1000 m\u00e8tres, nous pouvons \u00e9galement traiter sans difficult\u00e9 des trains complets. C&#8217;est possible chez nous depuis plus de 60 ans. Ainsi, les transports dans les r\u00e9gions environnantes ou dans toute l&#8217;Europe ne posent aucun probl\u00e8me.<\/p>\n<p>[\/et_pb_text][et_pb_button button_url=&#8221;https:\/\/www.klumpp.com\/kontakt\/&#8221; button_text=&#8221;Recevoir un devis&#8221; _builder_version=&#8221;4.19.2&#8243; _module_preset=&#8221;default&#8221; custom_button=&#8221;on&#8221; button_text_size=&#8221;15px&#8221; button_text_color=&#8221;#000000&#8243; button_border_width=&#8221;2px&#8221; button_border_radius=&#8221;30px&#8221; button_font=&#8221;|300|||||||&#8221; global_colors_info=&#8221;{}&#8221;][\/et_pb_button][\/et_pb_column][\/et_pb_row][\/et_pb_section][et_pb_section fb_built=&#8221;1&#8243; _builder_version=&#8221;4.19.2&#8243; _module_preset=&#8221;default&#8221; global_colors_info=&#8221;{}&#8221;][et_pb_row column_structure=&#8221;1_2,1_2&#8243; _builder_version=&#8221;4.19.2&#8243; _module_preset=&#8221;default&#8221; global_colors_info=&#8221;{}&#8221;][et_pb_column type=&#8221;1_2&#8243; _builder_version=&#8221;4.19.2&#8243; _module_preset=&#8221;default&#8221; global_colors_info=&#8221;{}&#8221;][et_pb_text _builder_version=&#8221;4.20.0&#8243; _module_preset=&#8221;default&#8221; global_colors_info=&#8221;{}&#8221;]<\/p>\n<p class=\"pre-heading\">Logistique<\/p>\n<h2>Notre service pour le transport par train<\/h2>\n<p>[\/et_pb_text][\/et_pb_column][et_pb_column type=&#8221;1_2&#8243; _builder_version=&#8221;4.19.2&#8243; _module_preset=&#8221;default&#8221; global_colors_info=&#8221;{}&#8221;][et_pb_text _builder_version=&#8221;4.20.0&#8243; _module_preset=&#8221;default&#8221; global_colors_info=&#8221;{}&#8221;]<\/p>\n<p><span data-metadata=\"&lt;!--(figmeta)eyJmaWxlS2V5IjoiU0s0cDNkNU00eml6dHg3RTdEcEhKNSIsInBhc3RlSUQiOjQ5ODQyODIzOSwiZGF0YVR5cGUiOiJzY2VuZSJ9Cg==(\/figmeta)--&gt;\"><\/span>Gr\u00e2ce \u00e0 nos excellentes liaisons ferroviaires et fluviales, nous avons la chance, au sens propre du terme, de pouvoir fournir ici des prestations exceptionnelles pour nos clients et l&#8217;environnement. Le trafic ferroviaire r\u00e9gulier est assur\u00e9 plusieurs fois par semaine au d\u00e9part et \u00e0 destination de Rotterdam et d&#8217;Amsterdam. Il existe en outre un service de traitement des trains complets.<\/p>\n<p>[\/et_pb_text][\/et_pb_column][\/et_pb_row][et_pb_row _builder_version=&#8221;4.19.2&#8243; _module_preset=&#8221;default&#8221; custom_margin=&#8221;|auto|48px|auto||&#8221; global_colors_info=&#8221;{}&#8221;][et_pb_column type=&#8221;4_4&#8243; _builder_version=&#8221;4.19.2&#8243; _module_preset=&#8221;default&#8221; global_colors_info=&#8221;{}&#8221;][et_pb_code _builder_version=&#8221;4.20.0&#8243; _module_preset=&#8221;default&#8221; global_colors_info=&#8221;{}&#8221;]<\/p>\n<div class=\"badge-container\"><!-- [et_pb_line_break_holder] -->  <\/p>\n<div class=\"km-badge\"><!-- [et_pb_line_break_holder] -->    \t<span class=\"icon-shield\"><\/span><!-- [et_pb_line_break_holder] -->    \t<span>3 embranchements ferroviaires<\/span><!-- [et_pb_line_break_holder] -->  <\/div>\n<p><!-- [et_pb_line_break_holder] -->  <\/p>\n<div class=\"km-badge\"><!-- [et_pb_line_break_holder] -->    \t<span class=\"icon-train\"><\/span><!-- [et_pb_line_break_holder] -->    \t<span>Groupes de wagons ou trains complets<\/span><!-- [et_pb_line_break_holder] -->  <\/div>\n<p><!-- [et_pb_line_break_holder] -->  <\/p>\n<div class=\"km-badge\"><!-- [et_pb_line_break_holder] -->    \t<span class=\"icon-check\"><\/span><!-- [et_pb_line_break_holder] -->    \t<span>Longueur totale de plus de 1000 m\u00e8tres<\/span><!-- [et_pb_line_break_holder] -->  <\/div>\n<p><!-- [et_pb_line_break_holder] --><\/div>\n<p>[\/et_pb_code][\/et_pb_column][\/et_pb_row][\/et_pb_section][et_pb_section fb_built=&#8221;1&#8243; _builder_version=&#8221;4.19.2&#8243; _module_preset=&#8221;default&#8221; use_background_color_gradient=&#8221;on&#8221; background_color_gradient_stops=&#8221;rgba(0,0,0,0.5) 0%|rgba(0,0,0,0.5) 100%&#8221; background_color_gradient_overlays_image=&#8221;on&#8221; background_image=&#8221;https:\/\/klumpp-19a5a.kxcdn.com\/wp-content\/uploads\/2023\/02\/kopfmedia-klumpp-mueller-bahn-transport-2000px.webp&#8221; global_colors_info=&#8221;{}&#8221;][et_pb_row make_equal=&#8221;on&#8221; _builder_version=&#8221;4.20.0&#8243; _module_preset=&#8221;default&#8221; min_height=&#8221;400px&#8221; global_colors_info=&#8221;{}&#8221;][et_pb_column type=&#8221;4_4&#8243; _builder_version=&#8221;4.19.2&#8243; _module_preset=&#8221;default&#8221; custom_css_main_element=&#8221;margin: auto;&#8221; global_colors_info=&#8221;{}&#8221;][et_pb_text _builder_version=&#8221;4.20.0&#8243; _module_preset=&#8221;default&#8221; text_text_color=&#8221;#FFFFFF&#8221; header_text_color=&#8221;#FFFFFF&#8221; global_colors_info=&#8221;{}&#8221;]<\/p>\n<p class=\"pre-heading\" style=\"color: #fff;\">Bon \u00e0 savoir<\/p>\n<h2 style=\"color: #fff;\"><span style=\"white-space: pre-wrap;\">Gr\u00e2ce \u00e0 notre orientation trimodale, nous pouvons r\u00e9duire les \u00e9missions de CO2 jusqu&#8217;\u00e0 75% par rapport au transport classique par camion.<\/span><\/h2>\n<p>[\/et_pb_text][et_pb_button button_url=&#8221;https:\/\/www.klumpp.com\/kontakt\/&#8221; button_text=&#8221;Contactez-nous&#8221; _builder_version=&#8221;4.19.2&#8243; _module_preset=&#8221;default&#8221; custom_button=&#8221;on&#8221; button_text_size=&#8221;15px&#8221; button_text_color=&#8221;#FFFFFF&#8221; button_border_width=&#8221;2px&#8221; button_border_radius=&#8221;30px&#8221; button_font=&#8221;|300|||||||&#8221; global_colors_info=&#8221;{}&#8221;][\/et_pb_button][\/et_pb_column][\/et_pb_row][\/et_pb_section][et_pb_section fb_built=&#8221;1&#8243; _builder_version=&#8221;4.19.2&#8243; _module_preset=&#8221;default&#8221; background_color=&#8221;gcid-b472266d-d527-4440-94b6-3198b7ab36ef&#8221; global_colors_info=&#8221;{%22gcid-b472266d-d527-4440-94b6-3198b7ab36ef%22:%91%22background_color%22%93}&#8221;][et_pb_row column_structure=&#8221;2_5,3_5&#8243; _builder_version=&#8221;4.19.2&#8243; _module_preset=&#8221;default&#8221; global_colors_info=&#8221;{}&#8221;][et_pb_column type=&#8221;2_5&#8243; _builder_version=&#8221;4.19.2&#8243; _module_preset=&#8221;default&#8221; global_colors_info=&#8221;{}&#8221;][et_pb_text _builder_version=&#8221;4.20.0&#8243; _module_preset=&#8221;default&#8221; global_colors_info=&#8221;{}&#8221;]<\/p>\n<p class=\"pre-heading\">Logistique<\/p>\n<h2>En savoir plus sur nos modes de transport<\/h2>\n<p>[\/et_pb_text][\/et_pb_column][et_pb_column type=&#8221;3_5&#8243; _builder_version=&#8221;4.19.2&#8243; _module_preset=&#8221;default&#8221; global_colors_info=&#8221;{}&#8221;][\/et_pb_column][\/et_pb_row][et_pb_row _builder_version=&#8221;4.19.2&#8243; _module_preset=&#8221;default&#8221; width_tablet=&#8221;&#8221; width_phone=&#8221;100%&#8221; width_last_edited=&#8221;on|phone&#8221; global_colors_info=&#8221;{}&#8221;][et_pb_column type=&#8221;4_4&#8243; _builder_version=&#8221;4.19.2&#8243; _module_preset=&#8221;default&#8221; global_colors_info=&#8221;{}&#8221;][et_pb_code _builder_version=&#8221;4.20.0&#8243; _module_preset=&#8221;default&#8221; global_colors_info=&#8221;{}&#8221;]<div class=\"card-slider\">    <div>\r\n        <div class=\"card-slide not-selected-slide\">\r\n            <div class=\"card-overlay\">\r\n                <div class=\"card-text\">\r\n                    <a href=\"https:\/\/www.klumpp.com\/fr\/fret-aerien\/\">\r\n                        <p class='pre-heading'>\r\n                            Logistique                        <\/p>\r\n                        <h3>Fret a\u00e9rien<\/h3>                    <\/a>\r\n                <\/div>\r\n                <a class=\"btn-pill\" href=\"https:\/\/www.klumpp.com\/fr\/fret-aerien\/\">\r\n                    learn more                <\/a>\r\n            <\/div>\r\n\r\n                            <img decoding=\"async\" src=\"https:\/\/klumpp-19a5a.kxcdn.com\/wp-content\/uploads\/2023\/03\/kopfmedia-klumpp-mueller-luftfracht-transport-2000px-768x512.webp\"\r\n                    alt=\"Ein Laderaum eines Frachtflugzeugs das Klumpp + M\u00fcller benutzt\" \/>\r\n                    <\/div>\r\n    <\/div>\r\n        <div>\r\n        <div class=\"card-slide not-selected-slide\">\r\n            <div class=\"card-overlay\">\r\n                <div class=\"card-text\">\r\n                    <a href=\"https:\/\/www.klumpp.com\/fr\/fret-maritime\/\">\r\n                        <p class='pre-heading'>\r\n                            Logistique                        <\/p>\r\n                        <h3>Fret maritime<\/h3>                    <\/a>\r\n                <\/div>\r\n                <a class=\"btn-pill\" href=\"https:\/\/www.klumpp.com\/fr\/fret-maritime\/\">\r\n                    learn more                <\/a>\r\n            <\/div>\r\n\r\n                            <img decoding=\"async\" src=\"https:\/\/klumpp-19a5a.kxcdn.com\/wp-content\/uploads\/2023\/10\/kopfmedia_klumppmueller_thumbnail-seefracht-2000px-768x736.jpg\"\r\n                    alt=\"Binnenschiff auf dem Weg zu Klumpp + M\u00fcller in den Kehlerhafen\" \/>\r\n                    <\/div>\r\n    <\/div>\r\n    <\/div>[\/et_pb_code][\/et_pb_column][\/et_pb_row][\/et_pb_section][et_pb_section fb_built=&#8221;1&#8243; _builder_version=&#8221;4.23.1&#8243; _module_preset=&#8221;default&#8221; background_image=&#8221;https:\/\/klumpp-19a5a.kxcdn.com\/wp-content\/uploads\/2023\/12\/schwarzwald-fabian_mueller-photography.jpg&#8221; parallax=&#8221;on&#8221; locked=&#8221;off&#8221; global_colors_info=&#8221;{}&#8221;][et_pb_row column_structure=&#8221;1_2,1_2&#8243; make_equal=&#8221;on&#8221; _builder_version=&#8221;4.23.1&#8243; _module_preset=&#8221;default&#8221; min_height=&#8221;700px&#8221; custom_css_main_element=&#8221;align-items: center;&#8221; global_colors_info=&#8221;{}&#8221;][et_pb_column type=&#8221;1_2&#8243; _builder_version=&#8221;4.23.1&#8243; _module_preset=&#8221;default&#8221; global_colors_info=&#8221;{}&#8221;][et_pb_text _builder_version=&#8221;4.23.1&#8243; _module_preset=&#8221;default&#8221; text_text_color=&#8221;#FFFFFF&#8221; header_2_text_color=&#8221;#FFFFFF&#8221; global_colors_info=&#8221;{}&#8221;]<\/p>\n<p class=\"pre-heading\" style=\"color: white;\"><span>Votre transporteur local : Proche. Durable et respectueux de l&#8217;environnement. Fiable et de qualit\u00e9.<\/span><\/p>\n<h2 style=\"color: white;\"><span>Klumpp + M\u00fcller \u00e0 Kehl : votre expert en transport pour des solutions de transport durables<\/span><\/h2>\n<p>[\/et_pb_text][et_pb_text _builder_version=&#8221;4.23.1&#8243; _module_preset=&#8221;default&#8221; text_text_color=&#8221;#FFFFFF&#8221; global_colors_info=&#8221;{}&#8221;]<\/p>\n<p><span>En tant qu&#8217;entreprise de transport leader sur le site de Kehl, Klumpp + M\u00fcller propose des solutions de transport innovantes. Notre plaque tournante trimodale dans le port de Kehl relie la route, le rail et les voies navigables pour un transport de marchandises efficace et souligne notre comp\u00e9tence dans le secteur de l&#8217;exp\u00e9dition. Nous servons les entreprises locales de l&#8217;Ortenau et des districts voisins en mettant l&#8217;accent sur la durabilit\u00e9 et l&#8217;efficacit\u00e9.<\/span><\/p>\n<p>[\/et_pb_text][\/et_pb_column][et_pb_column type=&#8221;1_2&#8243; _builder_version=&#8221;4.23.1&#8243; _module_preset=&#8221;default&#8221; global_colors_info=&#8221;{}&#8221;][et_pb_code _builder_version=&#8221;4.23.1&#8243; _module_preset=&#8221;default&#8221; custom_margin=&#8221;||||false|false&#8221; custom_padding=&#8221;||||false|false&#8221; custom_css_main_element=&#8221;.km-badge {||  border: 1px solid white;||  background-color: transparent;||  color: white;||}||||.km-badge span {||  color: white;||}||||||.km-badge .icon-check {||  color: white;||}||&#8221; custom_css_free_form=&#8221;.km-badge {||  margin-top: 5px; ||  margin-right: 5px; ||}||&#8221; global_colors_info=&#8221;{}&#8221;]<\/p>\n<div class=\"badge-container\"><!-- [et_pb_line_break_holder] -->    <\/p>\n<div class=\"km-badge\"><!-- [et_pb_line_break_holder] -->        <span class=\"icon-check\"><\/span><!-- [et_pb_line_break_holder] -->        <span>Kehl<\/span><!-- [et_pb_line_break_holder] -->    <\/div>\n<p><!-- [et_pb_line_break_holder] -->    <\/p>\n<div class=\"km-badge\"><!-- [et_pb_line_break_holder] -->        <span class=\"icon-check\"><\/span><!-- [et_pb_line_break_holder] -->        <span>Offenburg<\/span><!-- [et_pb_line_break_holder] -->    <\/div>\n<p><!-- [et_pb_line_break_holder] -->    <\/p>\n<div class=\"km-badge\"><!-- [et_pb_line_break_holder] -->        <span class=\"icon-check\"><\/span><!-- [et_pb_line_break_holder] -->        <span>Achern<\/span><!-- [et_pb_line_break_holder] -->    <\/div>\n<p><!-- [et_pb_line_break_holder] -->    <\/p>\n<div class=\"km-badge\"><!-- [et_pb_line_break_holder] -->        <span class=\"icon-check\"><\/span><!-- [et_pb_line_break_holder] -->        <span>Oberkirch<\/span><!-- [et_pb_line_break_holder] -->    <\/div>\n<p><!-- [et_pb_line_break_holder] -->    <\/p>\n<div class=\"km-badge\"><!-- [et_pb_line_break_holder] -->        <span class=\"icon-check\"><\/span><!-- [et_pb_line_break_holder] -->        <span>Durbach<\/span><!-- [et_pb_line_break_holder] -->    <\/div>\n<p><!-- [et_pb_line_break_holder] -->    <\/p>\n<div class=\"km-badge\"><!-- [et_pb_line_break_holder] -->        <span class=\"icon-check\"><\/span><!-- [et_pb_line_break_holder] -->        <span>Lahr<\/span><!-- [et_pb_line_break_holder] -->    <\/div>\n<p><!-- [et_pb_line_break_holder] -->    <\/p>\n<div class=\"km-badge\"><!-- [et_pb_line_break_holder] -->        <span class=\"icon-check\"><\/span><!-- [et_pb_line_break_holder] -->        <span>Rheinau<\/span><!-- [et_pb_line_break_holder] -->    <\/div>\n<p><!-- [et_pb_line_break_holder] -->   <\/p>\n<div class=\"km-badge\"><!-- [et_pb_line_break_holder] -->        <span class=\"icon-check\"><\/span><!-- [et_pb_line_break_holder] -->        <span>Rheinau<\/span><!-- [et_pb_line_break_holder] -->    <\/div>\n<p><!-- [et_pb_line_break_holder] -->   <\/p>\n<div class=\"km-badge\"><!-- [et_pb_line_break_holder] -->        <span class=\"icon-check\"><\/span><!-- [et_pb_line_break_holder] -->        <span>Baden Baden<\/span><!-- [et_pb_line_break_holder] -->    <\/div>\n<p><!-- [et_pb_line_break_holder] -->   <\/p>\n<div class=\"km-badge\"><!-- [et_pb_line_break_holder] -->        <span class=\"icon-check\"><\/span><!-- [et_pb_line_break_holder] -->        <span>Oppenau<\/span><!-- [et_pb_line_break_holder] -->    <\/div>\n<p><!-- [et_pb_line_break_holder] -->   <\/p>\n<div class=\"km-badge\"><!-- [et_pb_line_break_holder] -->        <span class=\"icon-check\"><\/span><!-- [et_pb_line_break_holder] -->        <span>Freudenstadt<\/span><!-- [et_pb_line_break_holder] -->    <\/div>\n<p><!-- [et_pb_line_break_holder] -->   <\/p>\n<div class=\"km-badge\"><!-- [et_pb_line_break_holder] -->        <span class=\"icon-check\"><\/span><!-- [et_pb_line_break_holder] -->        <span>B\u00fchl<\/span><!-- [et_pb_line_break_holder] -->    <\/div>\n<p><!-- [et_pb_line_break_holder] -->   <\/p>\n<div class=\"km-badge\"><!-- [et_pb_line_break_holder] -->        <span class=\"icon-check\"><\/span><!-- [et_pb_line_break_holder] -->        <span>Gaggenau<\/span><!-- [et_pb_line_break_holder] -->    <\/div>\n<p><!-- [et_pb_line_break_holder] -->   <\/p>\n<div class=\"km-badge\"><!-- [et_pb_line_break_holder] -->        <span class=\"icon-check\"><\/span><!-- [et_pb_line_break_holder] -->        <span>Gernsbach<\/span><!-- [et_pb_line_break_holder] -->    <\/div>\n<p><!-- [et_pb_line_break_holder] -->   <\/p>\n<div class=\"km-badge\"><!-- [et_pb_line_break_holder] -->        <span class=\"icon-check\"><\/span><!-- [et_pb_line_break_holder] -->        <span>Karlsruhe<\/span><!-- [et_pb_line_break_holder] -->    <\/div>\n<p><!-- [et_pb_line_break_holder] -->   <\/p>\n<div class=\"km-badge\"><!-- [et_pb_line_break_holder] -->        <span class=\"icon-check\"><\/span><!-- [et_pb_line_break_holder] -->        <span>et bien d&#8217;autres encore&#8230;<\/span><!-- [et_pb_line_break_holder] -->    <\/div>\n<p><!-- [et_pb_line_break_holder] --><\/div>\n<p><!-- [et_pb_line_break_holder] -->[\/et_pb_code][\/et_pb_column][\/et_pb_row][\/et_pb_section]<\/p>\n","protected":false},"excerpt":{"rendered":"<p>LogistiqueFret maritime.Mondial.Service De la prise en charge \u00e0 la livraison.Nous organisons pour vous le d\u00e9roulement complet des transports de fret maritime.Tout est compris, de l&#8217;enl\u00e8vement \u00e0 la livraison. Profitez de notre prise en charge compl\u00e8te, vous n&#8217;aurez \u00e0 vous occuper de rien.Logistique Nos prestations pour le fret maritimeProfitez de nos bons contacts et de notre [&hellip;]<\/p>\n","protected":false},"author":1,"featured_media":4824,"parent":0,"menu_order":0,"comment_status":"closed","ping_status":"closed","template":"","meta":{"_acf_changed":false,"_et_pb_use_builder":"on","_et_pb_old_content":"","_et_gb_content_width":"","inline_featured_image":false,"footnotes":""},"categories":[6],"tags":[37,26],"service_type":[],"class_list":["post-1717","page","type-page","status-publish","has-post-thumbnail","hentry","category-non-classifiee","tag-logistique","tag-transportlogistik"],"acf":[],"tag_names":["Logistique","Transportlogistik"],"category_names":["Non classifi\u00e9(e)"],"thumbnail":"https:\/\/klumpp-19a5a.kxcdn.com\/wp-content\/uploads\/2023\/10\/kopfmedia_klumppmueller_thumbnail-bahn-transporte-2000px.jpg","_links":{"self":[{"href":"https:\/\/www.klumpp.com\/fr\/wp-json\/wp\/v2\/pages\/1717","targetHints":{"allow":["GET"]}}],"collection":[{"href":"https:\/\/www.klumpp.com\/fr\/wp-json\/wp\/v2\/pages"}],"about":[{"href":"https:\/\/www.klumpp.com\/fr\/wp-json\/wp\/v2\/types\/page"}],"author":[{"embeddable":true,"href":"https:\/\/www.klumpp.com\/fr\/wp-json\/wp\/v2\/users\/1"}],"replies":[{"embeddable":true,"href":"https:\/\/www.klumpp.com\/fr\/wp-json\/wp\/v2\/comments?post=1717"}],"version-history":[{"count":24,"href":"https:\/\/www.klumpp.com\/fr\/wp-json\/wp\/v2\/pages\/1717\/revisions"}],"predecessor-version":[{"id":6589,"href":"https:\/\/www.klumpp.com\/fr\/wp-json\/wp\/v2\/pages\/1717\/revisions\/6589"}],"wp:featuredmedia":[{"embeddable":true,"href":"https:\/\/www.klumpp.com\/fr\/wp-json\/wp\/v2\/media\/4824"}],"wp:attachment":[{"href":"https:\/\/www.klumpp.com\/fr\/wp-json\/wp\/v2\/media?parent=1717"}],"wp:term":[{"taxonomy":"category","embeddable":true,"href":"https:\/\/www.klumpp.com\/fr\/wp-json\/wp\/v2\/categories?post=1717"},{"taxonomy":"post_tag","embeddable":true,"href":"https:\/\/www.klumpp.com\/fr\/wp-json\/wp\/v2\/tags?post=1717"},{"taxonomy":"service_type","embeddable":true,"href":"https:\/\/www.klumpp.com\/fr\/wp-json\/wp\/v2\/service_type?post=1717"}],"curies":[{"name":"wp","href":"https:\/\/api.w.org\/{rel}","templated":true}]}}