{"id":1703,"date":"2022-11-30T13:02:50","date_gmt":"2022-11-30T12:02:50","guid":{"rendered":"https:\/\/klumppmueller.kopfmedia.de\/fret-maritime\/"},"modified":"2023-12-06T15:07:33","modified_gmt":"2023-12-06T14:07:33","slug":"fret-maritime","status":"publish","type":"page","link":"https:\/\/www.klumpp.com\/fr\/fret-maritime\/","title":{"rendered":"Fret maritime"},"content":{"rendered":"<p>[et_pb_section fb_built=&#8221;1&#8243; module_id=&#8221;page-hero&#8221; _builder_version=&#8221;4.22.1&#8243; _module_preset=&#8221;default&#8221; use_background_color_gradient=&#8221;on&#8221; background_color_gradient_stops=&#8221;rgba(0,0,0,0.2) 0%|rgba(0,0,0,0.2) 100%&#8221; background_color_gradient_overlays_image=&#8221;on&#8221; background_image=&#8221;https:\/\/klumpp-19a5a.kxcdn.com\/wp-content\/uploads\/2023\/10\/kopfmedia_klumppmueller_seefracht-2000px.jpg&#8221; height=&#8221;750px&#8221; max_height=&#8221;90vh&#8221; custom_margin=&#8221;0px||0px||false|false&#8221; custom_padding=&#8221;0px||0px||false|false&#8221; global_colors_info=&#8221;{}&#8221;][et_pb_row column_structure=&#8221;2_5,3_5&#8243; _builder_version=&#8221;4.19.2&#8243; _module_preset=&#8221;default&#8221; width=&#8221;90%&#8221; max_width=&#8221;2000px&#8221; custom_margin=&#8221;|auto|100px|auto||&#8221; global_colors_info=&#8221;{}&#8221; max_width__hover_enabled=&#8221;on|desktop&#8221; max_width__hover=&#8221;2000px&#8221;][et_pb_column type=&#8221;2_5&#8243; _builder_version=&#8221;4.19.2&#8243; _module_preset=&#8221;default&#8221; global_colors_info=&#8221;{}&#8221;][et_pb_code _builder_version=&#8221;4.19.2&#8243; _module_preset=&#8221;default&#8221; global_colors_info=&#8221;{}&#8221;][\/et_pb_code][et_pb_text _builder_version=&#8221;4.20.0&#8243; _module_preset=&#8221;default&#8221; text_text_color=&#8221;#FFFFFF&#8221; header_text_color=&#8221;#FFFFFF&#8221; custom_margin=&#8221;||20px||false|false&#8221; global_colors_info=&#8221;{}&#8221;]<\/p>\n<p><span>Logistique<\/span><\/p>\n<p>[\/et_pb_text][et_pb_text _builder_version=&#8221;4.23.1&#8243; _module_preset=&#8221;default&#8221; header_text_color=&#8221;#FFFFFF&#8221; global_colors_info=&#8221;{}&#8221;]<\/p>\n<h1>Fret maritime.<\/br>Mondial.<\/h1>\n<p>[\/et_pb_text][et_pb_button button_url=&#8221;#fret-maritime&#8221; button_text=&#8221;en savoir plus&#8221; module_id=&#8221;seefracht-transport&#8221; _builder_version=&#8221;4.19.2&#8243; _module_preset=&#8221;default&#8221; custom_button=&#8221;on&#8221; button_text_color=&#8221;#FFFFFF&#8221; button_border_radius=&#8221;30px&#8221; global_colors_info=&#8221;{}&#8221;][\/et_pb_button][\/et_pb_column][et_pb_column type=&#8221;3_5&#8243; _builder_version=&#8221;4.19.2&#8243; _module_preset=&#8221;default&#8221; global_colors_info=&#8221;{}&#8221;][\/et_pb_column][\/et_pb_row][et_pb_row disabled_on=&#8221;on|on|off&#8221; _builder_version=&#8221;4.19.2&#8243; _module_preset=&#8221;default&#8221; width=&#8221;90%&#8221; max_width=&#8221;2000px&#8221; custom_margin=&#8221;100px|auto|0px|auto|false|false&#8221; custom_padding=&#8221;0px||0px||false|false&#8221; global_colors_info=&#8221;{}&#8221;][et_pb_column type=&#8221;4_4&#8243; _builder_version=&#8221;4.19.2&#8243; _module_preset=&#8221;default&#8221; global_colors_info=&#8221;{}&#8221;][et_pb_code _builder_version=&#8221;4.19.2&#8243; _module_preset=&#8221;default&#8221; min_height=&#8221;50px&#8221; global_colors_info=&#8221;{}&#8221;][\/et_pb_code][\/et_pb_column][\/et_pb_row][\/et_pb_section][et_pb_section fb_built=&#8221;1&#8243; _builder_version=&#8221;4.19.2&#8243; _module_preset=&#8221;default&#8221; global_colors_info=&#8221;{}&#8221;][et_pb_row column_structure=&#8221;1_2,1_2&#8243; make_equal=&#8221;on&#8221; module_id=&#8221;fret-maritime&#8221; _builder_version=&#8221;4.20.2&#8243; _module_preset=&#8221;default&#8221; use_background_color_gradient=&#8221;on&#8221; background_color_gradient_stops=&#8221;#fafafa 0%|#fafafa 100%&#8221; background_image=&#8221;https:\/\/klumpp-19a5a.kxcdn.com\/wp-content\/uploads\/2022\/11\/v5-small-outline-1.svg&#8221; background_size=&#8221;initial&#8221; background_position=&#8221;center_left&#8221; min_height=&#8221;350px&#8221; custom_margin=&#8221;50px|auto|50px|auto||&#8221; custom_padding=&#8221;40px|40px|40px|40px|false|false&#8221; global_colors_info=&#8221;{}&#8221;][et_pb_column type=&#8221;1_2&#8243; _builder_version=&#8221;4.19.2&#8243; _module_preset=&#8221;default&#8221; custom_css_main_element=&#8221;display: flex;||flex-direction: column;||justify-content: space-between;&#8221; global_colors_info=&#8221;{}&#8221;][et_pb_text _builder_version=&#8221;4.19.2&#8243; _module_preset=&#8221;default&#8221; global_colors_info=&#8221;{}&#8221;]<\/p>\n<p class=\"pre-heading\">Service<\/p>\n<h2>De la prise en charge \u00e0 la livraison.<\/h2>\n<p>[\/et_pb_text][et_pb_text _builder_version=&#8221;4.19.2&#8243; _module_preset=&#8221;default&#8221; text_font_size=&#8221;45px&#8221; text_font_size_tablet=&#8221;20px&#8221; text_font_size_phone=&#8221;15px&#8221; text_font_size_last_edited=&#8221;on|phone&#8221; global_colors_info=&#8221;{}&#8221;]<span class=\"icon-klumppmueller-logo\"><span class=\"path1\"><\/span><span class=\"path2\"><\/span><span class=\"path3\"><\/span><span class=\"path4\"><\/span><span class=\"path5\"><\/span><span class=\"path6\"><\/span><span class=\"path7\"><\/span><span class=\"path8\"><\/span><span class=\"path9\"><\/span><span class=\"path10\"><\/span><span class=\"path11\"><\/span><span class=\"path12\"><\/span><span class=\"path13\"><\/span><span class=\"path14\"><\/span><span class=\"path15\"><\/span><span class=\"path16\"><\/span><\/span>[\/et_pb_text][\/et_pb_column][et_pb_column type=&#8221;1_2&#8243; _builder_version=&#8221;4.19.2&#8243; _module_preset=&#8221;default&#8221; custom_css_main_element=&#8221;display: flex;||flex-direction: column;||justify-content: space-between;&#8221; global_colors_info=&#8221;{}&#8221;][et_pb_text _builder_version=&#8221;4.20.0&#8243; _module_preset=&#8221;default&#8221; global_colors_info=&#8221;{}&#8221;]<\/p>\n<p>Nous organisons pour vous le d\u00e9roulement complet des transports de fret maritime.<br \/>Tout est compris, de l&#8217;enl\u00e8vement \u00e0 la livraison. Profitez de notre prise en charge compl\u00e8te, vous n&#8217;aurez \u00e0 vous occuper de rien.<\/p>\n<p>[\/et_pb_text][et_pb_button button_url=&#8221;https:\/\/www.klumpp.com\/kontakt\/&#8221; url_new_window=&#8221;on&#8221; button_text=&#8221;Recevoir un devis&#8221; _builder_version=&#8221;4.19.2&#8243; _module_preset=&#8221;default&#8221; custom_button=&#8221;on&#8221; button_text_size=&#8221;15px&#8221; button_text_color=&#8221;#000000&#8243; button_border_width=&#8221;2px&#8221; button_border_radius=&#8221;30px&#8221; button_font=&#8221;|300|||||||&#8221; global_colors_info=&#8221;{}&#8221;][\/et_pb_button][\/et_pb_column][\/et_pb_row][\/et_pb_section][et_pb_section fb_built=&#8221;1&#8243; _builder_version=&#8221;4.19.2&#8243; _module_preset=&#8221;default&#8221; global_colors_info=&#8221;{}&#8221;][et_pb_row column_structure=&#8221;1_4,1_4,1_4,1_4&#8243; _builder_version=&#8221;4.19.2&#8243; _module_preset=&#8221;default&#8221; global_colors_info=&#8221;{}&#8221;][et_pb_column type=&#8221;1_4&#8243; _builder_version=&#8221;4.19.2&#8243; _module_preset=&#8221;default&#8221; global_colors_info=&#8221;{}&#8221;][et_pb_image src=&#8221;https:\/\/klumpp-19a5a.kxcdn.com\/wp-content\/uploads\/2023\/02\/kopfmedia-klumpp-mueller-seefracht-transport-2000px-5.webp&#8221; title_text=&#8221;kopfmedia-klumpp-mueller-seefracht-transport-2000px-5&#8243; module_class=&#8221;pa-image-3-4&#8243; _builder_version=&#8221;4.19.2&#8243; _module_preset=&#8221;default&#8221; global_colors_info=&#8221;{}&#8221;][\/et_pb_image][\/et_pb_column][et_pb_column type=&#8221;1_4&#8243; _builder_version=&#8221;4.19.2&#8243; _module_preset=&#8221;default&#8221; global_colors_info=&#8221;{}&#8221;][et_pb_image src=&#8221;https:\/\/klumpp-19a5a.kxcdn.com\/wp-content\/uploads\/2023\/02\/kopfmedia-klumpp-mueller-seefracht-transport-2000px-2-scaled.webp&#8221; title_text=&#8221;kopfmedia-klumpp-mueller-seefracht-transport-2000px-2&#8243; module_class=&#8221;pa-image-3-4&#8243; _builder_version=&#8221;4.19.2&#8243; _module_preset=&#8221;default&#8221; global_colors_info=&#8221;{}&#8221;][\/et_pb_image][\/et_pb_column][et_pb_column type=&#8221;1_4&#8243; _builder_version=&#8221;4.19.2&#8243; _module_preset=&#8221;default&#8221; global_colors_info=&#8221;{}&#8221;][et_pb_image src=&#8221;https:\/\/klumpp-19a5a.kxcdn.com\/wp-content\/uploads\/2023\/02\/kopfmedia-klumpp-mueller-seefracht-transport-2000px-3.webp&#8221; title_text=&#8221;kopfmedia-klumpp-mueller-seefracht-transport-2000px-3&#8243; module_class=&#8221;pa-image-3-4&#8243; _builder_version=&#8221;4.19.2&#8243; _module_preset=&#8221;default&#8221; global_colors_info=&#8221;{}&#8221;][\/et_pb_image][\/et_pb_column][et_pb_column type=&#8221;1_4&#8243; _builder_version=&#8221;4.19.2&#8243; _module_preset=&#8221;default&#8221; global_colors_info=&#8221;{}&#8221;][et_pb_image src=&#8221;https:\/\/klumpp-19a5a.kxcdn.com\/wp-content\/uploads\/2023\/02\/kopfmedia-klumpp-mueller-seefracht-transport-2000px-4.webp&#8221; title_text=&#8221;kopfmedia-klumpp-mueller-seefracht-transport-2000px-4&#8243; module_class=&#8221;pa-image-3-4&#8243; _builder_version=&#8221;4.19.2&#8243; _module_preset=&#8221;default&#8221; global_colors_info=&#8221;{}&#8221;][\/et_pb_image][\/et_pb_column][\/et_pb_row][\/et_pb_section][et_pb_section fb_built=&#8221;1&#8243; _builder_version=&#8221;4.19.2&#8243; _module_preset=&#8221;default&#8221; global_colors_info=&#8221;{}&#8221;][et_pb_row column_structure=&#8221;1_2,1_2&#8243; _builder_version=&#8221;4.19.2&#8243; _module_preset=&#8221;default&#8221; global_colors_info=&#8221;{}&#8221;][et_pb_column type=&#8221;1_2&#8243; _builder_version=&#8221;4.19.2&#8243; _module_preset=&#8221;default&#8221; global_colors_info=&#8221;{}&#8221;][et_pb_text _builder_version=&#8221;4.19.2&#8243; _module_preset=&#8221;default&#8221; global_colors_info=&#8221;{}&#8221;]<\/p>\n<p class=\"pre-heading\">Logistique<\/p>\n<h2>Nos prestations <br \/>pour le fret maritime<\/h2>\n<p>[\/et_pb_text][\/et_pb_column][et_pb_column type=&#8221;1_2&#8243; _builder_version=&#8221;4.19.2&#8243; _module_preset=&#8221;default&#8221; global_colors_info=&#8221;{}&#8221;][et_pb_text _builder_version=&#8221;4.23.1&#8243; _module_preset=&#8221;default&#8221; global_colors_info=&#8221;{}&#8221;]<\/p>\n<p>Profitez de nos bons contacts et de notre longue exp\u00e9rience, qui sont d&#8217;une valeur inestimable pour les transports mondial. Nous travaillons main dans la main avec des partenaires et des agents de premier ordre. Nous \u00e9tablissons les documents n\u00e9cessaires et nous nous chargeons de toutes les formalit\u00e9s.<\/p>\n<p>[\/et_pb_text][\/et_pb_column][\/et_pb_row][et_pb_row _builder_version=&#8221;4.19.2&#8243; _module_preset=&#8221;default&#8221; global_colors_info=&#8221;{}&#8221;][et_pb_column type=&#8221;4_4&#8243; _builder_version=&#8221;4.19.2&#8243; _module_preset=&#8221;default&#8221; global_colors_info=&#8221;{}&#8221;][et_pb_code _builder_version=&#8221;4.20.0&#8243; _module_preset=&#8221;default&#8221; global_colors_info=&#8221;{}&#8221;]<\/p>\n<div class=\"badge-container\"><!-- [et_pb_line_break_holder] -->  <\/p>\n<div class=\"km-badge\"><!-- [et_pb_line_break_holder] -->    \t<span class=\"icon-check\"><\/span><!-- [et_pb_line_break_holder] -->    \t<span>Gestion fiable du transport<\/span><!-- [et_pb_line_break_holder] -->  <\/div>\n<p><!-- [et_pb_line_break_holder] -->  <\/p>\n<div class=\"km-badge\"><!-- [et_pb_line_break_holder] -->    \t<span class=\"icon-document\"><\/span><!-- [et_pb_line_break_holder] -->    \t<span>Formalit\u00e9s en douane<\/span><!-- [et_pb_line_break_holder] -->  <\/div>\n<p><!-- [et_pb_line_break_holder] -->  <\/p>\n<div class=\"km-badge\"><!-- [et_pb_line_break_holder] -->    \t<span class=\"icon-list-check\"><\/span><!-- [et_pb_line_break_holder] -->    \t<span>D\u00e9douanement \u00e9lectronique<\/span><!-- [et_pb_line_break_holder] -->  <\/div>\n<p><!-- [et_pb_line_break_holder] -->  <\/p>\n<div class=\"km-badge\"><!-- [et_pb_line_break_holder] -->    \t<span class=\"icon-shield\"><\/span><!-- [et_pb_line_break_holder] -->    \t<span>Assurance transport<\/span><!-- [et_pb_line_break_holder] -->  <\/div>\n<p><!-- [et_pb_line_break_holder] --><\/div>\n<p>[\/et_pb_code][\/et_pb_column][\/et_pb_row][\/et_pb_section][et_pb_section fb_built=&#8221;1&#8243; _builder_version=&#8221;4.19.2&#8243; _module_preset=&#8221;default&#8221; use_background_color_gradient=&#8221;on&#8221; background_color_gradient_stops=&#8221;rgba(0,0,0,0.5) 0%|rgba(0,0,0,0.5) 100%&#8221; background_color_gradient_overlays_image=&#8221;on&#8221; background_image=&#8221;https:\/\/klumpp-19a5a.kxcdn.com\/wp-content\/uploads\/2023\/03\/kopfmedia-klumpp-mueller-seefracht-transport-2000px-7-min.webp&#8221; background_position=&#8221;top_center&#8221; background_vertical_offset=&#8221;84%&#8221; global_colors_info=&#8221;{}&#8221;][et_pb_row make_equal=&#8221;on&#8221; _builder_version=&#8221;4.20.0&#8243; _module_preset=&#8221;default&#8221; min_height=&#8221;400px&#8221; global_colors_info=&#8221;{}&#8221;][et_pb_column type=&#8221;4_4&#8243; _builder_version=&#8221;4.19.2&#8243; _module_preset=&#8221;default&#8221; custom_css_main_element=&#8221;margin: auto;&#8221; global_colors_info=&#8221;{}&#8221;][et_pb_text _builder_version=&#8221;4.20.0&#8243; _module_preset=&#8221;default&#8221; text_text_color=&#8221;#FFFFFF&#8221; header_text_color=&#8221;#FFFFFF&#8221; global_colors_info=&#8221;{}&#8221;]<\/p>\n<p class=\"pre-heading\" style=\"color: #fff;\">Service<\/p>\n<h2 style=\"color: #fff;\">Profitez de plus de 300 ports d&#8217;escale dans le monde entier.<\/h2>\n<p>[\/et_pb_text][\/et_pb_column][\/et_pb_row][\/et_pb_section][et_pb_section fb_built=&#8221;1&#8243; _builder_version=&#8221;4.19.2&#8243; _module_preset=&#8221;default&#8221; background_color=&#8221;gcid-b472266d-d527-4440-94b6-3198b7ab36ef&#8221; global_colors_info=&#8221;{%22gcid-b472266d-d527-4440-94b6-3198b7ab36ef%22:%91%22background_color%22%93}&#8221;][et_pb_row column_structure=&#8221;2_5,3_5&#8243; _builder_version=&#8221;4.19.2&#8243; _module_preset=&#8221;default&#8221; global_colors_info=&#8221;{}&#8221;][et_pb_column type=&#8221;2_5&#8243; _builder_version=&#8221;4.19.2&#8243; _module_preset=&#8221;default&#8221; global_colors_info=&#8221;{}&#8221;][et_pb_text _builder_version=&#8221;4.20.0&#8243; _module_preset=&#8221;default&#8221; global_colors_info=&#8221;{}&#8221;]<\/p>\n<p class=\"pre-heading\">Logistique<\/p>\n<h2>En savoir plus sur nos modes de transport<\/h2>\n<p>[\/et_pb_text][\/et_pb_column][et_pb_column type=&#8221;3_5&#8243; _builder_version=&#8221;4.19.2&#8243; _module_preset=&#8221;default&#8221; global_colors_info=&#8221;{}&#8221;][\/et_pb_column][\/et_pb_row][et_pb_row _builder_version=&#8221;4.19.2&#8243; _module_preset=&#8221;default&#8221; width_tablet=&#8221;&#8221; width_phone=&#8221;100%&#8221; width_last_edited=&#8221;on|phone&#8221; global_colors_info=&#8221;{}&#8221;][et_pb_column type=&#8221;4_4&#8243; _builder_version=&#8221;4.19.2&#8243; _module_preset=&#8221;default&#8221; global_colors_info=&#8221;{}&#8221;][et_pb_code _builder_version=&#8221;4.20.0&#8243; _module_preset=&#8221;default&#8221; global_colors_info=&#8221;{}&#8221;]<div class=\"card-slider\">    <div>\r\n        <div class=\"card-slide not-selected-slide\">\r\n            <div class=\"card-overlay\">\r\n                <div class=\"card-text\">\r\n                    <a href=\"https:\/\/www.klumpp.com\/fr\/transports-ferroviaires\/\">\r\n                        <p class='pre-heading'>\r\n                            Logistique                        <\/p>\r\n                        <h3>Transports ferroviaires<\/h3>                    <\/a>\r\n                <\/div>\r\n                <a class=\"btn-pill\" href=\"https:\/\/www.klumpp.com\/fr\/transports-ferroviaires\/\">\r\n                    learn more                <\/a>\r\n            <\/div>\r\n\r\n                            <img decoding=\"async\" src=\"https:\/\/klumpp-19a5a.kxcdn.com\/wp-content\/uploads\/2023\/10\/kopfmedia_klumppmueller_thumbnail-bahn-transporte-2000px-768x858.jpg\"\r\n                    alt=\"Terminal bei der Spedition Klumpp + M\u00fcller\" \/>\r\n                    <\/div>\r\n    <\/div>\r\n        <div>\r\n        <div class=\"card-slide not-selected-slide\">\r\n            <div class=\"card-overlay\">\r\n                <div class=\"card-text\">\r\n                    <a href=\"https:\/\/www.klumpp.com\/fr\/fret-aerien\/\">\r\n                        <p class='pre-heading'>\r\n                            Logistique                        <\/p>\r\n                        <h3>Fret a\u00e9rien<\/h3>                    <\/a>\r\n                <\/div>\r\n                <a class=\"btn-pill\" href=\"https:\/\/www.klumpp.com\/fr\/fret-aerien\/\">\r\n                    learn more                <\/a>\r\n            <\/div>\r\n\r\n                            <img decoding=\"async\" src=\"https:\/\/klumpp-19a5a.kxcdn.com\/wp-content\/uploads\/2023\/03\/kopfmedia-klumpp-mueller-luftfracht-transport-2000px-768x512.webp\"\r\n                    alt=\"Ein Laderaum eines Frachtflugzeugs das Klumpp + M\u00fcller benutzt\" \/>\r\n                    <\/div>\r\n    <\/div>\r\n    <\/div>[\/et_pb_code][\/et_pb_column][\/et_pb_row][\/et_pb_section][et_pb_section fb_built=&#8221;1&#8243; _builder_version=&#8221;4.23.1&#8243; _module_preset=&#8221;default&#8221; background_image=&#8221;https:\/\/klumpp-19a5a.kxcdn.com\/wp-content\/uploads\/2023\/12\/schwarzwald-fabian_mueller-photography.jpg&#8221; parallax=&#8221;on&#8221; locked=&#8221;off&#8221; global_colors_info=&#8221;{}&#8221; global_module=&#8221;6512&#8243; theme_builder_area=&#8221;post_content&#8221;][et_pb_row column_structure=&#8221;1_2,1_2&#8243; make_equal=&#8221;on&#8221; _builder_version=&#8221;4.23.1&#8243; _module_preset=&#8221;default&#8221; min_height=&#8221;700px&#8221; custom_css_main_element=&#8221;align-items: center;&#8221; global_colors_info=&#8221;{}&#8221; theme_builder_area=&#8221;post_content&#8221;][et_pb_column type=&#8221;1_2&#8243; _builder_version=&#8221;4.23.1&#8243; _module_preset=&#8221;default&#8221; global_colors_info=&#8221;{}&#8221; theme_builder_area=&#8221;post_content&#8221;][et_pb_text _builder_version=&#8221;4.23.1&#8243; _module_preset=&#8221;default&#8221; text_text_color=&#8221;#FFFFFF&#8221; header_2_text_color=&#8221;#FFFFFF&#8221; global_colors_info=&#8221;{}&#8221; theme_builder_area=&#8221;post_content&#8221;]<\/p>\n<p class=\"pre-heading\" style=\"color: white;\"><span>Votre transporteur local : Proche. Durable et respectueux de l&#8217;environnement. Fiable et de qualit\u00e9.<\/span><\/p>\n<h2 style=\"color: white;\"><span>Klumpp + M\u00fcller \u00e0 Kehl : votre expert en transport pour des solutions de transport durables<\/span><\/h2>\n<p>[\/et_pb_text][et_pb_text _builder_version=&#8221;4.23.1&#8243; _module_preset=&#8221;default&#8221; text_text_color=&#8221;#FFFFFF&#8221; global_colors_info=&#8221;{}&#8221; theme_builder_area=&#8221;post_content&#8221;]<\/p>\n<p><span>En tant qu&#8217;entreprise de transport leader sur le site de Kehl, Klumpp + M\u00fcller propose des solutions de transport innovantes. Notre plaque tournante trimodale dans le port de Kehl relie la route, le rail et les voies navigables pour un transport de marchandises efficace et souligne notre comp\u00e9tence dans le secteur de l&#8217;exp\u00e9dition. Nous servons les entreprises locales de l&#8217;Ortenau et des districts voisins en mettant l&#8217;accent sur la durabilit\u00e9 et l&#8217;efficacit\u00e9.<\/span><\/p>\n<p>[\/et_pb_text][\/et_pb_column][et_pb_column type=&#8221;1_2&#8243; _builder_version=&#8221;4.23.1&#8243; _module_preset=&#8221;default&#8221; global_colors_info=&#8221;{}&#8221; theme_builder_area=&#8221;post_content&#8221;][et_pb_code _builder_version=&#8221;4.23.1&#8243; _module_preset=&#8221;default&#8221; custom_margin=&#8221;||||false|false&#8221; custom_padding=&#8221;||||false|false&#8221; custom_css_main_element=&#8221;.km-badge {||  border: 1px solid white;||  background-color: transparent;||  color: white;||}||||.km-badge span {||  color: white;||}||||||.km-badge .icon-check {||  color: white;||}||&#8221; custom_css_free_form=&#8221;.km-badge {||  margin-top: 5px; ||  margin-right: 5px; ||}||&#8221; global_colors_info=&#8221;{}&#8221; theme_builder_area=&#8221;post_content&#8221;]<\/p>\n<div class=\"badge-container\"><!-- [et_pb_line_break_holder] -->    <\/p>\n<div class=\"km-badge\"><!-- [et_pb_line_break_holder] -->        <span class=\"icon-check\"><\/span><!-- [et_pb_line_break_holder] -->        <span>Kehl<\/span><!-- [et_pb_line_break_holder] -->    <\/div>\n<p><!-- [et_pb_line_break_holder] -->    <\/p>\n<div class=\"km-badge\"><!-- [et_pb_line_break_holder] -->        <span class=\"icon-check\"><\/span><!-- [et_pb_line_break_holder] -->        <span>Offenburg<\/span><!-- [et_pb_line_break_holder] -->    <\/div>\n<p><!-- [et_pb_line_break_holder] -->    <\/p>\n<div class=\"km-badge\"><!-- [et_pb_line_break_holder] -->        <span class=\"icon-check\"><\/span><!-- [et_pb_line_break_holder] -->        <span>Achern<\/span><!-- [et_pb_line_break_holder] -->    <\/div>\n<p><!-- [et_pb_line_break_holder] -->    <\/p>\n<div class=\"km-badge\"><!-- [et_pb_line_break_holder] -->        <span class=\"icon-check\"><\/span><!-- [et_pb_line_break_holder] -->        <span>Oberkirch<\/span><!-- [et_pb_line_break_holder] -->    <\/div>\n<p><!-- [et_pb_line_break_holder] -->    <\/p>\n<div class=\"km-badge\"><!-- [et_pb_line_break_holder] -->        <span class=\"icon-check\"><\/span><!-- [et_pb_line_break_holder] -->        <span>Durbach<\/span><!-- [et_pb_line_break_holder] -->    <\/div>\n<p><!-- [et_pb_line_break_holder] -->    <\/p>\n<div class=\"km-badge\"><!-- [et_pb_line_break_holder] -->        <span class=\"icon-check\"><\/span><!-- [et_pb_line_break_holder] -->        <span>Lahr<\/span><!-- [et_pb_line_break_holder] -->    <\/div>\n<p><!-- [et_pb_line_break_holder] -->    <\/p>\n<div class=\"km-badge\"><!-- [et_pb_line_break_holder] -->        <span class=\"icon-check\"><\/span><!-- [et_pb_line_break_holder] -->        <span>Rheinau<\/span><!-- [et_pb_line_break_holder] -->    <\/div>\n<p><!-- [et_pb_line_break_holder] -->   <\/p>\n<div class=\"km-badge\"><!-- [et_pb_line_break_holder] -->        <span class=\"icon-check\"><\/span><!-- [et_pb_line_break_holder] -->        <span>Rheinau<\/span><!-- [et_pb_line_break_holder] -->    <\/div>\n<p><!-- [et_pb_line_break_holder] -->   <\/p>\n<div class=\"km-badge\"><!-- [et_pb_line_break_holder] -->        <span class=\"icon-check\"><\/span><!-- [et_pb_line_break_holder] -->        <span>Baden Baden<\/span><!-- [et_pb_line_break_holder] -->    <\/div>\n<p><!-- [et_pb_line_break_holder] -->   <\/p>\n<div class=\"km-badge\"><!-- [et_pb_line_break_holder] -->        <span class=\"icon-check\"><\/span><!-- [et_pb_line_break_holder] -->        <span>Oppenau<\/span><!-- [et_pb_line_break_holder] -->    <\/div>\n<p><!-- [et_pb_line_break_holder] -->   <\/p>\n<div class=\"km-badge\"><!-- [et_pb_line_break_holder] -->        <span class=\"icon-check\"><\/span><!-- [et_pb_line_break_holder] -->        <span>Freudenstadt<\/span><!-- [et_pb_line_break_holder] -->    <\/div>\n<p><!-- [et_pb_line_break_holder] -->   <\/p>\n<div class=\"km-badge\"><!-- [et_pb_line_break_holder] -->        <span class=\"icon-check\"><\/span><!-- [et_pb_line_break_holder] -->        <span>B\u00fchl<\/span><!-- [et_pb_line_break_holder] -->    <\/div>\n<p><!-- [et_pb_line_break_holder] -->   <\/p>\n<div class=\"km-badge\"><!-- [et_pb_line_break_holder] -->        <span class=\"icon-check\"><\/span><!-- [et_pb_line_break_holder] -->        <span>Gaggenau<\/span><!-- [et_pb_line_break_holder] -->    <\/div>\n<p><!-- [et_pb_line_break_holder] -->   <\/p>\n<div class=\"km-badge\"><!-- [et_pb_line_break_holder] -->        <span class=\"icon-check\"><\/span><!-- [et_pb_line_break_holder] -->        <span>Gernsbach<\/span><!-- [et_pb_line_break_holder] -->    <\/div>\n<p><!-- [et_pb_line_break_holder] -->   <\/p>\n<div class=\"km-badge\"><!-- [et_pb_line_break_holder] -->        <span class=\"icon-check\"><\/span><!-- [et_pb_line_break_holder] -->        <span>Karlsruhe<\/span><!-- [et_pb_line_break_holder] -->    <\/div>\n<p><!-- [et_pb_line_break_holder] -->   <\/p>\n<div class=\"km-badge\"><!-- [et_pb_line_break_holder] -->        <span class=\"icon-check\"><\/span><!-- [et_pb_line_break_holder] -->        <span>et bien d&#8217;autres encore&#8230;<\/span><!-- [et_pb_line_break_holder] -->    <\/div>\n<p><!-- [et_pb_line_break_holder] --><\/div>\n<p><!-- [et_pb_line_break_holder] -->[\/et_pb_code][\/et_pb_column][\/et_pb_row][\/et_pb_section]<\/p>\n","protected":false},"excerpt":{"rendered":"<p>LogistiqueFret a\u00e9rien. Mondial. Solution logistique tout compris \u00e0 KehlService De la prise en charge \u00e0 la livraison.Nous organisons pour vous le d\u00e9roulement complet des transports de fret a\u00e9rien. Tout est compris, de l&#8217;enl\u00e8vement \u00e0 la livraison. Profitez de notre prise en charge compl\u00e8te, o\u00f9 vous n&#8217;avez \u00e0 vous occuper de rien.Logistique du transport Nos prestations [&hellip;]<\/p>\n","protected":false},"author":1,"featured_media":4813,"parent":0,"menu_order":0,"comment_status":"closed","ping_status":"closed","template":"","meta":{"_acf_changed":false,"_et_pb_use_builder":"on","_et_pb_old_content":"","_et_gb_content_width":"","inline_featured_image":false,"footnotes":""},"categories":[],"tags":[37,26],"service_type":[],"class_list":["post-1703","page","type-page","status-publish","has-post-thumbnail","hentry","tag-logistique","tag-transportlogistik"],"acf":[],"tag_names":["Logistique","Transportlogistik"],"category_names":[],"thumbnail":"https:\/\/klumpp-19a5a.kxcdn.com\/wp-content\/uploads\/2023\/10\/kopfmedia_klumppmueller_thumbnail-seefracht-2000px.jpg","_links":{"self":[{"href":"https:\/\/www.klumpp.com\/fr\/wp-json\/wp\/v2\/pages\/1703","targetHints":{"allow":["GET"]}}],"collection":[{"href":"https:\/\/www.klumpp.com\/fr\/wp-json\/wp\/v2\/pages"}],"about":[{"href":"https:\/\/www.klumpp.com\/fr\/wp-json\/wp\/v2\/types\/page"}],"author":[{"embeddable":true,"href":"https:\/\/www.klumpp.com\/fr\/wp-json\/wp\/v2\/users\/1"}],"replies":[{"embeddable":true,"href":"https:\/\/www.klumpp.com\/fr\/wp-json\/wp\/v2\/comments?post=1703"}],"version-history":[{"count":30,"href":"https:\/\/www.klumpp.com\/fr\/wp-json\/wp\/v2\/pages\/1703\/revisions"}],"predecessor-version":[{"id":6514,"href":"https:\/\/www.klumpp.com\/fr\/wp-json\/wp\/v2\/pages\/1703\/revisions\/6514"}],"wp:featuredmedia":[{"embeddable":true,"href":"https:\/\/www.klumpp.com\/fr\/wp-json\/wp\/v2\/media\/4813"}],"wp:attachment":[{"href":"https:\/\/www.klumpp.com\/fr\/wp-json\/wp\/v2\/media?parent=1703"}],"wp:term":[{"taxonomy":"category","embeddable":true,"href":"https:\/\/www.klumpp.com\/fr\/wp-json\/wp\/v2\/categories?post=1703"},{"taxonomy":"post_tag","embeddable":true,"href":"https:\/\/www.klumpp.com\/fr\/wp-json\/wp\/v2\/tags?post=1703"},{"taxonomy":"service_type","embeddable":true,"href":"https:\/\/www.klumpp.com\/fr\/wp-json\/wp\/v2\/service_type?post=1703"}],"curies":[{"name":"wp","href":"https:\/\/api.w.org\/{rel}","templated":true}]}}